{"id":163,"date":"2020-01-27T14:41:36","date_gmt":"2020-01-27T13:41:36","guid":{"rendered":"http:\/\/wp.ljv-sachsen-anhalt.de\/jaegerschaft-burg\/?page_id=163"},"modified":"2026-01-07T14:23:43","modified_gmt":"2026-01-07T13:23:43","slug":"jahresbeitrag","status":"publish","type":"page","link":"https:\/\/ljv-sachsen-anhalt.de\/jaegerschaft-burg\/jahresbeitrag\/","title":{"rendered":"Jahresbeitrag"},"content":{"rendered":"<div class=\"wpb-content-wrapper\"><p>[vc_row][vc_column width=&#8220;1\/2&#8243;][vc_column_text css=&#8220;&#8220;]<\/p>\n<h3><strong>Jahresbeitrag f\u00fcr J\u00e4gerschaft und Jagdhaftpflichtversicherung<br \/>\n<\/strong><\/h3>\n<p>&nbsp;<\/p>\n<p>Der Jahresbeitrag betr\u00e4gt derzeit im Jagdjahr:<\/p>\n<table id=\"CM15de73e92412b685a10260c88\" class=\"cm_table\">\n<tbody>\n<tr class=\"cm_table cm_firstrow\">\n<td class=\"cm_table cm_firstcol\">Beitrag Bundes-\/ Landesj\u00e4gerschaft<\/td>\n<td class=\"cm_table cm_lastcol\">70,00 \u20ac<\/td>\n<\/tr>\n<tr class=\"cm_table\">\n<td class=\"cm_table cm_firstcol\">Beitrag J\u00e4gerschaft Burg<\/td>\n<td class=\"cm_table cm_lastcol\">15,00 \u20ac<\/td>\n<\/tr>\n<tr class=\"cm_table\">\n<td class=\"cm_table cm_firstcol\" style=\"text-align: left\"><strong>Summe<\/strong><\/p>\n<p>&nbsp;<\/td>\n<td class=\"cm_table cm_lastcol\"><strong>85,00 \u20ac<\/strong><\/p>\n<p>&nbsp;<\/td>\n<\/tr>\n<tr class=\"cm_table\">\n<td class=\"cm_table cm_firstcol\"><\/td>\n<td class=\"cm_table cm_lastcol\"><\/td>\n<\/tr>\n<tr class=\"cm_table\">\n<td class=\"cm_table cm_firstcol\">Jagdhaftpflichtversicherung<\/td>\n<td class=\"cm_table cm_lastcol\">27,00 \u20ac<\/td>\n<\/tr>\n<tr class=\"cm_table\">\n<td class=\"cm_table cm_firstcol\"><strong>Summe mit Haftpflichtversicherung<\/strong><\/td>\n<td class=\"cm_table cm_lastcol\"><strong>112,00 \u20ac<\/strong><\/td>\n<\/tr>\n<\/tbody>\n<\/table>\n<p>&nbsp;<\/p>\n<p>Der Betrag muss bis zum 31.3. eines Jahres f\u00fcr das am 01.04. beginnende Jagdjahr auf dem Konto der J\u00e4gerschaft eingegangen sein. Die Bankverbindung f\u00fcr die \u00dcberweisung ist:<\/p>\n<p><strong>Sparkasse\u00a0<\/strong><b>MagdeBurg<\/b><\/p>\n<h5>IBAN: DE48 8105 3272 0511 0074 85<br \/>\nBIC: <b>NOLADE21MDG<\/b><\/h5>\n<p>Alternativ kann der Beitrag auch eingezogen werden. \u00a0Hier finden Sie das n\u00f6tige <strong><a href=\"https:\/\/ljv-sachsen-anhalt.de\/jaegerschaft-burg\/wp-content\/uploads\/sites\/6\/2022\/01\/Lastschriftmandat-Jaegerschaft-Burg0.pdf\">Lastschriftmandat .<\/a><\/strong>[\/vc_column_text][\/vc_column][vc_column width=&#8220;1\/2&#8243;][vc_single_image image=&#8220;431&#8243; img_size=&#8220;large&#8220;][vc_column_text]<a href=\"https:\/\/ljv-sachsen-anhalt.de\/wp-content\/uploads\/2019\/12\/1versicherungsbedingungen_haftunfallrechtsschutz_ab_1_4.pdf\">Hier gehts zu den Versicherungsbedingungen!<\/a><\/p>\n<p>[\/vc_column_text][\/vc_column][\/vc_row]<\/p>\n<\/div>","protected":false},"excerpt":{"rendered":"<p>[vc_row][vc_column width=&#8220;1\/2&#8243;][vc_column_text css=&#8220;&#8220;] Jahresbeitrag f\u00fcr J\u00e4gerschaft und Jagdhaftpflichtversicherung &nbsp; Der Jahresbeitrag betr\u00e4gt derzeit im Jagdjahr: Beitrag Bundes-\/ Landesj\u00e4gerschaft 70,00 \u20ac Beitrag J\u00e4gerschaft Burg 15,00 \u20ac Summe &nbsp; 85,00 \u20ac &nbsp; Jagdhaftpflichtversicherung 27,00 \u20ac Summe mit Haftpflichtversicherung 112,00 \u20ac &nbsp; Der Betrag muss bis zum 31.3. eines Jahres f\u00fcr das am [&hellip;]<\/p>\n","protected":false},"author":9,"featured_media":0,"parent":0,"menu_order":12,"comment_status":"closed","ping_status":"closed","template":"","meta":{"footnotes":""},"class_list":["post-163","page","type-page","status-publish"],"_links":{"self":[{"href":"https:\/\/ljv-sachsen-anhalt.de\/jaegerschaft-burg\/wp-json\/wp\/v2\/pages\/163","targetHints":{"allow":["GET"]}}],"collection":[{"href":"https:\/\/ljv-sachsen-anhalt.de\/jaegerschaft-burg\/wp-json\/wp\/v2\/pages"}],"about":[{"href":"https:\/\/ljv-sachsen-anhalt.de\/jaegerschaft-burg\/wp-json\/wp\/v2\/types\/page"}],"author":[{"embeddable":true,"href":"https:\/\/ljv-sachsen-anhalt.de\/jaegerschaft-burg\/wp-json\/wp\/v2\/users\/9"}],"replies":[{"embeddable":true,"href":"https:\/\/ljv-sachsen-anhalt.de\/jaegerschaft-burg\/wp-json\/wp\/v2\/comments?post=163"}],"version-history":[{"count":11,"href":"https:\/\/ljv-sachsen-anhalt.de\/jaegerschaft-burg\/wp-json\/wp\/v2\/pages\/163\/revisions"}],"predecessor-version":[{"id":1848,"href":"https:\/\/ljv-sachsen-anhalt.de\/jaegerschaft-burg\/wp-json\/wp\/v2\/pages\/163\/revisions\/1848"}],"wp:attachment":[{"href":"https:\/\/ljv-sachsen-anhalt.de\/jaegerschaft-burg\/wp-json\/wp\/v2\/media?parent=163"}],"curies":[{"name":"wp","href":"https:\/\/api.w.org\/{rel}","templated":true}]}}