{"id":2,"date":"2019-09-09T18:55:36","date_gmt":"2019-09-09T16:55:36","guid":{"rendered":"http:\/\/wp.ljv-sachsen-anhalt.de\/jaegerschaft-burg\/?page_id=2"},"modified":"2026-03-16T14:27:02","modified_gmt":"2026-03-16T13:27:02","slug":"jaegerschaft","status":"publish","type":"page","link":"https:\/\/ljv-sachsen-anhalt.de\/jaegerschaft-burg\/","title":{"rendered":"J\u00e4gerschaft Burg im Landkreis Jerichower Land e.V."},"content":{"rendered":"<div class=\"wpb-content-wrapper\"><p>[vc_row][vc_column width=&#8220;1\/3&#8243;][vc_gallery interval=&#8220;3&#8243; images=&#8220;1654,1652,1655,1390,1649,1756,1757,1755,1642,1754,1748,1170,1753,1731,1752,1751,1743,1626&#8243; img_size=&#8220;full&#8220; css=&#8220;&#8220;][\/vc_column][vc_column width=&#8220;2\/3&#8243;][vc_row_inner][vc_column_inner width=&#8220;1\/2&#8243;][vc_single_image image=&#8220;1168&#8243; img_size=&#8220;medium&#8220; alignment=&#8220;center&#8220;][\/vc_column_inner][vc_column_inner width=&#8220;1\/2&#8243;][vc_single_image image=&#8220;1698&#8243; img_size=&#8220;medium&#8220; alignment=&#8220;center&#8220; onclick=&#8220;custom_link&#8220; img_link_target=&#8220;_blank&#8220; link=&#8220;https:\/\/www.instagram.com\/jaegerschaft__burg\/&#8220;][\/vc_column_inner][\/vc_row_inner][vc_column_text css=&#8220;&#8220;]<\/p>\n<p data-start=\"148\" data-end=\"498\">Die <strong data-start=\"152\" data-end=\"177\">J\u00e4gerschaft Burg e.V.<\/strong> ist eine von zwei J\u00e4gerschaften im Landkreis Jerichower Land. Ihr Einzugsgebiet umfasst die St\u00e4dte Burg, Gommern und M\u00f6ckern sowie deren umliegende Gemeinden. Als Mitglied im Landesjagdverband Sachsen-Anhalt e.V. geh\u00f6rt der Verein zugleich dem Deutschen Jagdverband e.V. an und z\u00e4hlt derzeit mehr als <strong data-start=\"479\" data-end=\"497\">300 Mitglieder<\/strong>.<\/p>\n<p data-start=\"500\" data-end=\"749\">Unsere Jagdreviere sind landschaftlich vielf\u00e4ltig, jedoch \u00fcberwiegend durch die Landwirtschaft gepr\u00e4gt. Das Gebiet reicht von den Elbeauen \u00fcber zusammenh\u00e4ngende Kiefernmischw\u00e4lder bis hin zum Vorfl\u00e4ming mit seiner charakteristischen Offenlandschaft.<\/p>\n<p data-start=\"751\" data-end=\"1241\">Neben der aktiven Jagdaus\u00fcbung mit unseren gepr\u00fcften Jagdhunden stehen vor allem <strong data-start=\"832\" data-end=\"895\">Hege und Pflege des Wildes in seinem nat\u00fcrlichen Lebensraum<\/strong> im Mittelpunkt unserer Arbeit. Dar\u00fcber hinaus engagieren sich viele Mitglieder in der Pflege des jagdlichen Brauchtums, insbesondere im Jagdhornblasen. Veranstaltungen wie das Schaublasen auf dem Landeserntedankfest sowie die j\u00e4hrlichen Hubertusmessen sind feste Termine im Jahreskalender und werden ma\u00dfgeblich von unseren Mitgliedern gestaltet.<\/p>\n<p data-start=\"1243\" data-end=\"1539\">Ein besonderes Anliegen ist uns zudem die <strong data-start=\"1285\" data-end=\"1313\">Natur- und Umweltbildung<\/strong>. Im Rahmen des Projekts <em data-start=\"1338\" data-end=\"1353\">Lernort Natur<\/em> vermitteln unsere zertifizierten Naturp\u00e4dagogen Kindern und Jugendlichen in Kinderg\u00e4rten und Schulen des Landkreises Wissen \u00fcber Wildtiere, Natur und nachhaltige Nutzung der Landschaft.<\/p>\n<p data-start=\"1243\" data-end=\"1539\">Dar\u00fcber hinaus engagieren sich Mitglieder der J\u00e4gerschaft gemeinsam mit den <strong data-start=\"1593\" data-end=\"1627\">Wildtierrettern Sachsen-Anhalt<\/strong> aktiv bei der <strong data-start=\"1642\" data-end=\"1683\">Kitzrettung w\u00e4hrend der Fr\u00fchjahrsmahd<\/strong>. Durch den Einsatz moderner Technik wie Drohnen mit W\u00e4rmebildkameras k\u00f6nnen Rehkitze vor dem M\u00e4htod bewahrt und rechtzeitig aus den Wiesen gerettet werden.<\/p>\n<table border=\"0\" width=\"100%\">\n<tbody>\n<tr>\n<td width=\"89%\">Hier finden Sie unsere <a href=\"https:\/\/ljv-sachsen-anhalt.de\/jaegerschaft-burg\/download\/satzung-jaegerschaft-burg\/\">Satzung<\/a>.<\/td>\n<td width=\"1%\"><img loading=\"lazy\" decoding=\"async\" src=\"http:\/\/www.jaegerschaft-burg.de\/bilder\/nav.png\" width=\"80\" height=\"1\" \/><\/td>\n<\/tr>\n<\/tbody>\n<\/table>\n<p>[\/vc_column_text][\/vc_column][vc_column][\/vc_column][vc_column][\/vc_column][\/vc_row][vc_row][vc_column][\/vc_column][\/vc_row][vc_row][vc_column][\/vc_column][\/vc_row]<\/p>\n<\/div>","protected":false},"excerpt":{"rendered":"<p>[vc_row][vc_column width=&#8220;1\/3&#8243;][vc_gallery interval=&#8220;3&#8243; images=&#8220;1654,1652,1655,1390,1649,1756,1757,1755,1642,1754,1748,1170,1753,1731,1752,1751,1743,1626&#8243; img_size=&#8220;full&#8220; css=&#8220;&#8220;][\/vc_column][vc_column width=&#8220;2\/3&#8243;][vc_row_inner][vc_column_inner width=&#8220;1\/2&#8243;][vc_single_image image=&#8220;1168&#8243; img_size=&#8220;medium&#8220; alignment=&#8220;center&#8220;][\/vc_column_inner][vc_column_inner width=&#8220;1\/2&#8243;][vc_single_image image=&#8220;1698&#8243; img_size=&#8220;medium&#8220; alignment=&#8220;center&#8220; onclick=&#8220;custom_link&#8220; img_link_target=&#8220;_blank&#8220; link=&#8220;https:\/\/www.instagram.com\/jaegerschaft__burg\/&#8220;][\/vc_column_inner][\/vc_row_inner][vc_column_text css=&#8220;&#8220;] Die J\u00e4gerschaft Burg e.V. ist eine von zwei J\u00e4gerschaften im Landkreis Jerichower Land. Ihr Einzugsgebiet umfasst die St\u00e4dte Burg, Gommern und M\u00f6ckern sowie deren umliegende Gemeinden. Als Mitglied im Landesjagdverband Sachsen-Anhalt [&hellip;]<\/p>\n","protected":false},"author":1,"featured_media":0,"parent":0,"menu_order":1,"comment_status":"closed","ping_status":"closed","template":"","meta":{"footnotes":""},"class_list":["post-2","page","type-page","status-publish"],"_links":{"self":[{"href":"https:\/\/ljv-sachsen-anhalt.de\/jaegerschaft-burg\/wp-json\/wp\/v2\/pages\/2","targetHints":{"allow":["GET"]}}],"collection":[{"href":"https:\/\/ljv-sachsen-anhalt.de\/jaegerschaft-burg\/wp-json\/wp\/v2\/pages"}],"about":[{"href":"https:\/\/ljv-sachsen-anhalt.de\/jaegerschaft-burg\/wp-json\/wp\/v2\/types\/page"}],"author":[{"embeddable":true,"href":"https:\/\/ljv-sachsen-anhalt.de\/jaegerschaft-burg\/wp-json\/wp\/v2\/users\/1"}],"replies":[{"embeddable":true,"href":"https:\/\/ljv-sachsen-anhalt.de\/jaegerschaft-burg\/wp-json\/wp\/v2\/comments?post=2"}],"version-history":[{"count":12,"href":"https:\/\/ljv-sachsen-anhalt.de\/jaegerschaft-burg\/wp-json\/wp\/v2\/pages\/2\/revisions"}],"predecessor-version":[{"id":1921,"href":"https:\/\/ljv-sachsen-anhalt.de\/jaegerschaft-burg\/wp-json\/wp\/v2\/pages\/2\/revisions\/1921"}],"wp:attachment":[{"href":"https:\/\/ljv-sachsen-anhalt.de\/jaegerschaft-burg\/wp-json\/wp\/v2\/media?parent=2"}],"curies":[{"name":"wp","href":"https:\/\/api.w.org\/{rel}","templated":true}]}}