{"id":226,"date":"2020-01-27T20:46:44","date_gmt":"2020-01-27T19:46:44","guid":{"rendered":"http:\/\/wp.ljv-sachsen-anhalt.de\/jaegerschaft-burg\/?page_id=226"},"modified":"2025-09-05T11:26:38","modified_gmt":"2025-09-05T10:26:38","slug":"kontakt","status":"publish","type":"page","link":"https:\/\/ljv-sachsen-anhalt.de\/jaegerschaft-burg\/kontakt\/","title":{"rendered":"Kontakt"},"content":{"rendered":"<div class=\"wpb-content-wrapper\"><p>[vc_row][vc_column width=&#8220;1\/12&#8243;][\/vc_column][vc_column width=&#8220;3\/12&#8243;][vc_column_text]<\/p>\n<h4>Kontaktdaten<\/h4>\n<p>&nbsp;<\/p>\n<p style=\"text-align: left\"><strong>J\u00e4gerschaft Burg im Landkreis Jerichower Land e.V.<\/strong><\/p>\n<p>Marcel Steinke<\/p>\n<p>Dorfstra\u00dfe 30 b<br \/>\n39291 M\u00f6ckern OT\u00a0 W\u00fcstenjerichow<\/p>\n<p><strong>Telefon: 0175 7269247<\/strong><\/p>\n<p><strong>Email :\u00a0<\/strong><strong>jaegerschaft.burg@gmail.com\u00a0<\/strong>[\/vc_column_text][\/vc_column][vc_column width=&#8220;7\/12&#8243;][vc_column_text]<\/p>\n<h4>Kontaktformular<\/h4>\n<p>Bei Fragen und Anregungen k\u00f6nnen Sie uns \u00fcber folgendes Formular kontaktieren:<\/p>\n<div class=\"wpcf7 no-js\" id=\"wpcf7-f225-o1\" lang=\"de-DE\" dir=\"ltr\" data-wpcf7-id=\"225\">\n<div class=\"screen-reader-response\"><p role=\"status\" aria-live=\"polite\" aria-atomic=\"true\"><\/p> <ul><\/ul><\/div>\n<form action=\"\/jaegerschaft-burg\/wp-json\/wp\/v2\/pages\/226#wpcf7-f225-o1\" method=\"post\" class=\"wpcf7-form init wpcf7-acceptance-as-validation\" aria-label=\"Kontaktformular\" novalidate=\"novalidate\" data-status=\"init\">\n<fieldset class=\"hidden-fields-container\"><input type=\"hidden\" name=\"_wpcf7\" value=\"225\" \/><input type=\"hidden\" name=\"_wpcf7_version\" value=\"6.1.5\" \/><input type=\"hidden\" name=\"_wpcf7_locale\" value=\"de_DE\" \/><input type=\"hidden\" name=\"_wpcf7_unit_tag\" value=\"wpcf7-f225-o1\" \/><input type=\"hidden\" name=\"_wpcf7_container_post\" value=\"0\" \/><input type=\"hidden\" name=\"_wpcf7_posted_data_hash\" value=\"\" \/>\n<\/fieldset>\n<div class=\"row\">\n\t<div class=\"col-xs-12 col-md-6\">\n\t\t<p><span>Name *<\/span><span class=\"wpcf7-form-control-wrap\" data-name=\"your-name\"><input size=\"40\" maxlength=\"400\" class=\"wpcf7-form-control wpcf7-text wpcf7-validates-as-required\" aria-required=\"true\" aria-invalid=\"false\" placeholder=\"Ihr Name\" value=\"\" type=\"text\" name=\"your-name\" \/><\/span><br \/>\n<span>Email *<\/span><span class=\"wpcf7-form-control-wrap\" data-name=\"your-email\"><input size=\"40\" maxlength=\"400\" class=\"wpcf7-form-control wpcf7-email wpcf7-validates-as-required wpcf7-text wpcf7-validates-as-email\" aria-required=\"true\" aria-invalid=\"false\" placeholder=\"Ihre Email Adresse\" value=\"\" type=\"email\" name=\"your-email\" \/><\/span><br \/>\n<span>Telefon *<\/span><span class=\"wpcf7-form-control-wrap\" data-name=\"your-phone\"><input size=\"40\" maxlength=\"400\" class=\"wpcf7-form-control wpcf7-tel wpcf7-validates-as-required wpcf7-text wpcf7-validates-as-tel\" aria-required=\"true\" aria-invalid=\"false\" placeholder=\"Ihre Telefonnummer\" value=\"\" type=\"tel\" name=\"your-phone\" \/><\/span><br \/>\n<span id=\"wpcf7-69f5bd26d1ade-wrapper\" class=\"wpcf7-form-control-wrap organisation-wrap\" style=\"display:none !important; visibility:hidden !important;\"><label for=\"wpcf7-69f5bd26d1ade-field\" class=\"hp-message\">Bitte lasse dieses Feld leer.<\/label><input id=\"wpcf7-69f5bd26d1ade-field\"  class=\"wpcf7-form-control wpcf7-text\" type=\"text\" name=\"organisation\" value=\"\" size=\"40\" tabindex=\"-1\" autocomplete=\"new-password\" \/><\/span><br \/>\n<span id=\"wpcf7-69f5bd26d1afc-wrapper\" class=\"wpcf7-form-control-wrap position-email-wrap\" style=\"display:none !important; visibility:hidden !important;\"><label for=\"wpcf7-69f5bd26d1afc-field\" class=\"hp-message\">Bitte lasse dieses Feld leer.<\/label><input id=\"wpcf7-69f5bd26d1afc-field\"  class=\"wpcf7-form-control wpcf7-text\" type=\"text\" name=\"position-email\" value=\"\" size=\"40\" tabindex=\"-1\" autocomplete=\"new-password\" \/><\/span><br \/>\n<span id=\"wpcf7-69f5bd26d1b35-wrapper\" class=\"wpcf7-form-control-wrap adress-local-wrap\" style=\"display:none !important; visibility:hidden !important;\"><label for=\"wpcf7-69f5bd26d1b35-field\" class=\"hp-message\">Bitte lasse dieses Feld leer.<\/label><input id=\"wpcf7-69f5bd26d1b35-field\"  class=\"wpcf7-form-control wpcf7-text\" type=\"text\" name=\"adress-local\" value=\"\" size=\"40\" tabindex=\"-1\" autocomplete=\"new-password\" \/><\/span>\n\t\t<\/p>\n\t\t<p>Anti-Spam - Bitte beantworten:<br \/>\n<span class=\"wpcf7-form-control-wrap\" data-name=\"quiz-952\"><label><span class=\"wpcf7-quiz-label\">Wie hei\u00dft die Landeshauptstadt von Sachsen-Anhalt?<\/span> <input size=\"40\" class=\"wpcf7-form-control wpcf7-quiz\" autocomplete=\"off\" aria-required=\"true\" aria-invalid=\"false\" type=\"text\" name=\"quiz-952\" \/><\/label><input type=\"hidden\" name=\"_wpcf7_quiz_answer_quiz-952\" value=\"47bb82aa17c86df8eb243e07f98162be\" \/><\/span>\n\t\t<\/p>\n\t<\/div>\n\t<div class=\"col-xs-12 col-md-6\">\n\t\t<p><span>Betreff<\/span><span class=\"wpcf7-form-control-wrap\" data-name=\"your-subject\"><input size=\"40\" maxlength=\"400\" class=\"wpcf7-form-control wpcf7-text\" aria-invalid=\"false\" placeholder=\"Betreff Ihrer Anfrage\" value=\"\" type=\"text\" name=\"your-subject\" \/><\/span><br \/>\n<span>Ihre Nachricht an Uns *<\/span><span class=\"wpcf7-form-control-wrap\" data-name=\"your-message\"><textarea cols=\"40\" rows=\"10\" maxlength=\"2000\" class=\"wpcf7-form-control wpcf7-textarea\" aria-invalid=\"false\" placeholder=\"Ihre Nachricht..\" name=\"your-message\"><\/textarea><\/span><input class=\"wpcf7-form-control wpcf7-submit has-spinner btn btn-primary\" type=\"submit\" value=\"Nachricht senden\" \/>\n\t\t<\/p>\n\t<\/div>\n<\/div>\n<p class=\"datenschutz\"><br \/>\n<strong>Datenschutz<\/strong><br \/>\n<span class=\"wpcf7-form-control-wrap\" data-name=\"zustimmungdatenschutz\"><span class=\"wpcf7-form-control wpcf7-acceptance\"><span class=\"wpcf7-list-item\"><label><input type=\"checkbox\" name=\"zustimmungdatenschutz\" value=\"1\" aria-invalid=\"false\" \/><span class=\"wpcf7-list-item-label\">Ich stimme zu, dass meine Angaben aus dem Kontaktformular zur Beantwortung meiner Anfrage erhoben und verarbeitet werden. Die Daten werden f\u00fcr 10 Jahre gespeichert oder auf Wunsch gel\u00f6scht.\nHinweis: Sie k\u00f6nnen Ihre Einwilligung jederzeit f\u00fcr die Zukunft per E-Mail an uns widerrufen. Detaillierte Informationen zum Umgang mit Nutzerdaten finden Sie in unserer <a href=\"https:\/\/ljv-sachsen-anhalt.de\/?page_id=1109\">Datenschutzerkl\u00e4rung<\/a>.<\/span><\/label><\/span><\/span><\/span>\n<\/p><div class=\"wpcf7-response-output\" aria-hidden=\"true\"><\/div>\n<\/form>\n<\/div>\n[\/vc_column_text][\/vc_column][vc_column width=&#8220;1\/12&#8243;][\/vc_column][\/vc_row][vc_row][vc_column][vc_gmaps link=&#8220;#E-8_JTNDaWZyYW1lJTIwc3JjJTNEJTIyaHR0cHMlM0ElMkYlMkZ3d3cuZ29vZ2xlLmNvbSUyRm1hcHMlMkZlbWJlZCUzRnBiJTNEJTIxMW0xOCUyMTFtMTIlMjExbTMlMjExZDk0MzY0LjUyMjQ3MTMzODg2JTIxMmQxMS44NTkzMzE3OTA5Mjk2NCUyMTNkNTIuMjI1NzYwNTkxODgxNjk1JTIxMm0zJTIxMWYwJTIxMmYwJTIxM2YwJTIxM20yJTIxMWkxMDI0JTIxMmk3NjglMjE0ZjEzLjElMjEzbTMlMjExbTIlMjExczB4NDdhOGFkYTU0NGM2MmMxMyUyNTNBMHgxZmYwY2EzNmIwZGJhMTY1JTIxMnNEb3Jmc3RyYSUyNUMzJTI1OUZlJTI1MjAzMEIlMjUyQyUyNTIwMzkyOTElMjUyME0lMjVDMyUyNUI2Y2tlcm4lMjE1ZTElMjEzbTIlMjExc2RlJTIxMnNkZSUyMTR2MTc1NzA2Nzg3NDUxMyUyMTVtMiUyMTFzZGUlMjEyc2RlJTIyJTIwd2lkdGglM0QlMjI2MDAlMjIlMjBoZWlnaHQlM0QlMjI0NTAlMjIlMjBzdHlsZSUzRCUyMmJvcmRlciUzQTAlM0IlMjIlMjBhbGxvd2Z1bGxzY3JlZW4lM0QlMjIlMjIlMjBsb2FkaW5nJTNEJTIybGF6eSUyMiUyMHJlZmVycmVycG9saWN5JTNEJTIybm8tcmVmZXJyZXItd2hlbi1kb3duZ3JhZGUlMjIlM0UlM0MlMkZpZnJhbWUlM0U=&#8220;][\/vc_column][\/vc_row]<\/p>\n<\/div>","protected":false},"excerpt":{"rendered":"<p>[vc_row][vc_column width=&#8220;1\/12&#8243;][\/vc_column][vc_column width=&#8220;3\/12&#8243;][vc_column_text] Kontaktdaten &nbsp; J\u00e4gerschaft Burg im Landkreis Jerichower Land e.V. Marcel Steinke Dorfstra\u00dfe 30 b 39291 M\u00f6ckern OT\u00a0 W\u00fcstenjerichow Telefon: 0175 7269247 Email :\u00a0jaegerschaft.burg@gmail.com\u00a0[\/vc_column_text][\/vc_column][vc_column width=&#8220;7\/12&#8243;][vc_column_text] Kontaktformular Bei Fragen und Anregungen k\u00f6nnen Sie uns \u00fcber folgendes Formular kontaktieren: [\/vc_column_text][\/vc_column][vc_column width=&#8220;1\/12&#8243;][\/vc_column][\/vc_row][vc_row][vc_column][vc_gmaps link=&#8220;#E-8_JTNDaWZyYW1lJTIwc3JjJTNEJTIyaHR0cHMlM0ElMkYlMkZ3d3cuZ29vZ2xlLmNvbSUyRm1hcHMlMkZlbWJlZCUzRnBiJTNEJTIxMW0xOCUyMTFtMTIlMjExbTMlMjExZDk0MzY0LjUyMjQ3MTMzODg2JTIxMmQxMS44NTkzMzE3OTA5Mjk2NCUyMTNkNTIuMjI1NzYwNTkxODgxNjk1JTIxMm0zJTIxMWYwJTIxMmYwJTIxM2YwJTIxM20yJTIxMWkxMDI0JTIxMmk3NjglMjE0ZjEzLjElMjEzbTMlMjExbTIlMjExczB4NDdhOGFkYTU0NGM2MmMxMyUyNTNBMHgxZmYwY2EzNmIwZGJhMTY1JTIxMnNEb3Jmc3RyYSUyNUMzJTI1OUZlJTI1MjAzMEIlMjUyQyUyNTIwMzkyOTElMjUyME0lMjVDMyUyNUI2Y2tlcm4lMjE1ZTElMjEzbTIlMjExc2RlJTIxMnNkZSUyMTR2MTc1NzA2Nzg3NDUxMyUyMTVtMiUyMTFzZGUlMjEyc2RlJTIyJTIwd2lkdGglM0QlMjI2MDAlMjIlMjBoZWlnaHQlM0QlMjI0NTAlMjIlMjBzdHlsZSUzRCUyMmJvcmRlciUzQTAlM0IlMjIlMjBhbGxvd2Z1bGxzY3JlZW4lM0QlMjIlMjIlMjBsb2FkaW5nJTNEJTIybGF6eSUyMiUyMHJlZmVycmVycG9saWN5JTNEJTIybm8tcmVmZXJyZXItd2hlbi1kb3duZ3JhZGUlMjIlM0UlM0MlMkZpZnJhbWUlM0U=&#8220;][\/vc_column][\/vc_row]<\/p>\n","protected":false},"author":1,"featured_media":0,"parent":0,"menu_order":11,"comment_status":"closed","ping_status":"closed","template":"","meta":{"footnotes":""},"class_list":["post-226","page","type-page","status-publish"],"_links":{"self":[{"href":"https:\/\/ljv-sachsen-anhalt.de\/jaegerschaft-burg\/wp-json\/wp\/v2\/pages\/226","targetHints":{"allow":["GET"]}}],"collection":[{"href":"https:\/\/ljv-sachsen-anhalt.de\/jaegerschaft-burg\/wp-json\/wp\/v2\/pages"}],"about":[{"href":"https:\/\/ljv-sachsen-anhalt.de\/jaegerschaft-burg\/wp-json\/wp\/v2\/types\/page"}],"author":[{"embeddable":true,"href":"https:\/\/ljv-sachsen-anhalt.de\/jaegerschaft-burg\/wp-json\/wp\/v2\/users\/1"}],"replies":[{"embeddable":true,"href":"https:\/\/ljv-sachsen-anhalt.de\/jaegerschaft-burg\/wp-json\/wp\/v2\/comments?post=226"}],"version-history":[{"count":36,"href":"https:\/\/ljv-sachsen-anhalt.de\/jaegerschaft-burg\/wp-json\/wp\/v2\/pages\/226\/revisions"}],"predecessor-version":[{"id":1720,"href":"https:\/\/ljv-sachsen-anhalt.de\/jaegerschaft-burg\/wp-json\/wp\/v2\/pages\/226\/revisions\/1720"}],"wp:attachment":[{"href":"https:\/\/ljv-sachsen-anhalt.de\/jaegerschaft-burg\/wp-json\/wp\/v2\/media?parent=226"}],"curies":[{"name":"wp","href":"https:\/\/api.w.org\/{rel}","templated":true}]}}