{"id":48,"date":"2020-01-21T02:28:25","date_gmt":"2020-01-21T01:28:25","guid":{"rendered":"http:\/\/wp.ljv-sachsen-anhalt.de\/jaegerschaft-burg\/?page_id=48"},"modified":"2020-09-23T21:04:46","modified_gmt":"2020-09-23T20:04:46","slug":"datenschutzerklaerung","status":"publish","type":"page","link":"https:\/\/ljv-sachsen-anhalt.de\/jaegerschaft-burg\/datenschutzerklaerung\/","title":{"rendered":"Datenschutzerkl\u00e4rung"},"content":{"rendered":"<div class=\"wpb-content-wrapper\"><p>[vc_row][vc_column][vc_column_text]<\/p>\n<h3><strong>Datenschutzerkl\u00e4rung<\/strong><\/h3>\n<p>Unsere Datenschutzerkl\u00e4rung soll die Nutzer dieser Website gem\u00e4\u00df DSGVO, Bundesdatenschutzgesetz und Telemediengesetz \u00fcber die Art, den Umfang und den Zweck der Erhebung und Verwendung personenbezogener Daten durch den Websitebetreiber informieren.<\/p>\n<p>Der Websitebetreiber nimmt Ihren Datenschutz sehr ernst und behandelt Ihre personenbezogenen Daten vertraulich und entsprechend der gesetzlichen Vorschriften.<br \/>\nBedenken Sie, dass die Daten\u00fcbertragung im Internet grunds\u00e4tzlich mit Sicherheitsl\u00fccken bedacht sein kann. Ein vollumf\u00e4nglicher Schutz vor dem Zugriff durch Fremde ist nicht realisierbar.<br \/>\nDetails in der Datei <a href=\"http:\/\/wp.ljv-sachsen-anhalt.de\/jaegerschaft-burg\/download\/datenschutzerklaerung\/\">Datenschutzerkl\u00e4rung<\/a>.[\/vc_column_text][\/vc_column][\/vc_row]<\/p>\n<\/div>","protected":false},"excerpt":{"rendered":"<p>[vc_row][vc_column][vc_column_text] Datenschutzerkl\u00e4rung Unsere Datenschutzerkl\u00e4rung soll die Nutzer dieser Website gem\u00e4\u00df DSGVO, Bundesdatenschutzgesetz und Telemediengesetz \u00fcber die Art, den Umfang und den Zweck der Erhebung und Verwendung personenbezogener Daten durch den Websitebetreiber informieren. Der Websitebetreiber nimmt Ihren Datenschutz sehr ernst und behandelt Ihre personenbezogenen Daten vertraulich und entsprechend der gesetzlichen Vorschriften. [&hellip;]<\/p>\n","protected":false},"author":1,"featured_media":0,"parent":0,"menu_order":16,"comment_status":"closed","ping_status":"closed","template":"","meta":{"footnotes":""},"class_list":["post-48","page","type-page","status-publish"],"_links":{"self":[{"href":"https:\/\/ljv-sachsen-anhalt.de\/jaegerschaft-burg\/wp-json\/wp\/v2\/pages\/48","targetHints":{"allow":["GET"]}}],"collection":[{"href":"https:\/\/ljv-sachsen-anhalt.de\/jaegerschaft-burg\/wp-json\/wp\/v2\/pages"}],"about":[{"href":"https:\/\/ljv-sachsen-anhalt.de\/jaegerschaft-burg\/wp-json\/wp\/v2\/types\/page"}],"author":[{"embeddable":true,"href":"https:\/\/ljv-sachsen-anhalt.de\/jaegerschaft-burg\/wp-json\/wp\/v2\/users\/1"}],"replies":[{"embeddable":true,"href":"https:\/\/ljv-sachsen-anhalt.de\/jaegerschaft-burg\/wp-json\/wp\/v2\/comments?post=48"}],"version-history":[{"count":9,"href":"https:\/\/ljv-sachsen-anhalt.de\/jaegerschaft-burg\/wp-json\/wp\/v2\/pages\/48\/revisions"}],"predecessor-version":[{"id":771,"href":"https:\/\/ljv-sachsen-anhalt.de\/jaegerschaft-burg\/wp-json\/wp\/v2\/pages\/48\/revisions\/771"}],"wp:attachment":[{"href":"https:\/\/ljv-sachsen-anhalt.de\/jaegerschaft-burg\/wp-json\/wp\/v2\/media?parent=48"}],"curies":[{"name":"wp","href":"https:\/\/api.w.org\/{rel}","templated":true}]}}