{"id":623,"date":"2020-07-21T15:16:53","date_gmt":"2020-07-21T14:16:53","guid":{"rendered":"https:\/\/ljv-sachsen-anhalt.de\/jaegerschaft-burg\/?page_id=623"},"modified":"2025-07-15T20:49:28","modified_gmt":"2025-07-15T19:49:28","slug":"bestaetigte-schweisshundefuehrer","status":"publish","type":"page","link":"https:\/\/ljv-sachsen-anhalt.de\/jaegerschaft-burg\/bestaetigte-schweisshundefuehrer\/","title":{"rendered":"Best\u00e4tigte Schwei\u00dfhundef\u00fchrer"},"content":{"rendered":"<div class=\"wpb-content-wrapper\"><p>[vc_row][vc_column width=&#8220;1\/2&#8243;][vc_column_text]<\/p>\n<h3><strong>Pflicht zur Nachsuche<\/strong><\/h3>\n<div class=\"flex flex-grow flex-col max-w-full\">\n<div class=\"min-h-[20px] text-message flex flex-col items-start whitespace-pre-wrap break-words [.text-message+&amp;]:mt-5 juice:w-full juice:items-end overflow-x-auto gap-2\" dir=\"auto\" data-message-author-role=\"assistant\" data-message-id=\"922d4736-afbe-4230-8a15-e33ed20f16f4\">\n<div class=\"flex w-full flex-col gap-1 juice:empty:hidden juice:first:pt-[3px]\">\n<div class=\"markdown prose w-full break-words dark:prose-invert light\">\n<p>Die Nachsuche von krankem Wild ist nicht nur gesetzlich vorgeschrieben, sondern auch aus ethischen und tierschutzrechtlichen Gr\u00fcnden eine Pflicht, die zu einer weidgerechten Jagd dazugeh\u00f6rt.<\/p>\n<p>Wir sind stolz darauf, dass unsere J\u00e4gerschaft \u00fcber engagierte Nachsuchegespanne verf\u00fcgt, die mit ihren Schwei\u00dfhunden f\u00fcr alle J\u00e4ger der J\u00e4gerschaft in Bereitschaft stehen. Diese passionierten Teams sind darauf spezialisiert, verletztes Wild aufzusp\u00fcren und zu bergen, um unn\u00f6tiges Leiden zu verhindern und die Waidgerechtigkeit zu wahren.<\/p>\n<p>Wenn Sie Unterst\u00fctzung bei der Nachsuche ben\u00f6tigen oder weitere Informationen w\u00fcnschen, z\u00f6gern Sie nicht, uns zu kontaktieren. Unsere Nachsuchenleiter stehen Ihnen jederzeit zur Verf\u00fcgung, um Ihnen in dieser wichtigen Aufgabe beizustehen.<\/p>\n<\/div>\n<\/div>\n<\/div>\n<\/div>\n<div class=\"mt-1 flex gap-3 empty:hidden juice:-ml-3\">\n<div class=\"items-center justify-start rounded-xl p-1 flex\">\n<div class=\"flex items-center\">\n<p>&nbsp;<\/p>\n<div class=\"flex\"><\/div>\n<div class=\"flex items-center pb-0.5 juice:pb-0\">\n<div class=\"[&amp;_svg]:h-full [&amp;_svg]:w-full icon-md h-4 w-4\"><\/div>\n<\/div>\n<\/div>\n<\/div>\n<\/div>\n<p>[\/vc_column_text][vc_column_text]<\/p>\n<h3><strong>Best\u00e4tigte Schwei\u00dfhundef\u00fchrer <\/strong><\/h3>\n<p>[\/vc_column_text][vc_row_inner][vc_column_inner width=&#8220;1\/2&#8243;][vc_single_image image=&#8220;1106&#8243; img_size=&#8220;medium&#8220;][\/vc_column_inner][vc_column_inner width=&#8220;1\/2&#8243;][vc_column_text]Stephan Gramzow<\/p>\n<p><a href=\"tel:+4916090941373\">0160 90941373<\/a><\/p>\n<p>Bayerischer Gebirgsschwei\u00dfhund[\/vc_column_text][\/vc_column_inner][\/vc_row_inner][vc_row_inner][vc_column_inner width=&#8220;1\/2&#8243;][vc_single_image image=&#8220;519&#8243; img_size=&#8220;medium&#8220;][\/vc_column_inner][vc_column_inner width=&#8220;1\/2&#8243;][vc_column_text]Dietmar Specht<\/p>\n<p><a href=\"tel:+491732173400\">0173 2173400<\/a><\/p>\n<p>Bayerischer Gebirgsschwei\u00dfhund[\/vc_column_text][\/vc_column_inner][\/vc_row_inner][vc_row_inner][vc_column_inner width=&#8220;1\/2&#8243;][vc_single_image image=&#8220;516&#8243; img_size=&#8220;medium&#8220;][\/vc_column_inner][vc_column_inner width=&#8220;1\/2&#8243;][vc_column_text]B\u00e4rbel Specht<\/p>\n<p><a href=\"tel:+4915115109500\">0151 15109500<\/a><\/p>\n<p>Bayerischer Gebirgsschwei\u00dfhund[\/vc_column_text][\/vc_column_inner][\/vc_row_inner][vc_row_inner][vc_column_inner width=&#8220;1\/2&#8243;][vc_single_image image=&#8220;1672&#8243; img_size=&#8220;medium&#8220; style=&#8220;vc_box_rounded&#8220;][\/vc_column_inner][vc_column_inner width=&#8220;1\/2&#8243;][vc_column_text]Christian Krams<\/p>\n<p><a href=\"tel:+491751440125\">0175 1440125<\/a><\/p>\n<p>Hannoverscher Schwei\u00dfhund[\/vc_column_text][\/vc_column_inner][\/vc_row_inner][\/vc_column][vc_column width=&#8220;1\/2&#8243;][vc_row_inner][vc_column_inner][\/vc_column_inner][\/vc_row_inner][vc_row_inner][vc_column_inner][\/vc_column_inner][\/vc_row_inner][vc_row_inner][vc_column_inner][\/vc_column_inner][\/vc_row_inner][\/vc_column][\/vc_row][vc_row][vc_column width=&#8220;2\/3&#8243;][\/vc_column][vc_column width=&#8220;1\/3&#8243;][\/vc_column][\/vc_row]<\/p>\n<\/div>","protected":false},"excerpt":{"rendered":"<p>[vc_row][vc_column width=&#8220;1\/2&#8243;][vc_column_text] Pflicht zur Nachsuche Die Nachsuche von krankem Wild ist nicht nur gesetzlich vorgeschrieben, sondern auch aus ethischen und tierschutzrechtlichen Gr\u00fcnden eine Pflicht, die zu einer weidgerechten Jagd dazugeh\u00f6rt. Wir sind stolz darauf, dass unsere J\u00e4gerschaft \u00fcber engagierte Nachsuchegespanne verf\u00fcgt, die mit ihren Schwei\u00dfhunden f\u00fcr alle J\u00e4ger der J\u00e4gerschaft [&hellip;]<\/p>\n","protected":false},"author":28,"featured_media":0,"parent":0,"menu_order":0,"comment_status":"closed","ping_status":"closed","template":"","meta":{"footnotes":""},"class_list":["post-623","page","type-page","status-publish"],"_links":{"self":[{"href":"https:\/\/ljv-sachsen-anhalt.de\/jaegerschaft-burg\/wp-json\/wp\/v2\/pages\/623","targetHints":{"allow":["GET"]}}],"collection":[{"href":"https:\/\/ljv-sachsen-anhalt.de\/jaegerschaft-burg\/wp-json\/wp\/v2\/pages"}],"about":[{"href":"https:\/\/ljv-sachsen-anhalt.de\/jaegerschaft-burg\/wp-json\/wp\/v2\/types\/page"}],"author":[{"embeddable":true,"href":"https:\/\/ljv-sachsen-anhalt.de\/jaegerschaft-burg\/wp-json\/wp\/v2\/users\/28"}],"replies":[{"embeddable":true,"href":"https:\/\/ljv-sachsen-anhalt.de\/jaegerschaft-burg\/wp-json\/wp\/v2\/comments?post=623"}],"version-history":[{"count":24,"href":"https:\/\/ljv-sachsen-anhalt.de\/jaegerschaft-burg\/wp-json\/wp\/v2\/pages\/623\/revisions"}],"predecessor-version":[{"id":1684,"href":"https:\/\/ljv-sachsen-anhalt.de\/jaegerschaft-burg\/wp-json\/wp\/v2\/pages\/623\/revisions\/1684"}],"wp:attachment":[{"href":"https:\/\/ljv-sachsen-anhalt.de\/jaegerschaft-burg\/wp-json\/wp\/v2\/media?parent=623"}],"curies":[{"name":"wp","href":"https:\/\/api.w.org\/{rel}","templated":true}]}}