{"id":2,"date":"2019-09-09T18:55:36","date_gmt":"2019-09-09T16:55:36","guid":{"rendered":"http:\/\/wp.ljv-sachsen-anhalt.de\/jaegerschaft-sangerhausen\/?page_id=2"},"modified":"2023-08-16T17:40:00","modified_gmt":"2023-08-16T16:40:00","slug":"jaegerschaft","status":"publish","type":"page","link":"https:\/\/ljv-sachsen-anhalt.de\/jaegerschaft-eisleben\/","title":{"rendered":"Herzlich willkommen!"},"content":{"rendered":"<div class=\"wpb-content-wrapper\"><p>[vc_row][vc_column width=&#8220;2\/3&#8243;][vc_column_text]<\/p>\n<h2>J\u00e4gerschaft Eisleben e.V.<\/h2>\n<p>[\/vc_column_text][vc_row_inner][vc_column_inner width=&#8220;1\/3&#8243;][vc_single_image image=&#8220;974&#8243; img_size=&#8220;full&#8220;][\/vc_column_inner][vc_column_inner width=&#8220;2\/3&#8243;][vc_column_text]<\/p>\n<h5>Die Grunds\u00e4tze deutscher Weidgerechtigkeit sind auch uns J\u00e4gerinnen und J\u00e4gern der J\u00e4gerschaft Eisleben das wichtigste Anliegen. Wir wirken f\u00fcr den Schutz und die Erhaltung der freilebenden Tierwelt in ihren nat\u00fcrlichen Lebensr\u00e4umen.<\/h5>\n<h5>Dar\u00fcber hinausz\u00e4hlen f\u00fcr uns die Interessen des Naturschutzes, der Landeskultur, des Umweltschutzes, des Tierschutzes und der Land- und Forstwirtschaft.<\/h5>\n<h5>Auf den folgenden Seiten informieren wir deshalb \u00fcber unsere Aktivit\u00e4ten, aber auch \u00fcber aktuelle Informationen und Veranstaltungen.<\/h5>\n<p>[\/vc_column_text][\/vc_column_inner][\/vc_row_inner][\/vc_column][vc_column width=&#8220;1\/3&#8243;][vc_column_text]<\/p>\n<h2>Zitat<\/h2>\n<p>[\/vc_column_text][vc_column_text]<\/p>\n<blockquote>\n<h5><em>Ein\u00a0J\u00e4ger,\u00a0der kein\u00a0Brauchtum\u00a0pflegt,<\/em><\/h5>\n<h5><em>das\u00a0Wild\u00a0nicht f\u00fcttert und nicht hegt,<\/em><\/h5>\n<h5><em>der nur zum Schie\u00dfen ist im\u00a0Wald,<\/em><\/h5>\n<h5><em>nicht richtig anspricht eh\u2019es knallt,<\/em><\/h5>\n<h5><em>gewissenlos l\u00e4sst Nachsuchen sein,<\/em><\/h5>\n<h5><em>gibt besser ab den J\u00e4gerschein.<\/em><\/h5>\n<h5><em>Wer sinnvoll Flint\u2019 und B\u00fcchs\u2019 ben\u00fctzt<\/em><\/h5>\n<h5><em>das edle\u00a0St\u00fcck\u00a0vorm Raubzeug sch\u00fctzt,<\/em><\/h5>\n<h5><em>dem Wilderer das Handwerk legt<\/em><\/h5>\n<h5><em>und stets nach bestem Vorbild hegt,<\/em><\/h5>\n<h5><em>das\u00a0Wild\u00a0vorm Hungerstod bewahrt;<\/em><\/h5>\n<h5><em>der lebt nach rechter Waidmannsart.<\/em><\/h5>\n<\/blockquote>\n<p>[\/vc_column_text][\/vc_column][\/vc_row][vc_row][vc_column][\/vc_column][\/vc_row]<\/p>\n<\/div>","protected":false},"excerpt":{"rendered":"<p>[vc_row][vc_column width=&#8220;2\/3&#8243;][vc_column_text] J\u00e4gerschaft Eisleben e.V. [\/vc_column_text][vc_row_inner][vc_column_inner width=&#8220;1\/3&#8243;][vc_single_image image=&#8220;974&#8243; img_size=&#8220;full&#8220;][\/vc_column_inner][vc_column_inner width=&#8220;2\/3&#8243;][vc_column_text] Die Grunds\u00e4tze deutscher Weidgerechtigkeit sind auch uns J\u00e4gerinnen und J\u00e4gern der J\u00e4gerschaft Eisleben das wichtigste Anliegen. Wir wirken f\u00fcr den Schutz und die Erhaltung der freilebenden Tierwelt in ihren nat\u00fcrlichen Lebensr\u00e4umen. Dar\u00fcber hinausz\u00e4hlen f\u00fcr uns die Interessen des Naturschutzes, der [&hellip;]<\/p>\n","protected":false},"author":1,"featured_media":905,"parent":0,"menu_order":0,"comment_status":"closed","ping_status":"closed","template":"","meta":{"footnotes":""},"class_list":["post-2","page","type-page","status-publish","has-post-thumbnail"],"_links":{"self":[{"href":"https:\/\/ljv-sachsen-anhalt.de\/jaegerschaft-eisleben\/wp-json\/wp\/v2\/pages\/2","targetHints":{"allow":["GET"]}}],"collection":[{"href":"https:\/\/ljv-sachsen-anhalt.de\/jaegerschaft-eisleben\/wp-json\/wp\/v2\/pages"}],"about":[{"href":"https:\/\/ljv-sachsen-anhalt.de\/jaegerschaft-eisleben\/wp-json\/wp\/v2\/types\/page"}],"author":[{"embeddable":true,"href":"https:\/\/ljv-sachsen-anhalt.de\/jaegerschaft-eisleben\/wp-json\/wp\/v2\/users\/1"}],"replies":[{"embeddable":true,"href":"https:\/\/ljv-sachsen-anhalt.de\/jaegerschaft-eisleben\/wp-json\/wp\/v2\/comments?post=2"}],"version-history":[{"count":52,"href":"https:\/\/ljv-sachsen-anhalt.de\/jaegerschaft-eisleben\/wp-json\/wp\/v2\/pages\/2\/revisions"}],"predecessor-version":[{"id":975,"href":"https:\/\/ljv-sachsen-anhalt.de\/jaegerschaft-eisleben\/wp-json\/wp\/v2\/pages\/2\/revisions\/975"}],"wp:featuredmedia":[{"embeddable":true,"href":"https:\/\/ljv-sachsen-anhalt.de\/jaegerschaft-eisleben\/wp-json\/wp\/v2\/media\/905"}],"wp:attachment":[{"href":"https:\/\/ljv-sachsen-anhalt.de\/jaegerschaft-eisleben\/wp-json\/wp\/v2\/media?parent=2"}],"curies":[{"name":"wp","href":"https:\/\/api.w.org\/{rel}","templated":true}]}}