{"id":4,"date":"2019-10-22T01:10:39","date_gmt":"2019-10-21T23:10:39","guid":{"rendered":"http:\/\/wp.ljv-sachsen-anhalt.de\/jaegerschaft-sangerhausen\/event-directory\/"},"modified":"2025-12-28T09:41:06","modified_gmt":"2025-12-28T08:41:06","slug":"termine-events","status":"publish","type":"page","link":"https:\/\/ljv-sachsen-anhalt.de\/jaegerschaft-eisleben\/termine-events\/","title":{"rendered":"Termine &amp; Events"},"content":{"rendered":"<div class=\"wpb-content-wrapper\"><p>[vc_row][vc_column][vc_column_text]<\/p>\n<h2>AKTUELLE TERMINE, VERANSTALTUNGEN &amp; EVENTS:<\/h2>\n<p>[\/vc_column_text][\/vc_column][\/vc_row][vc_row][vc_column width=&#8220;1\/2&#8243;][vc_column_text css=&#8220;&#8220;]<\/p>\n<h1>J\u00e4gerschaftsschie\u00dfen<\/h1>\n<hr \/>\n<p>29.03.2025 Otto-Brosowski-Schacht Augsdorf Beginn: 13 Uhr<\/p>\n<h1>Jahreshauptversammlung<\/h1>\n<p>21.03.2026 Sportlerheim L\u00fcttchendorf Beginn: 9 Uhr<\/p>\n<hr \/>\n<p>[\/vc_column_text][\/vc_column][vc_column width=&#8220;1\/2&#8243;][vc_column_text]<div id='js-woffice-calendar-events' data-woffice-event-calendar='{&quot;id&quot;:&quot;1&quot;,&quot;visibility&quot;:&quot;general&quot;,&quot;is_widget&quot;:false}'><\/div>[\/vc_column_text][\/vc_column][\/vc_row]<\/p>\n<\/div>","protected":false},"excerpt":{"rendered":"<p>[vc_row][vc_column][vc_column_text] AKTUELLE TERMINE, VERANSTALTUNGEN &amp; EVENTS: [\/vc_column_text][\/vc_column][\/vc_row][vc_row][vc_column width=&#8220;1\/2&#8243;][vc_column_text css=&#8220;&#8220;] J\u00e4gerschaftsschie\u00dfen 29.03.2025 Otto-Brosowski-Schacht Augsdorf Beginn: 13 Uhr Jahreshauptversammlung 21.03.2026 Sportlerheim L\u00fcttchendorf Beginn: 9 Uhr [\/vc_column_text][\/vc_column][vc_column width=&#8220;1\/2&#8243;][vc_column_text][\/vc_column_text][\/vc_column][\/vc_row]<\/p>\n","protected":false},"author":1,"featured_media":0,"parent":0,"menu_order":0,"comment_status":"closed","ping_status":"closed","template":"","meta":{"footnotes":""},"class_list":["post-4","page","type-page","status-publish"],"_links":{"self":[{"href":"https:\/\/ljv-sachsen-anhalt.de\/jaegerschaft-eisleben\/wp-json\/wp\/v2\/pages\/4","targetHints":{"allow":["GET"]}}],"collection":[{"href":"https:\/\/ljv-sachsen-anhalt.de\/jaegerschaft-eisleben\/wp-json\/wp\/v2\/pages"}],"about":[{"href":"https:\/\/ljv-sachsen-anhalt.de\/jaegerschaft-eisleben\/wp-json\/wp\/v2\/types\/page"}],"author":[{"embeddable":true,"href":"https:\/\/ljv-sachsen-anhalt.de\/jaegerschaft-eisleben\/wp-json\/wp\/v2\/users\/1"}],"replies":[{"embeddable":true,"href":"https:\/\/ljv-sachsen-anhalt.de\/jaegerschaft-eisleben\/wp-json\/wp\/v2\/comments?post=4"}],"version-history":[{"count":13,"href":"https:\/\/ljv-sachsen-anhalt.de\/jaegerschaft-eisleben\/wp-json\/wp\/v2\/pages\/4\/revisions"}],"predecessor-version":[{"id":1174,"href":"https:\/\/ljv-sachsen-anhalt.de\/jaegerschaft-eisleben\/wp-json\/wp\/v2\/pages\/4\/revisions\/1174"}],"wp:attachment":[{"href":"https:\/\/ljv-sachsen-anhalt.de\/jaegerschaft-eisleben\/wp-json\/wp\/v2\/media?parent=4"}],"curies":[{"name":"wp","href":"https:\/\/api.w.org\/{rel}","templated":true}]}}