{"id":1112,"date":"2023-12-11T17:13:24","date_gmt":"2023-12-11T16:13:24","guid":{"rendered":"https:\/\/ljv-sachsen-anhalt.de\/jaegerschaft-halberstadt\/?page_id=1112"},"modified":"2026-04-18T14:00:59","modified_gmt":"2026-04-18T13:00:59","slug":"der-vorstand","status":"publish","type":"page","link":"https:\/\/ljv-sachsen-anhalt.de\/jaegerschaft-halberstadt\/der-vorstand\/","title":{"rendered":"Vorstand &amp; Obleute"},"content":{"rendered":"<div class=\"wpb-content-wrapper\"><p>[vc_row][vc_column][vc_column_text]<\/p>\n<h2>Der Vorstand<\/h2>\n<p>[\/vc_column_text][vc_column_text]Der gew\u00e4hlte Vorstand unserer J\u00e4gerschaft besteht aus[\/vc_column_text][\/vc_column][\/vc_row][vc_row][vc_column width=&#8220;1\/3&#8243;][vc_column_text]<strong>Vorsitzender<\/strong><\/p>\n<p style=\"padding-left: 40px\">Thomas P\u00e4schke<\/p>\n<p><strong>Stellvertretender Vorsitzender<\/strong><\/p>\n<p style=\"padding-left: 40px\">Heinz-Dieter H\u00fcnsche<\/p>\n<p><strong>Stellvertretender Vorsitzender<\/strong><\/p>\n<p style=\"padding-left: 40px\">J\u00f6rg Matthies<\/p>\n<p><strong>Schatzmeister<\/strong><\/p>\n<p style=\"padding-left: 40px\">Andreas Elzner<\/p>\n<p><strong>Schriftf\u00fchrer<\/strong><\/p>\n<p style=\"padding-left: 40px\">Anita Graubach<\/p>\n<p>[\/vc_column_text][\/vc_column][vc_column width=&#8220;2\/3&#8243;][vc_single_image image=&#8220;1638&#8243; img_size=&#8220;700&#215;400&#8243; alignment=&#8220;center&#8220;][vc_column_text css=&#8220;.vc_custom_1713883451876{margin-top: -30px !important;margin-left: 50px !important;}&#8220;]<span style=\"color: #999999\">J\u00f6rg Matthies,\u00a0Heinz-Dieter H\u00fcnsche, Anita Graubach, Thomas P\u00e4schke, Andreas Elzner\u00a0(v.l.)<\/span>[\/vc_column_text][\/vc_column][\/vc_row][vc_row][vc_column][vc_column_text]<\/p>\n<h2>Die Obleute<\/h2>\n<p>[\/vc_column_text][vc_column_text]Die berufenen Obleute sind[\/vc_column_text][\/vc_column][\/vc_row][vc_row][vc_column width=&#8220;1\/3&#8243;][vc_column_text css=&#8220;&#8220;]<strong>Jagdliches Schie\u00dfen<\/strong><\/p>\n<p style=\"padding-left: 40px\">Janine Sawilla<\/p>\n<p><strong>Jagdliches Brauchtum \/ Bl\u00e4ser<\/strong><\/p>\n<p style=\"padding-left: 40px\">Frank Kettner<\/p>\n<p><strong>\u00d6ffentlichkeitsarbeit \/ Luchs \/ Wolf<\/strong><\/p>\n<p style=\"padding-left: 40px\">Gero Doppelheuer<\/p>\n<p><strong>Jagdhundewesen<\/strong><\/p>\n<p style=\"padding-left: 40px\">Magnus Skodzik<\/p>\n<p><strong>Digitale Medien<\/strong><\/p>\n<p style=\"padding-left: 40px\">Karsten Rauer \/ Sophie Schmalian<\/p>\n<p>[\/vc_column_text][\/vc_column][vc_column width=&#8220;2\/3&#8243;][vc_single_image image=&#8220;1645&#8243; img_size=&#8220;700&#215;400&#8243; alignment=&#8220;center&#8220;][vc_column_text css=&#8220;.vc_custom_1713883459389{margin-top: -30px !important;margin-right: 60px !important;margin-left: 50px !important;}&#8220;]<span style=\"color: #999999\">J\u00f6rg Matthies, Janine Sawilla, Sophie Schmalian,\u00a0Heinz-Dieter H\u00fcnsche, Anita Graubach, Thomas P\u00e4schke, Andreas Elzner, Gero Doppelheuer, Holger Mevius (v.l.)<\/span>[\/vc_column_text][\/vc_column][\/vc_row][vc_row][vc_column][vc_column_text]<\/p>\n<h5>Bei Fragen und Anregungen kontaktieren Sie uns bitte unter <span style=\"color: #008000\"><strong><a style=\"color: #008000\" href=\"mailto:js.hbs@web.de\">js.hbs@web.de<\/a><\/strong>.<\/span><\/h5>\n<p>[\/vc_column_text][\/vc_column][\/vc_row]<\/p>\n<\/div>","protected":false},"excerpt":{"rendered":"<p>[vc_row][vc_column][vc_column_text] Der Vorstand [\/vc_column_text][vc_column_text]Der gew\u00e4hlte Vorstand unserer J\u00e4gerschaft besteht aus[\/vc_column_text][\/vc_column][\/vc_row][vc_row][vc_column width=&#8220;1\/3&#8243;][vc_column_text]Vorsitzender Thomas P\u00e4schke Stellvertretender Vorsitzender Heinz-Dieter H\u00fcnsche Stellvertretender Vorsitzender J\u00f6rg Matthies Schatzmeister Andreas Elzner Schriftf\u00fchrer Anita Graubach [\/vc_column_text][\/vc_column][vc_column width=&#8220;2\/3&#8243;][vc_single_image image=&#8220;1638&#8243; img_size=&#8220;700&#215;400&#8243; alignment=&#8220;center&#8220;][vc_column_text css=&#8220;.vc_custom_1713883451876{margin-top: -30px !important;margin-left: 50px !important;}&#8220;]J\u00f6rg Matthies,\u00a0Heinz-Dieter H\u00fcnsche, Anita Graubach, Thomas P\u00e4schke, Andreas Elzner\u00a0(v.l.)[\/vc_column_text][\/vc_column][\/vc_row][vc_row][vc_column][vc_column_text] Die Obleute [\/vc_column_text][vc_column_text]Die berufenen Obleute [&hellip;]<\/p>\n","protected":false},"author":215,"featured_media":0,"parent":0,"menu_order":0,"comment_status":"closed","ping_status":"closed","template":"","meta":{"footnotes":""},"class_list":["post-1112","page","type-page","status-publish"],"_links":{"self":[{"href":"https:\/\/ljv-sachsen-anhalt.de\/jaegerschaft-halberstadt\/wp-json\/wp\/v2\/pages\/1112","targetHints":{"allow":["GET"]}}],"collection":[{"href":"https:\/\/ljv-sachsen-anhalt.de\/jaegerschaft-halberstadt\/wp-json\/wp\/v2\/pages"}],"about":[{"href":"https:\/\/ljv-sachsen-anhalt.de\/jaegerschaft-halberstadt\/wp-json\/wp\/v2\/types\/page"}],"author":[{"embeddable":true,"href":"https:\/\/ljv-sachsen-anhalt.de\/jaegerschaft-halberstadt\/wp-json\/wp\/v2\/users\/215"}],"replies":[{"embeddable":true,"href":"https:\/\/ljv-sachsen-anhalt.de\/jaegerschaft-halberstadt\/wp-json\/wp\/v2\/comments?post=1112"}],"version-history":[{"count":10,"href":"https:\/\/ljv-sachsen-anhalt.de\/jaegerschaft-halberstadt\/wp-json\/wp\/v2\/pages\/1112\/revisions"}],"predecessor-version":[{"id":3247,"href":"https:\/\/ljv-sachsen-anhalt.de\/jaegerschaft-halberstadt\/wp-json\/wp\/v2\/pages\/1112\/revisions\/3247"}],"wp:attachment":[{"href":"https:\/\/ljv-sachsen-anhalt.de\/jaegerschaft-halberstadt\/wp-json\/wp\/v2\/media?parent=1112"}],"curies":[{"name":"wp","href":"https:\/\/api.w.org\/{rel}","templated":true}]}}