{"id":1354,"date":"2024-01-29T23:43:53","date_gmt":"2024-01-29T22:43:53","guid":{"rendered":"https:\/\/ljv-sachsen-anhalt.de\/jaegerschaft-halberstadt\/?page_id=1354"},"modified":"2026-01-13T16:44:20","modified_gmt":"2026-01-13T15:44:20","slug":"wissenswertes-fuer-nicht-jaeger","status":"publish","type":"page","link":"https:\/\/ljv-sachsen-anhalt.de\/jaegerschaft-halberstadt\/wissenswertes-fuer-nicht-jaeger\/","title":{"rendered":"Wissenswertes f\u00fcr Nicht-J\u00e4ger"},"content":{"rendered":"<div class=\"wpb-content-wrapper\"><p>[vc_row][vc_column][vc_tta_accordion][vc_tta_section i_icon_fontawesome=&#8220;fas fa-car-crash&#8220; add_icon=&#8220;true&#8220; title=&#8220;Verkehrsunfall mit Wildtieren&#8220; tab_id=&#8220;1710678075022-d1b55963-60d9&#8243;][vc_row_inner][vc_column_inner width=&#8220;1\/2&#8243;][vc_column_text]<\/p>\n<p>Bei\u00a0Wildunf\u00e4llen<span style=\"color: #ff0000\"> kontaktieren Sie bitte sofort den NOTRUF (110 oder 112)<\/span>. Die Beamten leiten Sie an und informieren den zust\u00e4ndigen J\u00e4ger.<\/p>\n<ul>\n<li><strong>Anhalten<\/strong>, Warnblinkeranlage an, Warndreieck aufstellen<\/li>\n<li><strong>Unfallort bestm\u00f6glich absichern<\/strong> und kennzeichnen<\/li>\n<li>bitte <strong>n\u00e4hern Sie sich nicht den verletzten Wildtieren<\/strong> &#8211; es besteht f\u00fcr Sie eine hohe Verletzungsgefahr und f\u00fcr die Tiere ist die Anwesenheit von Menschen extremer zus\u00e4tzlicher Stress<\/li>\n<li>auch wenn das Tier nicht mehr zu sehen ist, muss es von Spezialisten nachgesucht werden<\/li>\n<li>Polizei und J\u00e4ger k\u00f6nnen Ihnen eine Bescheinigung f\u00fcr die Versicherung ausstellen<\/li>\n<\/ul>\n<p><span style=\"color: #339966\">Besondere Vorsicht gilt immer nach <strong>Zeitumstellungen<\/strong> und an <strong>Hell-Dunkel-\u00dcberg\u00e4ngen<\/strong> wie vom Feld in W\u00e4lder.<\/span><\/p>\n<p>\u21d2 <a href=\"https:\/\/www.youtube.com\/watch?v=XAMx2tGZAU0\" target=\"_blank\" rel=\"noopener\">ADAC Video zum Verhalten nach einem Wildunfall<\/a><\/p>\n<p>[\/vc_column_text][\/vc_column_inner][vc_column_inner width=&#8220;1\/2&#8243;][vc_images_carousel images=&#8220;1399,1404,1408,1391,1402&#8243; img_size=&#8220;450&#215;450&#8243; onclick=&#8220;link_no&#8220; speed=&#8220;2500&#8243; autoplay=&#8220;yes&#8220; hide_pagination_control=&#8220;yes&#8220; hide_prev_next_buttons=&#8220;yes&#8220; wrap=&#8220;yes&#8220; css=&#8220;.vc_custom_1710681555641{padding-left: 50px !important;}&#8220;][\/vc_column_inner][\/vc_row_inner][\/vc_tta_section][vc_tta_section i_icon_fontawesome=&#8220;fas fa-paw&#8220; add_icon=&#8220;true&#8220; title=&#8220;Wildtiere in der Stadt&#8220; tab_id=&#8220;1710678075065-96ed9c98-f4cf&#8220;][vc_row_inner][vc_column_inner width=&#8220;1\/2&#8243;][vc_column_text css=&#8220;&#8220;]<\/p>\n<ul>\n<li><strong>Verletzte oder kranke Wildtiere<\/strong><\/li>\n<\/ul>\n<p>bitte <span style=\"color: #ff0000\">kontaktieren Sie umgehend die Feuerwehr (112).<\/span><\/p>\n<p>&nbsp;<\/p>\n<ul>\n<li><strong>Konflikte mit Wildtieren<\/strong><\/li>\n<\/ul>\n<p class=\"p1\"><span class=\"s1\">Der ehemalige Stadtj\u00e4ger hat sein Ehrenamt niedergelegt und hat keine Sonderrechte mehr, die Jagd in befriedeten Bezirken auszu\u00fcben. <\/span><\/p>\n<p class=\"p1\"><span class=\"s1\">In enger Zusammenarbeit zwischen der J\u00e4gerschaft Halberstadt und dem Ordnungsamt wird aktuell daran gearbeitet, dieses Amt wieder in kompetente und vertrauensvolle H\u00e4nde zu geben. <\/span><\/p>\n<p class=\"p1\"><strong><span class=\"s1\">Bitte wenden Sie sich bis auf Weiteres bei Notf\u00e4llen an die Feuerwehr. <\/span><\/strong><\/p>\n<p>&nbsp;<\/p>\n<p>&nbsp;<\/p>\n<p>[\/vc_column_text][\/vc_column_inner][vc_column_inner width=&#8220;1\/2&#8243;][vc_images_carousel images=&#8220;1380,1384,1394,1387,1388,1386,1398,1397&#8243; img_size=&#8220;450&#215;450&#8243; onclick=&#8220;link_no&#8220; speed=&#8220;2500&#8243; autoplay=&#8220;yes&#8220; hide_pagination_control=&#8220;yes&#8220; hide_prev_next_buttons=&#8220;yes&#8220; wrap=&#8220;yes&#8220; css=&#8220;.vc_custom_1710684140699{padding-left: 50px !important;}&#8220;][\/vc_column_inner][\/vc_row_inner][\/vc_tta_section][vc_tta_section i_icon_fontawesome=&#8220;fas fa-graduation-cap&#8220; add_icon=&#8220;true&#8220; title=&#8220;Naturp\u00e4dagogik&#8220; tab_id=&#8220;1710681801284-a29e76f7-9b2c&#8220;][vc_row_inner][vc_column_inner width=&#8220;1\/2&#8243;][vc_column_text]<\/p>\n<p><strong> &#8222;<em>Man sch\u00fctzt nur, was man liebt &#8211; man liebt nur, was man kennt.<\/em>&#8222;<\/strong> (Konrad Lorenz)<\/p>\n<p>Unter diesem Leitsatz ist es uns besonders wichtig, Kindern und Jugendliche unsere Natur und den Umgang mit ihr nahe zu bringen.<\/p>\n<p>Ob f\u00fcr <strong>Kinderg\u00e4rten, Grundschulen oder Jugendgruppen<\/strong>, ob als Vorstellung im Klassenzimmer oder naturnah beim Waldspaziergang: Wenn Sie als Erzieher oder Lehrer Ihren <strong>Kindern die Natur und die wichtige Arbeit der J\u00e4ger n\u00e4her bringen<\/strong> m\u00f6chten, dann kontaktieren Sie uns gern. Freiwillige J\u00e4ger und Wildtierp\u00e4dagogen stellen mit Ihnen ein altersgerechtes Programm zusammen.<\/p>\n<p><strong>Kontakt zur J\u00e4gerschaft: <a href=\"https:\/\/ljv-sachsen-anhalt.de\/jaegerschaft-halberstadt\/kontakt\/\">js.hbs@web.de<\/a><\/strong><\/p>\n<p>Wir empfehlen auch das<strong> <a href=\"https:\/\/ljv-sachsen-anhalt.de\/?p=3794\" target=\"_blank\" rel=\"noopener\">Lernort-Natur-Mobil<\/a><\/strong> unseres Landesjagdverbandes.<\/p>\n<p>[\/vc_column_text][\/vc_column_inner][vc_column_inner width=&#8220;1\/2&#8243;][vc_images_carousel images=&#8220;1892,1889,1004,1904,1012,1905,1006,1856,1857&#8243; img_size=&#8220;450&#215;450&#8243; onclick=&#8220;link_no&#8220; speed=&#8220;2500&#8243; autoplay=&#8220;yes&#8220; hide_pagination_control=&#8220;yes&#8220; hide_prev_next_buttons=&#8220;yes&#8220; wrap=&#8220;yes&#8220; css=&#8220;.vc_custom_1720523813378{padding-left: 50px !important;}&#8220;][\/vc_column_inner][\/vc_row_inner][\/vc_tta_section][vc_tta_section i_icon_fontawesome=&#8220;fas fa-tractor&#8220; add_icon=&#8220;true&#8220; title=&#8220;Kitzrettung&#8220; tab_id=&#8220;1717000859574-758733c7-c5b0&#8243;][vc_row_inner][vc_column_inner width=&#8220;1\/2&#8243;][vc_column_text css=&#8220;&#8220;]Wiesen und Felder sind die <strong>Kinderstube unserer Wildtiere<\/strong>. Viele Jungtiere haben in den ersten Lebenswochen <strong>noch keinen Fruchtreflex<\/strong>. Bei drohender Gefahr dr\u00fccken sie sich regungslos auf den Boden. Was evolution\u00e4r gut vor dem Entdecken durch R\u00e4uber wie z.B. dem Fuchs sch\u00fctzt, ist verheerend, wenn ein M\u00e4hwerk naht.<\/p>\n<p>Um junge Wildtiere vor der Fr\u00fchjahrsmahd zur retten, werden die Fl\u00e4chen m\u00f6glichst unmittelbar vor der Bearbeitung abgesucht. <span style=\"color: #ff0000\"><strong>Die gesetzliche Pflicht hierf\u00fcr liegt immer bei dem Landwirt, um dessen Fl\u00e4che es sich handelt<\/strong>. <\/span>Als effizientestes Mittel hat sich hier die Suche mit der<b> W\u00e4rmebilddrohne<\/b>\u00a0etabliert. Die Fl\u00e4chen werden mit der Drohne systematisch abgeflogen, W\u00e4rmequelle aufgesp\u00fcrt und kontrolliert. Die <strong>gefundenen Jungtiere werden vor\u00fcbergehend gesichert und sp\u00e4ter wieder in die Freiheit entlassen<\/strong>.\u00a0Die folgenden Vereine und Einzelpersonen bieten hierbei in unserer Region ihre Unterst\u00fctzung an (Auswahl):<\/p>\n<h5>N\u00e4here Informationen zur Kitzrettung gibt es <span style=\"color: #008000\"><a style=\"color: #008000\" href=\"https:\/\/ljv-sachsen-anhalt.de\/jaegerschaft-halberstadt\/kitzrettung\/\">\u21d2HIER<\/a><\/span><\/h5>\n<p>Die Bezeichnung &#8222;Kitzretter&#8220; hat sich vielerorts verbreitet. Gerettet werden neben <strong>Rehkitzen<\/strong> nat\u00fcrlich auch <strong>K\u00e4lber von Damwild<\/strong>, andere <strong>Jungtiere wie Feldhasen und Wildkaninchen<\/strong> sowie <strong>Gelege von Bodenbr\u00fctern wie Kiebitz und Fasan<\/strong>.[\/vc_column_text][\/vc_column_inner][vc_column_inner width=&#8220;1\/2&#8243;][vc_images_carousel images=&#8220;1654,1664,1652,1651,1670,1653,1663,1865,1826&#8243; img_size=&#8220;450&#215;450&#8243; speed=&#8220;3000&#8243; autoplay=&#8220;yes&#8220; wrap=&#8220;yes&#8220; css=&#8220;.vc_custom_1720523946897{padding-left: 50px !important;}&#8220;][\/vc_column_inner][\/vc_row_inner][\/vc_tta_section][\/vc_tta_accordion][\/vc_column][\/vc_row]<\/p>\n<\/div>","protected":false},"excerpt":{"rendered":"<p>[vc_row][vc_column][vc_tta_accordion][vc_tta_section i_icon_fontawesome=&#8220;fas fa-car-crash&#8220; add_icon=&#8220;true&#8220; title=&#8220;Verkehrsunfall mit Wildtieren&#8220; tab_id=&#8220;1710678075022-d1b55963-60d9&#8243;][vc_row_inner][vc_column_inner width=&#8220;1\/2&#8243;][vc_column_text] Bei\u00a0Wildunf\u00e4llen kontaktieren Sie bitte sofort den NOTRUF (110 oder 112). Die Beamten leiten Sie an und informieren den zust\u00e4ndigen J\u00e4ger. Anhalten, Warnblinkeranlage an, Warndreieck aufstellen Unfallort bestm\u00f6glich absichern und kennzeichnen bitte n\u00e4hern Sie sich nicht den verletzten Wildtieren &#8211; es besteht [&hellip;]<\/p>\n","protected":false},"author":215,"featured_media":0,"parent":0,"menu_order":0,"comment_status":"closed","ping_status":"closed","template":"","meta":{"footnotes":""},"class_list":["post-1354","page","type-page","status-publish"],"_links":{"self":[{"href":"https:\/\/ljv-sachsen-anhalt.de\/jaegerschaft-halberstadt\/wp-json\/wp\/v2\/pages\/1354","targetHints":{"allow":["GET"]}}],"collection":[{"href":"https:\/\/ljv-sachsen-anhalt.de\/jaegerschaft-halberstadt\/wp-json\/wp\/v2\/pages"}],"about":[{"href":"https:\/\/ljv-sachsen-anhalt.de\/jaegerschaft-halberstadt\/wp-json\/wp\/v2\/types\/page"}],"author":[{"embeddable":true,"href":"https:\/\/ljv-sachsen-anhalt.de\/jaegerschaft-halberstadt\/wp-json\/wp\/v2\/users\/215"}],"replies":[{"embeddable":true,"href":"https:\/\/ljv-sachsen-anhalt.de\/jaegerschaft-halberstadt\/wp-json\/wp\/v2\/comments?post=1354"}],"version-history":[{"count":10,"href":"https:\/\/ljv-sachsen-anhalt.de\/jaegerschaft-halberstadt\/wp-json\/wp\/v2\/pages\/1354\/revisions"}],"predecessor-version":[{"id":3148,"href":"https:\/\/ljv-sachsen-anhalt.de\/jaegerschaft-halberstadt\/wp-json\/wp\/v2\/pages\/1354\/revisions\/3148"}],"wp:attachment":[{"href":"https:\/\/ljv-sachsen-anhalt.de\/jaegerschaft-halberstadt\/wp-json\/wp\/v2\/media?parent=1354"}],"curies":[{"name":"wp","href":"https:\/\/api.w.org\/{rel}","templated":true}]}}