{"id":156,"date":"2020-01-27T14:13:49","date_gmt":"2020-01-27T13:13:49","guid":{"rendered":"http:\/\/wp.ljv-sachsen-anhalt.de\/jaegerschaft-halberstadt\/?page_id=156"},"modified":"2024-12-11T22:24:44","modified_gmt":"2024-12-11T21:24:44","slug":"jungjaegerausbildung","status":"publish","type":"page","link":"https:\/\/ljv-sachsen-anhalt.de\/jaegerschaft-halberstadt\/jungjaegerausbildung\/","title":{"rendered":"Jungj\u00e4gerausbildung"},"content":{"rendered":"<div class=\"wpb-content-wrapper\"><p>[vc_row][vc_column width=&#8220;1\/3&#8243;][vc_single_image image=&#8220;469&#8243; img_size=&#8220;large&#8220;][\/vc_column][vc_column width=&#8220;2\/3&#8243;][vc_column_text]<\/p>\n<h2>Die Jungj\u00e4gerausbildung<\/h2>\n<p>Wir f\u00fchren die Ausbildung unseres J\u00e4gernachwuchses seit langer Zeit in sehr bew\u00e4hrter <strong>Zusammenarbeit mit der J\u00e4gerschaft Wernigerode<\/strong> durch. Der Kurs findet jedes Jahr von <strong>Januar bis Juni<\/strong> statt.<\/p>\n<p>Der theoretische Unterricht erfolgt arbeitnehmerfreundlich freitagabends und samstags in der Kreisvolkshochschule Wernigerode. Hierbei wird das umfangreiche Wissen des \u201eGr\u00fcnen Abiturs\u201c vermittelt und bei Ausfl\u00fcgen in der Natur gefestigt.<\/p>\n<p>Der sichere und verantwortungsvolle Umgang mit Waffen sowie pr\u00e4zise Schie\u00dffertigkeiten werden auf dem Schie\u00dfstand in Wernigerode geschult. Die \u00dcbungswaffen werden seitens der J\u00e4gerschaft bereitgestellt.<\/p>\n<p>Den Abschluss bildet die <strong>dreit\u00e4gige Pr\u00fcfung im Juni<\/strong> welche aus einem schriftlichem, einem m\u00fcndlich-praktischem Teil sowie dem jagdlichen Schie\u00dfen besteht. Die Pr\u00fcfung erfolgt unter Obhut und Verantwortung des Landkreises Harz. (N\u00e4heres regelt die <a href=\"https:\/\/www.landesrecht.sachsen-anhalt.de\/bsst\/document\/jlr-JagdGDVST2005pP6\" target=\"_blank\" rel=\"noopener\">LJagdG-DVO<\/a>)<\/p>\n<p>Angeraten ist dem Jungj\u00e4ger, das theoretisch erworbene Wissen durch Begleitung und Anleitung von erfahrenen J\u00e4gern praktisch zu vertiefen. Mehrheitlich dient dieses Kennenlernen auch der sp\u00e4teren Integration in eine P\u00e4chtergemeinschaft und damit der M\u00f6glichkeit, die Jagd auch aktiv aus\u00fcben zu k\u00f6nnen.<\/p>\n<h3>Zur Anmeldung zur Jungj\u00e4gerausbildung geht es<span style=\"color: #008000\"> <a style=\"color: #008000\" href=\"https:\/\/www.xn--jgerschaft-wernigerode-04b.de\/jungjaeger\/\" target=\"_blank\" rel=\"noopener\">HIER<\/a><\/span>.<\/h3>\n<p>[\/vc_column_text][\/vc_column][\/vc_row]<\/p>\n<\/div>","protected":false},"excerpt":{"rendered":"<p>[vc_row][vc_column width=&#8220;1\/3&#8243;][vc_single_image image=&#8220;469&#8243; img_size=&#8220;large&#8220;][\/vc_column][vc_column width=&#8220;2\/3&#8243;][vc_column_text] Die Jungj\u00e4gerausbildung Wir f\u00fchren die Ausbildung unseres J\u00e4gernachwuchses seit langer Zeit in sehr bew\u00e4hrter Zusammenarbeit mit der J\u00e4gerschaft Wernigerode durch. Der Kurs findet jedes Jahr von Januar bis Juni statt. Der theoretische Unterricht erfolgt arbeitnehmerfreundlich freitagabends und samstags in der Kreisvolkshochschule Wernigerode. Hierbei wird das [&hellip;]<\/p>\n","protected":false},"author":9,"featured_media":0,"parent":0,"menu_order":0,"comment_status":"closed","ping_status":"closed","template":"","meta":{"footnotes":""},"class_list":["post-156","page","type-page","status-publish"],"_links":{"self":[{"href":"https:\/\/ljv-sachsen-anhalt.de\/jaegerschaft-halberstadt\/wp-json\/wp\/v2\/pages\/156","targetHints":{"allow":["GET"]}}],"collection":[{"href":"https:\/\/ljv-sachsen-anhalt.de\/jaegerschaft-halberstadt\/wp-json\/wp\/v2\/pages"}],"about":[{"href":"https:\/\/ljv-sachsen-anhalt.de\/jaegerschaft-halberstadt\/wp-json\/wp\/v2\/types\/page"}],"author":[{"embeddable":true,"href":"https:\/\/ljv-sachsen-anhalt.de\/jaegerschaft-halberstadt\/wp-json\/wp\/v2\/users\/9"}],"replies":[{"embeddable":true,"href":"https:\/\/ljv-sachsen-anhalt.de\/jaegerschaft-halberstadt\/wp-json\/wp\/v2\/comments?post=156"}],"version-history":[{"count":17,"href":"https:\/\/ljv-sachsen-anhalt.de\/jaegerschaft-halberstadt\/wp-json\/wp\/v2\/pages\/156\/revisions"}],"predecessor-version":[{"id":2162,"href":"https:\/\/ljv-sachsen-anhalt.de\/jaegerschaft-halberstadt\/wp-json\/wp\/v2\/pages\/156\/revisions\/2162"}],"wp:attachment":[{"href":"https:\/\/ljv-sachsen-anhalt.de\/jaegerschaft-halberstadt\/wp-json\/wp\/v2\/media?parent=156"}],"curies":[{"name":"wp","href":"https:\/\/api.w.org\/{rel}","templated":true}]}}