{"id":163,"date":"2020-01-27T14:41:36","date_gmt":"2020-01-27T13:41:36","guid":{"rendered":"http:\/\/wp.ljv-sachsen-anhalt.de\/jaegerschaft-halberstadt\/?page_id=163"},"modified":"2026-01-21T19:29:10","modified_gmt":"2026-01-21T18:29:10","slug":"jahresbeitrag-versicherung","status":"publish","type":"page","link":"https:\/\/ljv-sachsen-anhalt.de\/jaegerschaft-halberstadt\/jahresbeitrag-versicherung\/","title":{"rendered":"Jahresbeitrag \/ Versicherung"},"content":{"rendered":"<div class=\"wpb-content-wrapper\"><p>[vc_row][vc_column width=&#8220;1\/2&#8243;][vc_column_text css=&#8220;&#8220;]<\/p>\n<h4><strong>Jahresbeitrag f\u00fcr J\u00e4gerschaft und Jagdhaftpflichtversicherung<br \/>\n<\/strong><\/h4>\n<p>Der Jahresbeitrag betr\u00e4gt derzeit im Jagdjahr:<\/p>\n<table id=\"CM15de73e92412b685a10260c88\" class=\"cm_table\" style=\"height: 254px\" width=\"399\">\n<tbody>\n<tr class=\"cm_table cm_firstrow\">\n<td class=\"cm_table cm_firstcol\">Beitrag Bundes-\/ Landesj\u00e4gerschaft<\/td>\n<td class=\"cm_table cm_lastcol\" style=\"text-align: right\">70,00 \u20ac<\/td>\n<\/tr>\n<tr class=\"cm_table\">\n<td class=\"cm_table cm_firstcol\">Beitrag J\u00e4gerschaft Halberstadt<\/td>\n<td class=\"cm_table cm_lastcol\" style=\"text-align: right\">20,00 \u20ac<\/td>\n<\/tr>\n<tr class=\"cm_table\">\n<td class=\"cm_table cm_firstcol\" style=\"text-align: left\"><strong>Summe<\/strong><\/p>\n<p>&nbsp;<\/td>\n<td class=\"cm_table cm_lastcol\">\n<p style=\"text-align: right\"><strong>90,00 \u20ac<\/strong><\/p>\n<p>&nbsp;<\/td>\n<\/tr>\n<tr class=\"cm_table\">\n<td class=\"cm_table cm_firstcol\"><\/td>\n<td class=\"cm_table cm_lastcol\"><\/td>\n<\/tr>\n<tr class=\"cm_table\">\n<td class=\"cm_table cm_firstcol\">Jagdhaftpflichtversicherung<\/td>\n<td class=\"cm_table cm_lastcol\" style=\"text-align: right\"><span style=\"color: #000000\">2<\/span>7,<span style=\"color: #000000\">00 \u20ac (*1)<\/span><\/td>\n<\/tr>\n<tr class=\"cm_table\">\n<td class=\"cm_table cm_firstcol\"><strong>Summe mit Haftpflichtversicherung<\/strong><\/td>\n<td class=\"cm_table cm_lastcol\" style=\"text-align: right\">\n<h5><span style=\"color: #ff0000\"><strong>117,00 \u20ac<\/strong><\/span><\/h5>\n<\/td>\n<\/tr>\n<\/tbody>\n<\/table>\n<hr \/>\n<h5><span style=\"color: #ff0000\">BITTE BEACHTEN:<\/span><\/h5>\n<ul>\n<li>\n<h6><strong>Frist 31.03.<\/strong><\/h6>\n<\/li>\n<\/ul>\n<p>Der Beitrag muss bis zum 31.03. eines Jahres f\u00fcr das darauf folgende Jagdjahr auf dem Konto der J\u00e4gerschaft eingegangen sein.<\/p>\n<ul>\n<li>\n<h6><strong>Erh\u00f6hung um 2 EURO\u00a0<\/strong><\/h6>\n<\/li>\n<\/ul>\n<p><strong>ab dem Jagdjahr\u00a02026\/27 erh\u00f6ht<\/strong> sich der Jahresbeitrag f\u00fcr alle mit Jagdhaftpflichtversicherung <strong>um 2 EURO<\/strong> (*1) auf <span style=\"color: #ff0000\">117,00 EURO.\u00a0<\/span><\/p>\n<p>Grund: Leistungserweiterung der Hundeversicherung mit Verl\u00e4ngerung der Versicherungsdauer von 10 auf 12 Jahre; Erh\u00f6hung der Deckungssumme f\u00fcr Tierarztkosten um 150 EURO. Gem\u00e4\u00df Beschluss auf der Landesdelegiertenkonferenz. Ausf\u00fchrlichere Informationen hierzu gibt es im Mitgliedsblatt &#8222;modern jagen&#8220; Ausgabe #1 Jan\/Feb 2026 S. 6-7 oder <a href=\"https:\/\/ljv-sachsen-anhalt.de\/download\/modernjagen-01-jan-feb-2026\/\" target=\"_blank\" rel=\"noopener\"><span style=\"color: #008000\">\u21d2HIER.<\/span><\/a><\/p>\n<ul>\n<li>\n<h6><strong>Beitrag f\u00fcr jedes Jagdjahr einzeln begleichen<\/strong><\/h6>\n<\/li>\n<\/ul>\n<p>Die Beitr\u00e4ge f\u00fcr Mitgliedschaft und Versicherung k\u00f6nnen immer <strong><span style=\"color: #ff0000\">nur f\u00fcr ein Jagdjahr <\/span><\/strong>bezahlen werden, auch wenn ein 3-Jahres-Jagdschein beantragt werden soll.\u00a0<strong>Eine Zahlung <span style=\"color: #ff0000\">f\u00fcr mehrere Jahre im Voraus ist NICHT m\u00f6glich<\/span>\u00a0und wird kostenpflichtig zur\u00fcck gebucht!<\/strong><\/p>\n<ul>\n<li>\n<h6><strong>Bankverbindung\u00a0Harzsparkasse<\/strong><\/h6>\n<\/li>\n<\/ul>\n<p>IBAN: DE30 8105 2000 0380 1242 11<br \/>\nBIC: NOLADE21HRZ[\/vc_column_text][\/vc_column][vc_column width=&#8220;1\/2&#8243;][vc_single_image image=&#8220;2796&#8243; img_size=&#8220;large&#8220; alignment=&#8220;center&#8220; css=&#8220;&#8220;][\/vc_column][\/vc_row][vc_row][vc_column width=&#8220;1\/2&#8243;][vc_column_text css=&#8220;&#8220;]<\/p>\n<h4><strong>Sprechtage Schatzmeister der J\u00e4gerschaft<\/strong><\/h4>\n<p>Unser Schatzmeister gibt Auskunft und erteilt folgende Bescheinigungen:<\/p>\n<ul>\n<li><strong>Ausstellung der Best\u00e4tigung der Jagdhaftpflichtversicherung <\/strong>(notwendig f\u00fcr Erteilung\/Verl\u00e4ngerung Jagdschein)<\/li>\n<li><strong>Abstempeln der Mitgliederausweise<\/strong><\/li>\n<li>Sonstiges<\/li>\n<\/ul>\n<p>Die Termine f\u00fcr das Jahr 2026 sind jeweils in der Zeit von <strong>18 &#8211; 20 Uhr<\/strong> am<\/p>\n<ul>\n<li>20.01. (Di)<\/li>\n<li>19.02. (Do)<\/li>\n<li>19.03. (Do)<\/li>\n<\/ul>\n<p>in der Gastst\u00e4tte <strong>&#8222;Athenstedter Hof&#8220;<\/strong>, Am Saal 50, 38822 Athenstedt.<\/p>\n<p><strong><span style=\"color: #ff0000\">WICHTIG:<\/span><\/strong> die Versicherungsbest\u00e4tigung kann <strong>erst nach Eingang des Beitrages auf dem Konto der J\u00e4gerschaft<\/strong> ausgestellt werden. \u00a0Nach R\u00fccksprache mit der Unteren Jagdbeh\u00f6rde muss die Versicherungsbest\u00e4tigung NICHT mit dem Antrag zusammen eingereicht werden, sondern erst bei der Ausstellung der Verl\u00e4ngerung.[\/vc_column_text][\/vc_column][vc_column width=&#8220;1\/2&#8243;][vc_single_image image=&#8220;1309&#8243; img_size=&#8220;700&#215;450&#8243;][\/vc_column][\/vc_row]<\/p>\n<\/div>","protected":false},"excerpt":{"rendered":"<p>[vc_row][vc_column width=&#8220;1\/2&#8243;][vc_column_text css=&#8220;&#8220;] Jahresbeitrag f\u00fcr J\u00e4gerschaft und Jagdhaftpflichtversicherung Der Jahresbeitrag betr\u00e4gt derzeit im Jagdjahr: Beitrag Bundes-\/ Landesj\u00e4gerschaft 70,00 \u20ac Beitrag J\u00e4gerschaft Halberstadt 20,00 \u20ac Summe &nbsp; 90,00 \u20ac &nbsp; Jagdhaftpflichtversicherung 27,00 \u20ac (*1) Summe mit Haftpflichtversicherung 117,00 \u20ac BITTE BEACHTEN: Frist 31.03. Der Beitrag muss bis zum 31.03. eines Jahres [&hellip;]<\/p>\n","protected":false},"author":9,"featured_media":0,"parent":0,"menu_order":0,"comment_status":"closed","ping_status":"closed","template":"","meta":{"footnotes":""},"class_list":["post-163","page","type-page","status-publish"],"_links":{"self":[{"href":"https:\/\/ljv-sachsen-anhalt.de\/jaegerschaft-halberstadt\/wp-json\/wp\/v2\/pages\/163","targetHints":{"allow":["GET"]}}],"collection":[{"href":"https:\/\/ljv-sachsen-anhalt.de\/jaegerschaft-halberstadt\/wp-json\/wp\/v2\/pages"}],"about":[{"href":"https:\/\/ljv-sachsen-anhalt.de\/jaegerschaft-halberstadt\/wp-json\/wp\/v2\/types\/page"}],"author":[{"embeddable":true,"href":"https:\/\/ljv-sachsen-anhalt.de\/jaegerschaft-halberstadt\/wp-json\/wp\/v2\/users\/9"}],"replies":[{"embeddable":true,"href":"https:\/\/ljv-sachsen-anhalt.de\/jaegerschaft-halberstadt\/wp-json\/wp\/v2\/comments?post=163"}],"version-history":[{"count":11,"href":"https:\/\/ljv-sachsen-anhalt.de\/jaegerschaft-halberstadt\/wp-json\/wp\/v2\/pages\/163\/revisions"}],"predecessor-version":[{"id":3200,"href":"https:\/\/ljv-sachsen-anhalt.de\/jaegerschaft-halberstadt\/wp-json\/wp\/v2\/pages\/163\/revisions\/3200"}],"wp:attachment":[{"href":"https:\/\/ljv-sachsen-anhalt.de\/jaegerschaft-halberstadt\/wp-json\/wp\/v2\/media?parent=163"}],"curies":[{"name":"wp","href":"https:\/\/api.w.org\/{rel}","templated":true}]}}