{"id":1828,"date":"2024-05-29T21:36:50","date_gmt":"2024-05-29T20:36:50","guid":{"rendered":"https:\/\/ljv-sachsen-anhalt.de\/jaegerschaft-halberstadt\/?page_id=1828"},"modified":"2025-05-20T23:24:26","modified_gmt":"2025-05-20T22:24:26","slug":"wissenswertes-fuer-jaeger-2","status":"publish","type":"page","link":"https:\/\/ljv-sachsen-anhalt.de\/jaegerschaft-halberstadt\/wissenswertes-fuer-jaeger-2\/","title":{"rendered":"Wissenswertes f\u00fcr J\u00e4ger"},"content":{"rendered":"<div class=\"wpb-content-wrapper\"><p>[vc_row][vc_column][vc_tta_accordion][vc_tta_section i_icon_fontawesome=&#8220;fas fa-dog&#8220; add_icon=&#8220;true&#8220; title=&#8220;Best\u00e4tigter Schwei\u00dfhundef\u00fchrer&#8220; tab_id=&#8220;1717012439059-4a74f425-470a&#8220;][vc_row_inner][vc_column_inner width=&#8220;2\/5&#8243;][vc_images_carousel images=&#8220;1399,1408,1402,1810&#8243; img_size=&#8220;300&#215;350&#8243; onclick=&#8220;link_no&#8220; speed=&#8220;3000&#8243; autoplay=&#8220;yes&#8220; wrap=&#8220;yes&#8220; css=&#8220;.vc_custom_1717015742900{padding-left: 30px !important;}&#8220;][\/vc_column_inner][vc_column_inner width=&#8220;3\/5&#8243;][vc_column_text css=&#8220;.vc_custom_1747779835132{padding-left: 30px !important;}&#8220;]Ob nach einem <strong>Verkehrsunfall<\/strong> an der Stra\u00dfe oder bei der <strong>Jagdaus\u00fcbung<\/strong>, wenn Wildtiere verletzt oder get\u00f6tet, aber nicht aufgefunden werden, muss ein Gespann aus brauchbar gepr\u00fcftem Jagdhund und erfahrenem Hundef\u00fchrer nachsuchen.<\/p>\n<p>&nbsp;<\/p>\n<p>Eine Liste der <strong><span style=\"color: #008000\">best\u00e4tigten Schwei\u00dfhundef\u00fchrer <\/span><\/strong>f\u00fcr den Landkreis Harz finden Sie<span style=\"color: #ff6600\"> <a style=\"color: #ff6600\" href=\"https:\/\/ljv-sachsen-anhalt.de\/jaegerschaft-halberstadt\/download\/bestaetigte-schweisshundefuehrer-hz-stand-22-04-2024\/\" target=\"_blank\" rel=\"noopener\">\u21d2 HIER<\/a><\/span><\/p>\n<p>Kontakte zur <span style=\"color: #008000\"><strong>Schwei\u00dfhundestation Mitteldeutschland<\/strong><\/span> finden die <span style=\"color: #ff6600\"><a style=\"color: #ff6600\" href=\"https:\/\/nachsuche-mitteldeutschland.de\/ueber-uns.html\" target=\"_blank\" rel=\"noopener\">\u21d2 HIER<\/a><\/span><\/p>\n<p><strong>Hinweis:\u00a0<\/strong>Gem\u00e4\u00df \u00a7 29 Landesjagdgesetz Sachsen-Anhalt sind vom Jagdaus\u00fcbungsberechtigten beauftragte <strong>best\u00e4tigte Schwei\u00dfhundef\u00fchrer berechtigt, eine Nachsuche auf Schalenwild mit Hund und Schu\u00dfwaffe ohne R\u00fccksicht auf Jagdbezirksgrenzen durchzuf\u00fchren<\/strong>.<\/p>\n<p>Bitte beachten Sie, dass die <strong>Pflicht zur unverz\u00fcglichen Benachrichtigung<\/strong> der Reviernachbarn bestehen bleibt.[\/vc_column_text][\/vc_column_inner][\/vc_row_inner][\/vc_tta_section][vc_tta_section i_icon_fontawesome=&#8220;fas fa-dog&#8220; add_icon=&#8220;true&#8220; title=&#8220;Nachsuchengruppe&#8220; tab_id=&#8220;1745183940883-3f0be4a6-5027&#8243;][vc_row_inner][vc_column_inner width=&#8220;2\/5&#8243;][vc_images_carousel images=&#8220;2408,2407&#8243; img_size=&#8220;400&#215;350&#8243; onclick=&#8220;link_no&#8220; speed=&#8220;3000&#8243; autoplay=&#8220;yes&#8220; wrap=&#8220;yes&#8220; css=&#8220;.vc_custom_1745187186429{padding-left: 30px !important;}&#8220;][\/vc_column_inner][vc_column_inner width=&#8220;3\/5&#8243;][vc_column_text css=&#8220;.vc_custom_1747779816050{padding-left: 30px !important;}&#8220;]<\/p>\n<h5>NSG &#8211; JS Oschersleben<\/h5>\n<h5><strong>Zentrale Nummer: <span style=\"color: #ff6600\">0151 72 53 97 42<\/span> (Anruf\/SMS\/WhatsApp)<\/strong><\/h5>\n<p>Unter der F\u00f6rderung der <a href=\"https:\/\/www.jaegerschaft-oschersleben.de\/nachsuchengruppe-der-j\u00e4gerschaft-oschersleben\" target=\"_blank\" rel=\"noopener\">JS Oschersleben<\/a> hat sich eine neue Nachsuchengruppe gegr\u00fcndet, die f\u00fcr ihre und benachbarte J\u00e4gerschaften u.a. folgende Dienste anbieten:<\/p>\n<ul>\n<li>Nach-\/Kontrollsuchen nach Jagdaus\u00fcbung und Verkehrsunf\u00e4llen<\/li>\n<li>Hilfe bei Einarbeitung von Hunden und F\u00fchrern<\/li>\n<li>B\u00fcrgschaft f\u00fcr Reviere ohne jagdl. brauchbare Hunde<\/li>\n<li>Unterschiedliche Rassen f\u00fcr unterschiedliche Anforderungen HS, DD, DJT, SB<\/li>\n<\/ul>\n<p><strong>Hinweis:\u00a0<\/strong>Gem\u00e4\u00df \u00a7 29 Landesjagdgesetz Sachsen-Anhalt sind vom Jagdaus\u00fcbungsberechtigten beauftragte <strong>best\u00e4tigte Schwei\u00dfhundef\u00fchrer berechtigt, eine Nachsuche auf Schalenwild mit Hund und Schu\u00dfwaffe ohne R\u00fccksicht auf Jagdbezirksgrenzen durchzuf\u00fchren<\/strong>.<\/p>\n<p>Bitte beachten Sie, dass die <strong>Pflicht zur unverz\u00fcglichen Benachrichtigung<\/strong> der Reviernachbarn bestehen bleibt.[\/vc_column_text][\/vc_column_inner][\/vc_row_inner][\/vc_tta_section][vc_tta_section i_icon_fontawesome=&#8220;fas fa-clinic-medical&#8220; add_icon=&#8220;true&#8220; title=&#8220;Tier\u00e4rztlicher Notdienst&#8220; tab_id=&#8220;1745525685426-f6823256-32c5&#8243;][vc_row_inner][vc_column_inner][vc_column_text]<\/p>\n<h6>Im Notfall ist guter Rat teuer &#8211; auch bei unseren Haustieren. Sollte es ausserhalb der regul\u00e4ren Gesch\u00e4ftszeiten zu einem Notfall mit Ihrem Tier kommen,<\/h6>\n<h5>finden Sie hier den aktuellen <a href=\"https:\/\/www.tieraerztliche-notdienste.de\" target=\"_blank\" rel=\"noopener\"><span style=\"color: #ff0000\">\u21d2<strong><span style=\"color: #ff0000\">T<\/span>IER\u00c4RZTLICHEN NOTDIENST<\/strong><\/span>\u00a0<\/a>\u00a0in Ihrer N\u00e4he.<\/h5>\n<h6>Bitte beachten Sie auch die Flyer.<\/h6>\n<p>[\/vc_column_text][\/vc_column_inner][\/vc_row_inner][vc_row_inner][vc_column_inner width=&#8220;1\/2&#8243;][vc_single_image image=&#8220;2415&#8243; img_size=&#8220;full&#8220; add_caption=&#8220;yes&#8220; alignment=&#8220;center&#8220; style=&#8220;vc_box_rounded&#8220; onclick=&#8220;link_image&#8220;][\/vc_column_inner][vc_column_inner width=&#8220;1\/2&#8243;][vc_single_image image=&#8220;2417&#8243; img_size=&#8220;full&#8220; add_caption=&#8220;yes&#8220; alignment=&#8220;center&#8220; style=&#8220;vc_box_rounded&#8220; onclick=&#8220;link_image&#8220;][\/vc_column_inner][\/vc_row_inner][\/vc_tta_section][vc_tta_section i_icon_fontawesome=&#8220;fas fa-hotel&#8220; add_icon=&#8220;true&#8220; title=&#8220;Landkreis Harz &#8211; Kreisverwaltung&#8220; tab_id=&#8220;1717012439124-b5e45b9d-b22e&#8220;][vc_row_inner][vc_column_inner width=&#8220;1\/2&#8243;][vc_column_text]<\/p>\n<h6><strong>\u00d6ffnungszeiten<\/strong><\/h6>\n<table>\n<tbody>\n<tr>\n<td style=\"text-align: center\" width=\"94\"><strong>Mo \u2013 Do:<\/strong><\/td>\n<td width=\"123\"><strong>08:00 \u2013 12:00 Uhr<\/strong><\/td>\n<\/tr>\n<tr>\n<td width=\"94\"><\/td>\n<td width=\"123\"><strong>13:00 \u2013 16:00 Uhr<\/strong><\/td>\n<\/tr>\n<\/tbody>\n<\/table>\n<p>[\/vc_column_text][\/vc_column_inner][vc_column_inner width=&#8220;1\/2&#8243;][vc_single_image image=&#8220;1834&#8243; img_size=&#8220;&#8220; add_caption=&#8220;yes&#8220; onclick=&#8220;custom_link&#8220; img_link_target=&#8220;_blank&#8220; link=&#8220;https:\/\/www.kreis-hz.de&#8220;][\/vc_column_inner][\/vc_row_inner][vc_row_inner][vc_column_inner width=&#8220;1\/3&#8243;][vc_single_image image=&#8220;1231&#8243; style=&#8220;vc_box_rounded&#8220;][\/vc_column_inner][vc_column_inner width=&#8220;1\/3&#8243;][vc_single_image image=&#8220;1051&#8243; style=&#8220;vc_box_rounded&#8220;][\/vc_column_inner][vc_column_inner width=&#8220;1\/3&#8243;][vc_single_image image=&#8220;218&#8243; style=&#8220;vc_box_rounded&#8220;][\/vc_column_inner][\/vc_row_inner][vc_row_inner][vc_column_inner width=&#8220;1\/3&#8243;][vc_column_text]<\/p>\n<h6><strong>Amt f\u00fcr Veterin\u00e4rwesen<\/strong><\/h6>\n<p><strong>Abgabe von Probematerial:\u00a0<\/strong><\/p>\n<p>(Trichinen sowie Raubwild)<\/p>\n<p>Mo &#8211; Do\u00a0 \u00a0 \u00a008:00 &#8211; 12:00 Uhr und 13:00 &#8211; 16:00 Uhr<\/p>\n<p>Fr\u00a0 \u00a0 \u00a0 \u00a0 \u00a0 \u00a0 \u00a0 \u00a0 \u00a0 \u00a008:00 &#8211; 11:00 Uhr<\/p>\n<p>Bei Abgabe vor 12 Uhr erfolgt die Beprobung am selben Tag, Abgaben nach 12 Uhr werden am Folgetag beprobt.<\/p>\n<p>Geb\u00e4ude IV<\/p>\n<p><span style=\"color: #003300\"><a style=\"color: #003300\" href=\"https:\/\/www.kreis-hz.de\/de\/merkblaetter-tiergesundheittierschutz.html\" target=\"_blank\" rel=\"noopener\">\u21d2<\/a><a style=\"color: #003300\" href=\"https:\/\/www.kreis-hz.de\/de\/hinweise-fuer-jaeger-.html\" target=\"_blank\" rel=\"noopener\"> Kontakte, Formulare und Informationen<\/a><\/span>[\/vc_column_text][\/vc_column_inner][vc_column_inner width=&#8220;1\/3&#8243;][vc_column_text]<\/p>\n<h6><strong>Untere Waffenbeh\u00f6rde<\/strong><\/h6>\n<p>Kontakt nach Anfangsbuchstabe des Nachnamens:<\/p>\n<p>A bis M\u00a0 Telefon: 03941 5970-4383<\/p>\n<p>N bis Z\u00a0 \u00a0Telefon: 03941 5970-4406<\/p>\n<p>Geb\u00e4ude III &#8211; R\u00e4ume 307 a\/b\/d, 309<\/p>\n<p><span style=\"color: #003300\"><a style=\"color: #003300\" href=\"https:\/\/www.kreis-hz.de\/de\/merkblaetter-tiergesundheittierschutz.html\" target=\"_blank\" rel=\"noopener\">\u21d2<\/a><a style=\"color: #003300\" href=\"https:\/\/www.kreis-hz.de\/de\/waffen-jagd-fischerei.html\" target=\"_blank\" rel=\"noopener\"> Kontakte, Formulare und Informationen<\/a><\/span>[\/vc_column_text][\/vc_column_inner][vc_column_inner width=&#8220;1\/3&#8243;][vc_column_text]<\/p>\n<h6><strong>Untere Jagdbeh\u00f6rde<\/strong><\/h6>\n<p>Kontakt Sachgebietsleiterin<\/p>\n<p>Telefon: 03941 5970-4397<\/p>\n<p><span style=\"color: #ff0000\">Geb\u00e4ude III &#8211; R\u00e4ume 307 e<\/span><\/p>\n<p><span style=\"color: #003300\"><a style=\"color: #003300\" href=\"https:\/\/www.kreis-hz.de\/de\/merkblaetter-tiergesundheittierschutz.html\" target=\"_blank\" rel=\"noopener\">\u21d2<\/a><a style=\"color: #003300\" href=\"https:\/\/www.kreis-hz.de\/de\/waffen-jagd-fischerei.html?egov_leistung_liste%5BlstOeHierarchie%5D=10\" target=\"_blank\" rel=\"noopener\"> Kontakte, Formulare und Informationen<\/a><\/span>[\/vc_column_text][\/vc_column_inner][\/vc_row_inner][vc_row_inner][vc_column_inner][vc_column_text]<\/p>\n<h6>\u21d2 Wichtige Formulare und Vordrucke dieser Beh\u00f6rde finden Sie auch in unseren<span style=\"color: #008000\"> <a style=\"color: #008000\" href=\"https:\/\/ljv-sachsen-anhalt.de\/jaegerschaft-halberstadt\/downloads\/\">DOWNLOADS<\/a><\/span>.<\/h6>\n<p>[\/vc_column_text][\/vc_column_inner][\/vc_row_inner][\/vc_tta_section][vc_tta_section i_icon_fontawesome=&#8220;fas fa-hotel&#8220; add_icon=&#8220;true&#8220; title=&#8220;Obere Jagdbeh\u00f6rde&#8220; tab_id=&#8220;1717012878378-c8a8e145-0e70&#8243;][vc_row_inner][vc_column_inner width=&#8220;1\/2&#8243;][vc_column_text]<\/p>\n<h6>Landesverwaltungsamt<\/h6>\n<p style=\"padding-left: 40px\"><a href=\"https:\/\/lvwa.sachsen-anhalt.de\/das-lvwa\/landwirtschaft-umwelt\/agrarwirtschaft-laendliche-raeume-fischerei-forst-und-jagdhoheit\/forst-und-jagdhoheit-forstliche-foerderung-kontrollstelle-fuer-forstliches-vermehrungsgut\" target=\"_blank\" rel=\"noopener\">Forst- und Jagdhoheit<\/a><\/p>\n<p style=\"padding-left: 40px\"><a href=\"https:\/\/lvwa.sachsen-anhalt.de\/das-lvwa\/landwirtschaft-umwelt\/agrarwirtschaft-laendliche-raeume-fischerei-forst-und-jagdhoheit\/forst-und-jagd\/publikationen\" target=\"_blank\" rel=\"noopener\">Publikationen<\/a><\/p>\n<p style=\"padding-left: 40px\"><a href=\"https:\/\/lvwa.sachsen-anhalt.de\/fileadmin\/Bibliothek\/Politik_und_Verwaltung\/LVWA\/LVwA\/Dokumente\/4_landwirtschaftumwelt\/409\/409h\/MusterVertretungsvollmacht.pdf\" target=\"_blank\" rel=\"noopener\">Formular Vertretungsvollmacht Jagdgenossenschaft<\/a><\/p>\n<p>[\/vc_column_text][\/vc_column_inner][vc_column_inner width=&#8220;1\/2&#8243;][vc_single_image image=&#8220;1177&#8243; img_size=&#8220;&#8220; add_caption=&#8220;yes&#8220; onclick=&#8220;custom_link&#8220; img_link_target=&#8220;_blank&#8220; link=&#8220;https:\/\/lvwa.sachsen-anhalt.de\/das-lvwa&#8220;][\/vc_column_inner][\/vc_row_inner][\/vc_tta_section][vc_tta_section i_icon_fontawesome=&#8220;fab fa-gitlab&#8220; add_icon=&#8220;true&#8220; title=&#8220;Wolfskompetenzzentrum Iden&#8220; tab_id=&#8220;1717012969224-709ab7a1-eb74&#8243;][vc_row_inner][vc_column_inner width=&#8220;1\/2&#8243;][vc_column_text]<\/p>\n<h6>F\u00fcr Monitoring und Rissmeldung<\/h6>\n<p style=\"padding-left: 40px\">Wolfskompetenzzentrum Iden<br \/>\nLindenstra\u00dfe 18, 39606 Iden<br \/>\nTel.: +49 3939 06-486<\/p>\n<p style=\"padding-left: 40px\">E-Mail: wzi@lau.mwu.sachsen-anhalt.de<\/p>\n<p><strong>Notfallnummer:<\/strong><br \/>\n+ 49\u00a0162 3133949<\/p>\n<h6>F\u00f6rderung von Herdenschutzma\u00dfnahmen &amp; Schadensausgleich<\/h6>\n<p style=\"padding-left: 40px\">Amt f\u00fcr Landwirtschaft, Flurneuordnung und Forsten Anhalt, Sachgebiet 25,<br \/>\nK\u00fchnauer Stra\u00dfe 161, 06846 Dessau-Ro\u00dflau<br \/>\nE-Mail: PoststelleDE@alff.mule.sachsen-anhalt.de<\/p>\n<p>[\/vc_column_text][\/vc_column_inner][vc_column_inner width=&#8220;1\/2&#8243;][vc_single_image image=&#8220;1177&#8243; img_size=&#8220;&#8220; add_caption=&#8220;yes&#8220; onclick=&#8220;custom_link&#8220; img_link_target=&#8220;_blank&#8220; link=&#8220;https:\/\/lau.sachsen-anhalt.de\/naturschutz\/wolfsmanagement&#8220;][\/vc_column_inner][\/vc_row_inner][\/vc_tta_section][vc_tta_section i_icon_fontawesome=&#8220;fab fa-pagelines&#8220; add_icon=&#8220;true&#8220; title=&#8220;DJV&#8220; tab_id=&#8220;1717013103625-a190ff9d-1940&#8243;][vc_row_inner][vc_column_inner width=&#8220;1\/2&#8243;][vc_column_text]<\/p>\n<h6>Allgemeines<\/h6>\n<p style=\"padding-left: 40px\"><a href=\"https:\/\/djv-rabatt.de\/\" target=\"_blank\" rel=\"noopener\">Rabatte f\u00fcr Mitglieder<\/a><\/p>\n<p style=\"padding-left: 40px\"><a href=\"https:\/\/www.jagdverband.de\/zahlen-und-fakten\" target=\"_blank\" rel=\"noopener\">Zahlen und Fakten zur Jagd<\/a><\/p>\n<p style=\"padding-left: 40px\"><a href=\"https:\/\/www.jagdverband.de\/akademie\" target=\"_blank\" rel=\"noopener\">Akademie und Seminare<\/a><\/p>\n<p>[\/vc_column_text][\/vc_column_inner][vc_column_inner width=&#8220;1\/2&#8243;][vc_single_image image=&#8220;1179&#8243; img_size=&#8220;&#8220; add_caption=&#8220;yes&#8220; onclick=&#8220;custom_link&#8220; img_link_target=&#8220;_blank&#8220; link=&#8220;https:\/\/www.jagdverband.de\/&#8220;][\/vc_column_inner][\/vc_row_inner][vc_row_inner][vc_column_inner][vc_column_text]<\/p>\n<h6>Empfehlung Video-Reihen<\/h6>\n<p>[\/vc_column_text][\/vc_column_inner][\/vc_row_inner][vc_row_inner][vc_column_inner width=&#8220;1\/4&#8243;][vc_column_text]Erste Hilfe bei der Jagd[\/vc_column_text][\/vc_column_inner][vc_column_inner width=&#8220;1\/4&#8243;][vc_column_text]Erste Hilfe f\u00fcr den Jagdhund[\/vc_column_text][\/vc_column_inner][vc_column_inner width=&#8220;1\/4&#8243;][vc_column_text]Bleifreies Schie\u00dfen[\/vc_column_text][\/vc_column_inner][vc_column_inner width=&#8220;1\/4&#8243;][\/vc_column_inner][\/vc_row_inner][vc_row_inner][vc_column_inner width=&#8220;1\/4&#8243;][vc_video link=&#8220;https:\/\/www.youtube.com\/watch?v=uzaAN0frxmw&amp;list=PLPHA7xAmtAOaKseu5NoWGIMW5ffIGb16a&#8220;][\/vc_column_inner][vc_column_inner width=&#8220;1\/4&#8243;][vc_video link=&#8220;https:\/\/www.youtube.com\/watch?v=ZfdIe2HqYgQ&amp;list=PLPHA7xAmtAObtF63e2P8Zb3rSRR2eQAnb&#8220;][\/vc_column_inner][vc_column_inner width=&#8220;1\/4&#8243;][vc_video link=&#8220;https:\/\/www.youtube.com\/watch?v=1iY_B3bsJR0&amp;list=PLPHA7xAmtAOZahheErL2SJbwX94EYGMCC&#8220;][\/vc_column_inner][vc_column_inner width=&#8220;1\/4&#8243;][\/vc_column_inner][\/vc_row_inner][\/vc_tta_section][vc_tta_section i_icon_fontawesome=&#8220;fas fa-balance-scale&#8220; add_icon=&#8220;true&#8220; title=&#8220;Recht&#8220; tab_id=&#8220;1717013335365-56e2b8cb-10fb&#8220;][vc_row_inner][vc_column_inner width=&#8220;1\/2&#8243;][vc_column_text]<\/p>\n<h6>Jagdrecht<\/h6>\n<p style=\"padding-left: 40px\"><a href=\"https:\/\/www.gesetze-im-internet.de\/bjagdg\/\" target=\"_blank\" rel=\"noopener\">Bundesjagdrecht<\/a><\/p>\n<p style=\"padding-left: 40px\"><a href=\"https:\/\/www.landesrecht.sachsen-anhalt.de\/bsst\/document\/jlr-JagdGST1991rahmen\" target=\"_blank\" rel=\"noopener\">Landesjagdrecht Sachsen-Anhalt (sowie \u00c4nderungshistorie)<\/a><\/p>\n<p style=\"padding-left: 40px\"><a href=\"https:\/\/www.landesrecht.sachsen-anhalt.de\/bsst\/document\/jlr-JagdGDVST2005V2IVZ\" target=\"_blank\" rel=\"noopener\">Durchf\u00fchrungsverordnung (DVO) zum LJagdG Sachsen-Anhalt<\/a><\/p>\n<p style=\"padding-left: 40px\"><a href=\"https:\/\/www.landesrecht.sachsen-anhalt.de\/bsst\/document\/VVST-VVST000008067\" target=\"_blank\" rel=\"noopener\">Ausf\u00fchrungsbestimmungen (AB) zum LJagdG Sachsen-Anhalt<\/a><\/p>\n<h6>Waffenrecht<\/h6>\n<p style=\"padding-left: 40px\"><a href=\"https:\/\/www.gesetze-im-internet.de\/waffg_2002\/index.html\" target=\"_blank\" rel=\"noopener\">Waffengesetz<\/a><\/p>\n<p style=\"padding-left: 40px\"><a href=\"https:\/\/www.gesetze-im-internet.de\/awaffv\/index.html\" target=\"_blank\" rel=\"noopener\">Allgemeine Waffengesetz-Verordnung<\/a><\/p>\n<p>[\/vc_column_text][\/vc_column_inner][vc_column_inner width=&#8220;1\/2&#8243;][vc_column_text]<\/p>\n<h6>Verschiedene<\/h6>\n<p style=\"padding-left: 40px\"><a href=\"https:\/\/www.gesetze-im-internet.de\/bnatschg_2009\/\" target=\"_blank\" rel=\"noopener\">Bundesnaturschutzgesetz<\/a><\/p>\n<p style=\"padding-left: 40px\"><a href=\"https:\/\/www.landesrecht.sachsen-anhalt.de\/bsst\/document\/jlr-NatSchGST2010rahmen\" target=\"_blank\" rel=\"noopener\">Naturschutzgesetz des Landes Sachsen-Anhalt<\/a><\/p>\n<p style=\"padding-left: 40px\"><a href=\"https:\/\/www.landesrecht.sachsen-anhalt.de\/bsst\/document\/jlr-WaldGST2016rahmen\" target=\"_blank\" rel=\"noopener\">Landeswaldgesetz Sachsen-Anhalt<\/a><\/p>\n<p style=\"padding-left: 40px\"><a href=\"https:\/\/www.gesetze-im-internet.de\/tierschg\/BJNR012770972.html\" target=\"_blank\" rel=\"noopener\">Tierschutzgesetz<\/a><\/p>\n<p style=\"padding-left: 40px\"><a href=\"https:\/\/lvwa.sachsen-anhalt.de\/fileadmin\/Bibliothek\/Politik_und_Verwaltung\/LVWA\/LVwA\/Dokumente\/4_landwirtschaftumwelt\/409\/409h\/HegeRL.pdf\" target=\"_blank\" rel=\"noopener\">Hegerichtlinie f\u00fcr das Land Sachsen-Anhalt<\/a><\/p>\n<p style=\"padding-left: 40px\"><a href=\"https:\/\/www.gesetze-im-internet.de\/tierseuchanzv\/BJNR011780991.html\" target=\"_blank\" rel=\"noopener\">Verordnung \u00fcber anzeigepflichtige Tierseuchen (Liste)<\/a><\/p>\n<p style=\"padding-left: 40px\"><a href=\"https:\/\/www.jagdverband.de\/sites\/default\/files\/UVV_Jagd_05_2015.pdf\" target=\"_blank\" rel=\"noopener\">Unfallverh\u00fctungsvorschrift (UVV) Jagd<\/a><\/p>\n<p style=\"padding-left: 40px\"><a href=\"https:\/\/www.gesetze-im-internet.de\/tier-lmhv\/BJNR182800007.html\" target=\"_blank\" rel=\"noopener\">Tierische Lebensmittel-Hygieneverordnung<\/a><\/p>\n<p>[\/vc_column_text][\/vc_column_inner][\/vc_row_inner][vc_row_inner][vc_column_inner][vc_column_text]Hinweis: Es handelt sich hier um eine Auswahl, die keinen Anspruch auf Vollst\u00e4ndigkeit erhebt. Bitte pr\u00fcfen Sie immer, ob es zu den einzelnen Gebieten eine Novellierung gibt.<\/p>\n<p><span style=\"color: #ff0000\">Bei Rechtsfragen empfehlen wir die Leistungen des LJV: <a style=\"color: #ff0000\" href=\"https:\/\/ljv-sachsen-anhalt.de\/?page_id=13913\" target=\"_blank\" rel=\"noopener\">\u21d2 Informationen unseres Justitiar, Rechtsschutzversicherung sowie Seminare<\/a>.<\/span>[\/vc_column_text][\/vc_column_inner][\/vc_row_inner][\/vc_tta_section][\/vc_tta_accordion][\/vc_column][\/vc_row][vc_row][vc_column][vc_column_text]<\/p>\n<h5>Bei Fragen und Anregungen kontaktieren Sie uns bitte unter<span style=\"color: #008000\"> <strong><a style=\"color: #008000\" href=\"mailto:js.hbs@web.de\">js.hbs@web.de<\/a><\/strong><\/span>.<\/h5>\n<p>[\/vc_column_text][\/vc_column][\/vc_row]<\/p>\n<\/div>","protected":false},"excerpt":{"rendered":"<p>[vc_row][vc_column][vc_tta_accordion][vc_tta_section i_icon_fontawesome=&#8220;fas fa-dog&#8220; add_icon=&#8220;true&#8220; title=&#8220;Best\u00e4tigter Schwei\u00dfhundef\u00fchrer&#8220; tab_id=&#8220;1717012439059-4a74f425-470a&#8220;][vc_row_inner][vc_column_inner width=&#8220;2\/5&#8243;][vc_images_carousel images=&#8220;1399,1408,1402,1810&#8243; img_size=&#8220;300&#215;350&#8243; onclick=&#8220;link_no&#8220; speed=&#8220;3000&#8243; autoplay=&#8220;yes&#8220; wrap=&#8220;yes&#8220; css=&#8220;.vc_custom_1717015742900{padding-left: 30px !important;}&#8220;][\/vc_column_inner][vc_column_inner width=&#8220;3\/5&#8243;][vc_column_text css=&#8220;.vc_custom_1747779835132{padding-left: 30px !important;}&#8220;]Ob nach einem Verkehrsunfall an der Stra\u00dfe oder bei der Jagdaus\u00fcbung, wenn Wildtiere verletzt oder get\u00f6tet, aber nicht aufgefunden werden, muss ein Gespann aus brauchbar gepr\u00fcftem Jagdhund und erfahrenem Hundef\u00fchrer [&hellip;]<\/p>\n","protected":false},"author":215,"featured_media":0,"parent":0,"menu_order":0,"comment_status":"closed","ping_status":"closed","template":"","meta":{"footnotes":""},"class_list":["post-1828","page","type-page","status-publish"],"_links":{"self":[{"href":"https:\/\/ljv-sachsen-anhalt.de\/jaegerschaft-halberstadt\/wp-json\/wp\/v2\/pages\/1828","targetHints":{"allow":["GET"]}}],"collection":[{"href":"https:\/\/ljv-sachsen-anhalt.de\/jaegerschaft-halberstadt\/wp-json\/wp\/v2\/pages"}],"about":[{"href":"https:\/\/ljv-sachsen-anhalt.de\/jaegerschaft-halberstadt\/wp-json\/wp\/v2\/types\/page"}],"author":[{"embeddable":true,"href":"https:\/\/ljv-sachsen-anhalt.de\/jaegerschaft-halberstadt\/wp-json\/wp\/v2\/users\/215"}],"replies":[{"embeddable":true,"href":"https:\/\/ljv-sachsen-anhalt.de\/jaegerschaft-halberstadt\/wp-json\/wp\/v2\/comments?post=1828"}],"version-history":[{"count":21,"href":"https:\/\/ljv-sachsen-anhalt.de\/jaegerschaft-halberstadt\/wp-json\/wp\/v2\/pages\/1828\/revisions"}],"predecessor-version":[{"id":2445,"href":"https:\/\/ljv-sachsen-anhalt.de\/jaegerschaft-halberstadt\/wp-json\/wp\/v2\/pages\/1828\/revisions\/2445"}],"wp:attachment":[{"href":"https:\/\/ljv-sachsen-anhalt.de\/jaegerschaft-halberstadt\/wp-json\/wp\/v2\/media?parent=1828"}],"curies":[{"name":"wp","href":"https:\/\/api.w.org\/{rel}","templated":true}]}}