{"id":2,"date":"2019-09-09T18:55:36","date_gmt":"2019-09-09T16:55:36","guid":{"rendered":"http:\/\/wp.ljv-sachsen-anhalt.de\/jaegerschaft-halberstadt\/?page_id=2"},"modified":"2026-04-18T14:20:45","modified_gmt":"2026-04-18T13:20:45","slug":"jaegerschaft","status":"publish","type":"page","link":"https:\/\/ljv-sachsen-anhalt.de\/jaegerschaft-halberstadt\/","title":{"rendered":"J\u00e4gerschaft Halberstadt e.V."},"content":{"rendered":"<div class=\"wpb-content-wrapper\"><p>[vc_row][vc_column][vc_text_separator title=&#8220;Eilmeldung&#8220; border_width=&#8220;3&#8243;][\/vc_column][\/vc_row][vc_row][vc_column][vc_column_text css_animation=&#8220;bounceIn&#8220; css=&#8220;&#8220;]<\/p>\n<h4 style=\"text-align: center\">Schwarzwild-Erlegungspr\u00e4mie verl\u00e4ngert vom <span style=\"color: #008000\"><strong>01. Okt. 2024 \u2013 30. Sept. 2026<\/strong><\/span><\/h4>\n<p style=\"text-align: center\">Zu den Informationen, Fristen und Formularen geht <span style=\"color: #008000\"><span style=\"color: #000000\">es<\/span> <a style=\"color: #008000\" href=\"https:\/\/ljv-sachsen-anhalt.de\/jaegerschaft-halberstadt\/verlaengerung-erlegungspraemie-schwarzwild\/\" target=\"_blank\" rel=\"noopener\">\u21d2HIER<\/a><\/span><\/p>\n<p>[\/vc_column_text][\/vc_column][\/vc_row][vc_row][vc_column][vc_text_separator title=&#8220;Petition&#8220; border_width=&#8220;3&#8243; css=&#8220;&#8220;][\/vc_column][\/vc_row][vc_row][vc_column][vc_column_text css_animation=&#8220;bounceIn&#8220; css=&#8220;&#8220;]<\/p>\n<h4 style=\"text-align: center\">Petition &#8211;\u00a0<span style=\"color: #ff0000\"><span style=\"color: #008000\">Gegen \u00a0Windkraftausbau \u00a0im \u00a0Harz<\/span> <span style=\"color: #000000\">&#8211; jetzt<span style=\"color: #008000\"> <a style=\"color: #008000\" href=\"https:\/\/www.openpetition.de\/petition\/online\/keinen-weiteren-windkraftausbau-im-land-des-rotmilans\" target=\"_blank\" rel=\"noopener\">\u21d2 HIER UNTERZEICHNEN<\/a><\/span><\/span><\/span><\/h4>\n<p>[\/vc_column_text][\/vc_column][\/vc_row][vc_row][vc_column][vc_separator border_width=&#8220;4&#8243;][\/vc_column][\/vc_row][vc_row][vc_column][vc_column_text css_animation=&#8220;bounceIn&#8220; css=&#8220;&#8220;]<\/p>\n<h4 style=\"text-align: center\">SCHNELLZUGRIFF:<\/h4>\n<h4 style=\"text-align: center\"><span style=\"color: #008000\"><a style=\"color: #008000\" href=\"https:\/\/ljv-sachsen-anhalt.de\/jaegerschaft-halberstadt\/wissenswertes-fuer-jaeger-2\/\">\u21d2Wissenswertes f\u00fcr J\u00e4ger<\/a><\/span><\/h4>\n<h4 style=\"text-align: center\"><a href=\"https:\/\/ljv-sachsen-anhalt.de\/jaegerschaft-halberstadt\/downloads\/\"><span style=\"color: #008000\">\u21d2Downloads<\/span><\/a><\/h4>\n<h4 style=\"text-align: center\"><a href=\"https:\/\/ljv-sachsen-anhalt.de\/jaegerschaft-halberstadt\/download\/wildtiererfassungsbogen-2025-2\/\" target=\"_blank\" rel=\"noopener\"><span style=\"color: #008000\">\u21d2 Wildtiererfassungsbogen 2026 (Abgabe bis 30.09.26)<\/span><\/a><\/h4>\n<p>[\/vc_column_text][\/vc_column][\/vc_row][vc_row][vc_column width=&#8220;1\/3&#8243;][vc_single_image image=&#8220;3175&#8243; img_size=&#8220;large&#8220; add_caption=&#8220;yes&#8220; css=&#8220;&#8220;][\/vc_column][vc_column width=&#8220;2\/3&#8243;][vc_column_text css=&#8220;&#8220;]<\/p>\n<h4>Willkommen und Weidmannsheil !<strong><br \/>\n<\/strong><\/h4>\n<p>Das Gebiet der J\u00e4gerschaft Halberstadt e.V. ist im Harzvorland zwischen dem Rand der Magdeburger B\u00f6rde bis an die Grenze zum Nachbarland Niedersachsen gelegen. Der gr\u00f6\u00dfte Teil besteht aufgrund der relativ guten Bodenstruktur aus landwirtschaftlich genutzter Fl\u00e4che. Es gibt zwei gr\u00f6\u00dfere, nicht zusammenh\u00e4ngende Waldgebiete: den Huy und den Fallstein.<br \/>\nIn den Feldrevieren kommen haupts\u00e4chlich die Wildarten Reh- und Schwarzwild sowie Fuchs vor. Gelegentlich findet man Feldhasen und Rebh\u00fchner. In den beiden o.g. Waldgebieten ist zus\u00e4tzlich das Damwild zu Hause.<br \/>\nWir \u00fcben die Jagd mit ca. 230 Mitgliedern unserer J\u00e4gerschaft auf 665 km\u00b2 aus. In den meisten F\u00e4llen werden die Jagdreviere von den Jagdgenossenschaften der Gemeinden an P\u00e4chtergemeinschaften verpachtet.<\/p>\n<p>In der J\u00e4gerschaft Halberstadt gibt es 6 <a href=\"https:\/\/ljv-sachsen-anhalt.de\/jaegerschaft-halberstadt\/hegegemeinschaften\/\"><strong>Hegegemeinschaften<\/strong><\/a>.<\/p>\n<div id=\"CM15de73e92412b685a10260c88_div\">\n<table id=\"CM15de73e92412b685a10260c88\" class=\"cm_table\">\n<tbody class=\"cm_table\">\n<tr class=\"cm_table cm_firstrow\">\n<td class=\"cm_table cm_firstcol\"><strong>Hegegemeinschaft<\/strong><\/td>\n<td class=\"cm_table cm_lastcol\"><strong>Leiter<\/strong><\/td>\n<\/tr>\n<tr class=\"cm_table\">\n<td class=\"cm_table cm_firstcol\"><a href=\"https:\/\/ljv-sachsen-anhalt.de\/jaegerschaft-halberstadt\/hegegemeinschaften\/\"><strong>Huy<\/strong><\/a><\/td>\n<td class=\"cm_table cm_lastcol\">Holger Mevius<\/td>\n<\/tr>\n<tr class=\"cm_table\">\n<td class=\"cm_table cm_firstcol\">Fallstein<\/td>\n<td class=\"cm_table cm_lastcol\">Steffen Brutz<\/td>\n<\/tr>\n<tr class=\"cm_table\">\n<td class=\"cm_table cm_firstcol\">S\u00fcdlicher Fallstein<\/td>\n<td class=\"cm_table cm_lastcol\">Magnus Skodzik<\/td>\n<\/tr>\n<tr class=\"cm_table\">\n<td class=\"cm_table cm_firstcol\">Hohle Bach &#8211; Gro\u00dfes Bruch<\/td>\n<td class=\"cm_table cm_lastcol\">Frank Kettner<\/td>\n<\/tr>\n<tr class=\"cm_table\">\n<td class=\"cm_table cm_firstcol\">Halberstadt S\u00fcd<\/td>\n<td class=\"cm_table cm_lastcol\">Dr. Andreas Lehmann<\/td>\n<\/tr>\n<tr class=\"cm_table cm_lastrow\">\n<td class=\"cm_table cm_firstcol\">Harzvorland<\/td>\n<td class=\"cm_table cm_lastcol\">Gerald Lange<\/td>\n<\/tr>\n<\/tbody>\n<\/table>\n<\/div>\n<p>&nbsp;<\/p>\n<p>Zusammen mit den J\u00e4gerschaften\u00a0<span class=\"cm_anchor\"><a class=\"cm_anchor\" href=\"https:\/\/ljv-sachsen-anhalt.de\/jaegerschaft-quedlinburg\/\" target=\"_blank\" rel=\"noreferrer noopener\"><strong>Quedlinburg<\/strong><\/a><\/span>\u00a0und\u00a0<span class=\"cm_anchor\"><a class=\"cm_anchor\" href=\"https:\/\/www.j\u00e4gerschaft-wernigerode.de\" target=\"_blank\" rel=\"noreferrer noopener\"><strong>Wernigerode<\/strong><\/a><\/span>\u00a0vertreten wir die J\u00e4ger des Landkreises Harz in den unsere ehemaligen Landkreise im Rahmen der Kreisgebietsreform 2007 aufgegangen sind.<\/p>\n<h5>Bei Fragen und Anregungen kontaktieren Sie uns bitte unter<span style=\"color: #008000\"> <strong><a style=\"color: #008000\" href=\"mailto:js.hbs@web.de\">js.hbs@web.de<\/a><\/strong><\/span>.<\/h5>\n<p>[\/vc_column_text][\/vc_column][\/vc_row][vc_row][vc_column width=&#8220;1\/3&#8243;][vc_single_image image=&#8220;3248&#8243; img_size=&#8220;large&#8220; add_caption=&#8220;yes&#8220; css=&#8220;&#8220;][\/vc_column][vc_column width=&#8220;2\/3&#8243;][vc_column_text css=&#8220;&#8220;]<\/p>\n<h4>Willkommen bei unserem neuen WhatsApp-Kanal !<strong><br \/>\n<\/strong><\/h4>\n<p>Hier wollen wir schnell und direkt alle unsere Mitglieder \u00fcber jagdliche Themen auf dem Laufenden halten, zu Veranstaltungen informieren, an Fristen erinnern und Neuigkeiten teilen.<\/p>\n<p>Einfach den abgebildeten QR Code mit der Handykamera scannen und dem Link folgen, oder bei WhatsApp unter &#8222;Aktuelles&#8220; -&gt; &#8222;Kan\u00e4le&#8220; nach &#8222;J\u00e4gerschaft Halberstadt&#8220; suchen und abonnieren.<\/p>\n<p>Hinweis: WhatsApp-Kan\u00e4le sind kostenlos und dienen allein der einseitigen Weitergabe von Informationen. Daten wie Namen und Telefonnummern sind f\u00fcr andere Abonnenten <strong>nicht<\/strong> sichtbar.[\/vc_column_text][\/vc_column][\/vc_row]<\/p>\n<\/div>","protected":false},"excerpt":{"rendered":"<p>[vc_row][vc_column][vc_text_separator title=&#8220;Eilmeldung&#8220; border_width=&#8220;3&#8243;][\/vc_column][\/vc_row][vc_row][vc_column][vc_column_text css_animation=&#8220;bounceIn&#8220; css=&#8220;&#8220;] Schwarzwild-Erlegungspr\u00e4mie verl\u00e4ngert vom 01. Okt. 2024 \u2013 30. Sept. 2026 Zu den Informationen, Fristen und Formularen geht es \u21d2HIER [\/vc_column_text][\/vc_column][\/vc_row][vc_row][vc_column][vc_text_separator title=&#8220;Petition&#8220; border_width=&#8220;3&#8243; css=&#8220;&#8220;][\/vc_column][\/vc_row][vc_row][vc_column][vc_column_text css_animation=&#8220;bounceIn&#8220; css=&#8220;&#8220;] Petition &#8211;\u00a0Gegen \u00a0Windkraftausbau \u00a0im \u00a0Harz &#8211; jetzt \u21d2 HIER UNTERZEICHNEN [\/vc_column_text][\/vc_column][\/vc_row][vc_row][vc_column][vc_separator border_width=&#8220;4&#8243;][\/vc_column][\/vc_row][vc_row][vc_column][vc_column_text css_animation=&#8220;bounceIn&#8220; css=&#8220;&#8220;] SCHNELLZUGRIFF: \u21d2Wissenswertes f\u00fcr J\u00e4ger \u21d2Downloads \u21d2 [&hellip;]<\/p>\n","protected":false},"author":1,"featured_media":0,"parent":0,"menu_order":0,"comment_status":"closed","ping_status":"closed","template":"","meta":{"footnotes":""},"class_list":["post-2","page","type-page","status-publish"],"_links":{"self":[{"href":"https:\/\/ljv-sachsen-anhalt.de\/jaegerschaft-halberstadt\/wp-json\/wp\/v2\/pages\/2","targetHints":{"allow":["GET"]}}],"collection":[{"href":"https:\/\/ljv-sachsen-anhalt.de\/jaegerschaft-halberstadt\/wp-json\/wp\/v2\/pages"}],"about":[{"href":"https:\/\/ljv-sachsen-anhalt.de\/jaegerschaft-halberstadt\/wp-json\/wp\/v2\/types\/page"}],"author":[{"embeddable":true,"href":"https:\/\/ljv-sachsen-anhalt.de\/jaegerschaft-halberstadt\/wp-json\/wp\/v2\/users\/1"}],"replies":[{"embeddable":true,"href":"https:\/\/ljv-sachsen-anhalt.de\/jaegerschaft-halberstadt\/wp-json\/wp\/v2\/comments?post=2"}],"version-history":[{"count":12,"href":"https:\/\/ljv-sachsen-anhalt.de\/jaegerschaft-halberstadt\/wp-json\/wp\/v2\/pages\/2\/revisions"}],"predecessor-version":[{"id":3249,"href":"https:\/\/ljv-sachsen-anhalt.de\/jaegerschaft-halberstadt\/wp-json\/wp\/v2\/pages\/2\/revisions\/3249"}],"wp:attachment":[{"href":"https:\/\/ljv-sachsen-anhalt.de\/jaegerschaft-halberstadt\/wp-json\/wp\/v2\/media?parent=2"}],"curies":[{"name":"wp","href":"https:\/\/api.w.org\/{rel}","templated":true}]}}