{"id":2138,"date":"2024-12-04T00:31:15","date_gmt":"2024-12-03T23:31:15","guid":{"rendered":"https:\/\/ljv-sachsen-anhalt.de\/jaegerschaft-halberstadt\/?page_id=2138"},"modified":"2026-01-13T15:54:30","modified_gmt":"2026-01-13T14:54:30","slug":"mitgliedschaft","status":"publish","type":"page","link":"https:\/\/ljv-sachsen-anhalt.de\/jaegerschaft-halberstadt\/mitgliedschaft\/","title":{"rendered":"Mitgliedschaft"},"content":{"rendered":"<div class=\"wpb-content-wrapper\"><p>[vc_row][vc_column width=&#8220;2\/3&#8243;][vc_column_text css=&#8220;&#8220;]<\/p>\n<h2>Neues Mitglied werden<\/h2>\n<p>&nbsp;<\/p>\n<p>Sind Sie jagdlich\u00a0<strong>noch ein Frischling, <\/strong>oder<strong> schon ein alter Hase<\/strong>?<\/p>\n<p>Ob frisch gebackener <strong>Jungj\u00e4ger<\/strong>, <strong>oder erfahrener Weidgenosse<\/strong> der gerade her gezogen ist, wenn Sie ein <strong>weidgerechter J\u00e4ger<\/strong> sind, der <strong>Anschluss und Unterst\u00fctzung<\/strong> in unserer J\u00e4gerschaft sucht, dann k\u00f6nnen Sie sich gern als Mitglied bewerben.<\/p>\n<h5>Zum Antrag geht es <span style=\"color: #008000\"><a style=\"color: #008000\" href=\"https:\/\/ljv-sachsen-anhalt.de\/jaegerschaft-halberstadt\/download\/antrag-mitgliedschaft\/\" target=\"_blank\" rel=\"noopener\">\u21d2HIER<\/a><\/span><\/h5>\n<p>per E-Mail an:<\/p>\n<p style=\"padding-left: 40px\"><span style=\"color: #008000\">js.hbs@web.de<\/span><\/p>\n<p>postalisch an:<\/p>\n<p style=\"padding-left: 40px\">J\u00e4gerschaft Halberstadt e.V.<\/p>\n<p style=\"padding-left: 40px\">T. P\u00e4schke<br \/>\nGartenweg 46<br \/>\n38835 Hoppenstedt<\/p>\n<p>[\/vc_column_text][\/vc_column][vc_column width=&#8220;1\/3&#8243;][vc_images_carousel images=&#8220;1574,2133&#8243; img_size=&#8220;400&#215;400&#8243; onclick=&#8220;link_no&#8220; speed=&#8220;3000&#8243; autoplay=&#8220;yes&#8220; hide_pagination_control=&#8220;yes&#8220; hide_prev_next_buttons=&#8220;yes&#8220; wrap=&#8220;yes&#8220;][\/vc_column][\/vc_row][vc_row][vc_column][vc_separator style=&#8220;dotted&#8220;][\/vc_column][\/vc_row][vc_row][vc_column width=&#8220;2\/3&#8243;][vc_column_text]<\/p>\n<h2>Vorteile f\u00fcr Mitglieder<\/h2>\n<p>Die Organisation unserer Mitglieder in unserer J\u00e4gerschaft Halberstadt auf kommunaler Ebene, sowie dem Landesjagdverband Sachsen-Anhalt auf Landesebene verschafft uns vor allem eine Chance auf politisches Geh\u00f6r und Mitbestimmung. Weitere Vorteile sind u.a.:<\/p>\n<ul>\n<li><strong>Kontakte &#8211;<\/strong> zu J\u00e4gern, Jagdhornbl\u00e4ser, Hundef\u00fchrer\/-ausbilder, Nachsuchef\u00fchrer, Verp\u00e4chtern u.v.m.<\/li>\n<li><strong>Veranstaltungen &#8211;<\/strong> sowohl i.R.v. \u00d6ffentlichkeitsarbeit als auch intern bei Kursen, Versammlungen und Festen<\/li>\n<li><strong>Schie\u00dftraining &#8211;<\/strong> essenzielles Training, Schie\u00dfnachweise, Ein-\/Kontrollschie\u00dfen sowie sportliche Turniere<\/li>\n<li><strong>Seminare und Schulungen<\/strong> &#8211; zu Recht und Praxis finden Sie <span style=\"color: #008000\"><a style=\"color: #008000\" href=\"https:\/\/ljv-sachsen-anhalt.de\/?page_id=14615\" target=\"_blank\" rel=\"noopener\">HIER<\/a><\/span><\/li>\n<li><strong>Gruppenversicherung<\/strong> &#8211; ob Jagdhaftpflicht-, Unfall-, Rechtsschutz- oder Jagdhundeversicherung, zu den Konditionen und Meldeb\u00f6gen geht es <span style=\"color: #008000\"><a style=\"color: #008000\" href=\"https:\/\/ljv-sachsen-anhalt.de\/?page_id=13909\" target=\"_blank\" rel=\"noopener\">HIER<\/a><\/span><\/li>\n<li>zu den <strong>Rabatten<\/strong> f\u00fcr Jagdausr\u00fcstung, PKW u.\u00e4. geht es <span style=\"color: #008000\"><a style=\"color: #008000\" href=\"https:\/\/ljv-sachsen-anhalt.de\/?page_id=13911\" target=\"_blank\" rel=\"noopener\">HIER<\/a><\/span><\/li>\n<li>u.v.m.<\/li>\n<\/ul>\n<p>[\/vc_column_text][\/vc_column][vc_column width=&#8220;1\/3&#8243;][vc_images_carousel images=&#8220;1926,1917,1946,1664,1653,1884,1718,1490,1579,1055,1043,1044,1587,1004&#8243; img_size=&#8220;400&#215;400&#8243; onclick=&#8220;link_no&#8220; speed=&#8220;3000&#8243; autoplay=&#8220;yes&#8220; hide_pagination_control=&#8220;yes&#8220; hide_prev_next_buttons=&#8220;yes&#8220; wrap=&#8220;yes&#8220;][\/vc_column][\/vc_row][vc_row][vc_column][vc_separator style=&#8220;dotted&#8220;][\/vc_column][\/vc_row][vc_row][vc_column width=&#8220;1\/2&#8243;][vc_column_text css=&#8220;&#8220;]<\/p>\n<h4><strong>Jahresbeitrag f\u00fcr J\u00e4gerschaft und Jagdhaftpflichtversicherung<br \/>\n<\/strong><\/h4>\n<p>Der Jahresbeitrag betr\u00e4gt derzeit im Jagdjahr:<\/p>\n<table id=\"CM15de73e92412b685a10260c88\" class=\"cm_table\" style=\"height: 288px\" width=\"431\">\n<tbody>\n<tr class=\"cm_table cm_firstrow\">\n<td class=\"cm_table cm_firstcol\">Beitrag Bundes-\/ Landesj\u00e4gerschaft<\/td>\n<td class=\"cm_table cm_lastcol\" style=\"text-align: right\">70,00 \u20ac<\/td>\n<\/tr>\n<tr class=\"cm_table\">\n<td class=\"cm_table cm_firstcol\">Beitrag J\u00e4gerschaft Halberstadt<\/td>\n<td class=\"cm_table cm_lastcol\" style=\"text-align: right\">20,00 \u20ac<\/td>\n<\/tr>\n<tr class=\"cm_table\">\n<td class=\"cm_table cm_firstcol\" style=\"text-align: left\"><strong>Summe<\/strong><\/p>\n<p>&nbsp;<\/td>\n<td class=\"cm_table cm_lastcol\">\n<p style=\"text-align: right\"><strong>90,00 \u20ac<\/strong><\/p>\n<p>&nbsp;<\/td>\n<\/tr>\n<tr class=\"cm_table\">\n<td class=\"cm_table cm_firstcol\"><\/td>\n<td class=\"cm_table cm_lastcol\"><\/td>\n<\/tr>\n<tr class=\"cm_table\">\n<td class=\"cm_table cm_firstcol\">Jagdhaftpflichtversicherung<\/td>\n<td class=\"cm_table cm_lastcol\" style=\"text-align: right\">27,00 \u20ac \u00a0(*1)<\/td>\n<\/tr>\n<tr class=\"cm_table\">\n<td class=\"cm_table cm_firstcol\"><strong>Summe mit Haftpflichtversicherung<\/strong><\/td>\n<td class=\"cm_table cm_lastcol\" style=\"text-align: right\">\n<h6><span style=\"color: #ff0000\"><strong>117,00 \u20ac<\/strong><\/span><\/h6>\n<\/td>\n<\/tr>\n<\/tbody>\n<\/table>\n<p>&nbsp;<\/p>\n<h5><span style=\"color: #ff0000\">BITTE BEACHTEN:<\/span><\/h5>\n<ul>\n<li>\n<h6><strong>Frist 31.03.<\/strong><\/h6>\n<\/li>\n<\/ul>\n<p>Der Beitrag muss bis zum 31.03. eines Jahres f\u00fcr das darauf folgende Jagdjahr auf dem Konto der J\u00e4gerschaft eingegangen sein.<\/p>\n<ul>\n<li>\n<h6><strong>Erh\u00f6hung um 2 EURO\u00a0<\/strong><\/h6>\n<\/li>\n<\/ul>\n<p><strong>ab dem Jagdjahr\u00a02026\/27 erh\u00f6ht<\/strong> sich der Jahresbeitrag f\u00fcr alle mit Jagdhaftpflichtversicherung <strong>um 2 EURO<\/strong> (*1) auf <span style=\"color: #ff0000\">117,00 EURO.\u00a0<\/span><\/p>\n<p>Grund: Leistungserweiterung der Hundeversicherung mit Verl\u00e4ngerung der Versicherungsdauer von 10 auf 12 Jahre; Erh\u00f6hung der Deckungssumme f\u00fcr Tierarztkosten um 150 EURO. Gem\u00e4\u00df Beschluss auf der Landesdelegiertenkonferenz.<\/p>\n<ul>\n<li>\n<h6><strong>Beitrag f\u00fcr jedes Jagdjahr einzeln begleichen<\/strong><\/h6>\n<\/li>\n<\/ul>\n<p>Die Beitr\u00e4ge f\u00fcr Mitgliedschaft und Versicherung k\u00f6nnen immer <strong><span style=\"color: #ff0000\">nur f\u00fcr ein Jagdjahr <\/span><\/strong>bezahlen werden, auch wenn ein 3-Jahres-Jagdschein beantragt werden soll.\u00a0<strong>Eine Zahlung <span style=\"color: #ff0000\">f\u00fcr mehrere Jahre im Voraus ist NICHT m\u00f6glich<\/span>\u00a0und wird kostenpflichtig zur\u00fcck gebucht!<\/strong><\/p>\n<ul>\n<li>\n<h6><strong>Bankverbindung\u00a0Harzsparkasse<\/strong><\/h6>\n<\/li>\n<\/ul>\n<p>IBAN: DE30 8105 2000 0380 1242 11<br \/>\nBIC: NOLADE21HRZ[\/vc_column_text][\/vc_column][vc_column width=&#8220;1\/2&#8243;][vc_column_text css=&#8220;&#8220;]<\/p>\n<h4><strong>Sprechtage Schatzmeister der J\u00e4gerschaft<\/strong><\/h4>\n<p>Unser Schatzmeister gibt Auskunft und erteilt folgende Bescheinigungen:<\/p>\n<ul>\n<li><strong>Ausstellung der Best\u00e4tigung der Jagdhaftpflichtversicherung <\/strong>(notwendig f\u00fcr Erteilung\/Verl\u00e4ngerung Jagdschein)<\/li>\n<li><strong>Abstempeln der Mitgliederausweise<\/strong><\/li>\n<li>Sonstiges<\/li>\n<\/ul>\n<p>Die Termine f\u00fcr das Jahr 2026 in der Gastst\u00e4tte &#8222;<strong>Athenstedter Hof&#8220;,\u00a0<\/strong>Am Saal 50, 38822 Athenstedt jeweils von <strong>18 &#8211; 20 Uhr<\/strong><\/p>\n<ul>\n<li><strong>20.01.\u00a0<\/strong>(Di)<\/li>\n<li><strong>19.02.\u00a0<\/strong>(Do)<\/li>\n<li><strong>19.03.\u00a0<\/strong>(Do)<\/li>\n<\/ul>\n<p><span style=\"color: #ff0000\"><strong>WICHTIG<\/strong><\/span>: die Versicherungsbest\u00e4tigung kann <strong>erst nach Eingang des Beitrages auf dem Konto der J\u00e4gerschaft<\/strong> ausgestellt werden. \u00a0Nach R\u00fccksprache mit der Unteren Jagdbeh\u00f6rde muss die Versicherungsbest\u00e4tigung NICHT mit dem Antrag zusammen eingereicht werden, sondern erst bei der Ausstellung der Verl\u00e4ngerung.[\/vc_column_text][\/vc_column][\/vc_row]<\/p>\n<\/div>","protected":false},"excerpt":{"rendered":"<p>[vc_row][vc_column width=&#8220;2\/3&#8243;][vc_column_text css=&#8220;&#8220;] Neues Mitglied werden &nbsp; Sind Sie jagdlich\u00a0noch ein Frischling, oder schon ein alter Hase? Ob frisch gebackener Jungj\u00e4ger, oder erfahrener Weidgenosse der gerade her gezogen ist, wenn Sie ein weidgerechter J\u00e4ger sind, der Anschluss und Unterst\u00fctzung in unserer J\u00e4gerschaft sucht, dann k\u00f6nnen Sie sich gern als Mitglied [&hellip;]<\/p>\n","protected":false},"author":215,"featured_media":0,"parent":0,"menu_order":0,"comment_status":"closed","ping_status":"closed","template":"","meta":{"footnotes":""},"class_list":["post-2138","page","type-page","status-publish"],"_links":{"self":[{"href":"https:\/\/ljv-sachsen-anhalt.de\/jaegerschaft-halberstadt\/wp-json\/wp\/v2\/pages\/2138","targetHints":{"allow":["GET"]}}],"collection":[{"href":"https:\/\/ljv-sachsen-anhalt.de\/jaegerschaft-halberstadt\/wp-json\/wp\/v2\/pages"}],"about":[{"href":"https:\/\/ljv-sachsen-anhalt.de\/jaegerschaft-halberstadt\/wp-json\/wp\/v2\/types\/page"}],"author":[{"embeddable":true,"href":"https:\/\/ljv-sachsen-anhalt.de\/jaegerschaft-halberstadt\/wp-json\/wp\/v2\/users\/215"}],"replies":[{"embeddable":true,"href":"https:\/\/ljv-sachsen-anhalt.de\/jaegerschaft-halberstadt\/wp-json\/wp\/v2\/comments?post=2138"}],"version-history":[{"count":10,"href":"https:\/\/ljv-sachsen-anhalt.de\/jaegerschaft-halberstadt\/wp-json\/wp\/v2\/pages\/2138\/revisions"}],"predecessor-version":[{"id":3144,"href":"https:\/\/ljv-sachsen-anhalt.de\/jaegerschaft-halberstadt\/wp-json\/wp\/v2\/pages\/2138\/revisions\/3144"}],"wp:attachment":[{"href":"https:\/\/ljv-sachsen-anhalt.de\/jaegerschaft-halberstadt\/wp-json\/wp\/v2\/media?parent=2138"}],"curies":[{"name":"wp","href":"https:\/\/api.w.org\/{rel}","templated":true}]}}