{"id":31,"date":"2020-01-21T02:03:15","date_gmt":"2020-01-21T01:03:15","guid":{"rendered":"http:\/\/wp.ljv-sachsen-anhalt.de\/jaegerschaft-halberstadt\/?page_id=31"},"modified":"2026-01-14T14:55:50","modified_gmt":"2026-01-14T13:55:50","slug":"galerien","status":"publish","type":"page","link":"https:\/\/ljv-sachsen-anhalt.de\/jaegerschaft-halberstadt\/galerien\/","title":{"rendered":"Galerien"},"content":{"rendered":"<div class=\"wpb-content-wrapper\"><p>[vc_row][vc_column][vc_column_text css=&#8220;&#8220;]<\/p>\n<div class=\"wpb-content-wrapper\">\n<div class=\"vc_row wpb_row vc_row-fluid\">\n<div class=\"wpb_column vc_column_container vc_col-sm-12\">\n<div class=\"vc_column-inner\">\n<div class=\"wpb_wrapper\">\n<div class=\"wpb_text_column wpb_content_element\">\n<div class=\"wpb_wrapper\">\n<p>Alle Bilder unterliegen einem \u00a9 Copyright und d\u00fcrfen ohne Genehmigung nicht genutzt, ver\u00e4ndert oder weiter verbreitet werden.<\/p>\n<\/div>\n<\/div>\n<\/div>\n<\/div>\n<\/div>\n<\/div>\n<\/div>\n<p>[\/vc_column_text][\/vc_column][\/vc_row][vc_row][vc_column width=&#8220;1\/3&#8243;][vc_column_text css=&#8220;&#8220;]<\/p>\n<h4>\u00dcbungsschie\u00dfen: Laufender Keiler &#8211; 27.09.2025<strong><br \/>\n<\/strong><\/h4>\n<p>Fotos von Janine Sawilla<\/p>\n<p>Am Samstag den 27.09.25 trafen sich Mitglieder unserer J\u00e4gerschaft bei bestem Herbstwetter auf dem Schie\u00dfstand Beckendorf\/Neindorf.<\/p>\n<p>Ziel war es wie immer, ein bestm\u00f6gliches Training f\u00fcr den bewegten Schuss auf den laufenden Keiler zu bieten, um bei der anstehenden Dr\u00fcckjagdsaison unseren Anspr\u00fcchen an sichere und weidm\u00e4nnische Sch\u00fcsse gerecht zu werden.<\/p>\n<p>Weiterhin wurden auch Waffen, Optiken und Technik gepr\u00fcft und konfiguriert, um ein optimales Zusammenspiel zu gew\u00e4hrleisten.<\/p>\n<p>Den Ausklang bildete ein gemeinsames Grillen. Ein Dank geht an unsere beiden Standaufsichten Heiko und Dominik.<\/p>\n<p>Wir w\u00fcnschen allen J\u00e4gern eine sichere Kugel und Weidmannsheil.[\/vc_column_text][\/vc_column][vc_column width=&#8220;2\/3&#8243;][vc_gallery type=&#8220;image_grid&#8220; images=&#8220;3044,3026,3030,3027,3029,3031,3032,3035,3036,3037,3034,3028,3038,3039,3040,3041,3042,3043,3045,3046,3047,3050,3051,3052,3053,3054,3055,3056,3057,3058,3059,3060,3061,3062,3063,3064,3065,3081,3066,3067,3068,3069,3070,3074,3075,3076,3077,3078,3079,3080,3082,3071,3072,3073,3083,3084,3049,3085,3086,3087,3088,3090&#8243; img_size=&#8220;&#8220; css=&#8220;&#8220;][\/vc_column][\/vc_row][vc_row][vc_column width=&#8220;1\/3&#8243;][vc_column_text]<\/p>\n<h4>Erste Hilfe beim Jagdhund &#8211; 24.05.25<strong><br \/>\n<\/strong><\/h4>\n<p>Fotos von Janine Sawilla<\/p>\n<p>&#8222;Jagd ohne Hund ist Schund&#8220; &#8211; das weiss jeder J\u00e4ger. Doch gerade in Feld und Wald lauern einige Risiken f\u00fcr unsere geliebten Vierbeiner. Von der abgerissenen Kralle beim Waldspaziergang, \u00fcber einen Hitzschlag bei der sommerlichen Nachsuche oder gar ernste Verletzungen durch wehrhaftes Wild.<\/p>\n<p>Der erfahrene<strong> Tierarzt und J\u00e4ger Dr. Thomas Fritzsche<\/strong> zeigte uns in Theorie und Praxis mit welchen Ma\u00dfnahmen und Hilfsmitteln wir unseren treuen Begleitern die bestm\u00f6gliche Erstversorgung zukommen lassen k\u00f6nnen.<\/p>\n<p>Wir danken Dr. Fritzsche herzlich f\u00fcr dieses lehrreiche Seminar.<\/p>\n<p>Ein besonderer Dank geht nat\u00fcrlich auch an die braven Vierbeiner Tessa Graubach und Amsel P\u00e4schke f\u00fcr ihre Geduld und Mitarbeit ;)[\/vc_column_text][\/vc_column][vc_column width=&#8220;2\/3&#8243;][vc_gallery type=&#8220;image_grid&#8220; images=&#8220;2808,2755,2756,2757,2758,2760,2761,2762,2763,2764,2765,2766,2767,2769,2770,2768,2771,2772,2773,2774,2775,2776,2777,2778,2779,2780,2781,2782,2783,2784,2785,2786,2787,2788,2789,2791,2792,2809,2810,2793,2794,2795,2796,2797,2798,2799,2800,2801,2802,2803,2804,2805,2806,2807&#8243; img_size=&#8220;&#8220;][\/vc_column][\/vc_row][vc_row][vc_column width=&#8220;1\/3&#8243;][vc_column_text]<\/p>\n<h4>Harzer Jagdpokal &#8211; 03.05.2025\u00a0<strong><br \/>\n<\/strong><\/h4>\n<p>Fotos von Janine Sawilla<\/p>\n<p>Die Hegegemeinschaft Ballenstedt der J\u00e4gerschaft Quedlinburg lud zum j\u00e4hrlichen Harzer Jagdpokal auf den malerischen Schie\u00dfplatz Ballenstedt ein und die J\u00e4gerschaften Halberstadt und Wernigerode folgten dem Ruf. Alle drei J\u00e4gerschaften konnten sich sportlich messen und auf wie abseits der Bahnen den Austausch sowie das gesellige Miteinander genie\u00dfen.<\/p>\n<p>&nbsp;<\/p>\n<p>Wir gratulieren allen Siegern herzlich und freuen uns auf rege Beteiligung im n\u00e4chsten Jahr.[\/vc_column_text][\/vc_column][vc_column width=&#8220;2\/3&#8243;][vc_gallery type=&#8220;image_grid&#8220; images=&#8220;2648,2631,2632,2634,2635,2636,2637,2638,2639,2640,2641,2642,2643,2644,2645,2646,2647,2649,2650,2651,2652,2653,2654,2655,2656,2657,2658,2659,2660,2661,2662,2663,2664,2665,2666,2667,2668,2669,2670,2671,2672,2673,2674,2675,2676,2677,2678,2679,2680,2681,2682,2683,2684,2685,2686,2687,2688,2689,2690,2691,2692,2693,2694,2695,2696,2697,2698,2699,2700,2701,2702,2703,2704,2705,2706,2707,2708,2709,2710,2711,2712,2713,2714,2715,2716,2717,2718,2719,2720,2721,2722,2723,2724,2725,2726,2727,2633&#8243; img_size=&#8220;&#8220;][\/vc_column][\/vc_row][vc_row][vc_column width=&#8220;1\/3&#8243;][vc_column_text]<\/p>\n<h4>35 Jahre Landesjagdverband Sachsen-Anhalt\u00a0&#8211; 26.04.2025<strong><br \/>\n<\/strong><\/h4>\n<p>Fotos von Heinz-Dieter H\u00fcnsche<\/p>\n<p>Am Samstag den 26.04.25 trafen sich 250 Mitglieder des <strong>Landesjagdverbandes Sachsen Anhalt<\/strong> aus allen J\u00e4gerschaften fast auf den Tag genau <strong>35 Jahre nach Gr\u00fcndung<\/strong> des Verbandes in Dessau.<\/p>\n<p>Der heutige Golf-Club, eine ehemalige Kaserne, diente als Veranstaltungslocation, da genau hier damals die Vertreterinnen und Vertreter aus den Bezirken Halle und Magdeburg zusammen kamen, um unseren Landesjagdverband Sachsen-Anhalt zu gr\u00fcnden. 35 Jahre sp\u00e4ter gedachten wir diesem Ereignis mit Feierlichkeiten, einer Baumpflanzung und zur Erinnerung auch einer Plakette, welche von Pr\u00e4sident Dr. Carsten Scholz und Ehrenpr\u00e4sident Dr. Wulf Stubbe enth\u00fcllt wurde. Die Veranstaltung wurde von der Jagdhornbl\u00e4sergruppe der J\u00e4gerschaft Bitterfeld brauchtumsgerecht umrahmt.[\/vc_column_text][\/vc_column][vc_column width=&#8220;2\/3&#8243;][vc_gallery type=&#8220;image_grid&#8220; images=&#8220;2436,2437,2438,2439,2435,2440,2441&#8243; img_size=&#8220;&#8220;][\/vc_column][\/vc_row][vc_row][vc_column width=&#8220;1\/3&#8243;][vc_column_text]<\/p>\n<h4>Harzer B\u00fcchsenpokal &#8211; 12.04.2025\u00a0<strong><br \/>\n<\/strong><\/h4>\n<p>Fotos von Janine Sawilla<\/p>\n<p>Die J\u00e4gerschaft Wernigerode lud zum j\u00e4hrlichen Harzer B\u00fcchsenpokal auf den Schie\u00dfplatz Am Ziegenberg ein und die J\u00e4gerschaften Halberstadt und Quedlinburg folgten dem Ruf. Neben der sportlichen Herausforderung in 5 Disziplinen erfreute man sich vor allem am geselligen Miteinander der drei J\u00e4gerschaften.<\/p>\n<p>Sieger Mannschaft<\/p>\n<ul>\n<li>Platz 1 &#8211; Wernigerode (842P)<\/li>\n<li>Platz 2 &#8211; Halberstadt (738P)<\/li>\n<li>Platz 3 &#8211; Wernigerode (713P)<\/li>\n<\/ul>\n<p>Sieger Einzelwertung Herren<\/p>\n<ul>\n<li>Platz 1 &#8211; Hagen Kelle &#8211; WR (224P)<\/li>\n<li>Platz 2 &#8211; G\u00fcnther Wolf &#8211; WR (223P)<\/li>\n<li>Platz 3 &#8211; Dominic Geide &#8211; QLB (217P)<\/li>\n<\/ul>\n<p>Sieger Einzelwertung Damen<\/p>\n<ul>\n<li>Platz 1 &#8211; Doreen Kache HBS (227P)<\/li>\n<li>Platz 2 &#8211; Antonia G\u00f6hr &#8211; WR (160P)<\/li>\n<li>Platz 3 &#8211; Anna Reuschel &#8211; QLB (125P)<\/li>\n<\/ul>\n<p>Sieger Einzelwertung Gesamt<\/p>\n<ul>\n<li>Platz 1 &#8211; Doreen Kache &#8211; HBS (227P)<\/li>\n<li>Platz 2 &#8211; Hagen Kelle &#8211; WR (224P)<\/li>\n<li>Platz 3 &#8211; G\u00fcnther Wolf &#8211; WR (223P)<\/li>\n<\/ul>\n<p>Wir gratulieren allen Siegern herzlich und freuen uns auf rege Beteiligung im n\u00e4chsten Jahr.[\/vc_column_text][\/vc_column][vc_column width=&#8220;2\/3&#8243;][vc_gallery type=&#8220;image_grid&#8220; images=&#8220;2332,2333,2334,2335,2336,2337,2338,2339,2340,2341,2342,2343,2344,2345,2346,2347,2348,2349,2350,2351,2352,2353,2354,2355,2356,2357,2358,2359,2360,2361,2362,2363,2364,2365,2366,2367,2368,2369,2370,2371,2372,2373,2374,2375,2376,2377,2378,2379,2380,2381,2382,2383,2384,2385,2386,2387,2388,2389,2390,2391,2392,2393,2394,2395,2396,2397,2398,2399,2400,2401,2402,2403&#8243; img_size=&#8220;&#8220;][\/vc_column][\/vc_row][vc_row][vc_column width=&#8220;1\/3&#8243;][vc_column_text]<\/p>\n<h4>\u00dcbungsschie\u00dfen &#8211; 28.09.2024\u00a0<strong><br \/>\n<\/strong><\/h4>\n<p>Fotos von Janine Sawilla<\/p>\n<p>Die Jagd stellt besonders hohe Anforderungen an Sicherheit und technische Fertigkeiten. Das regelm\u00e4\u00dfige Training der J\u00e4ger unserer J\u00e4gerschaft ist dazu essenziell.<\/p>\n<p>Auf dem Schie\u00dfstand \u00fcbten unsere J\u00e4ger den bewegte Schuss mit Kugel und Schrot auf laufenden Keiler und Tontauben, um mit bestm\u00f6glichen Ergebnissen unseren Anspr\u00fcchen an die Weidgerechtigkeit und uns selbst gerecht zu werden.[\/vc_column_text][\/vc_column][vc_column width=&#8220;2\/3&#8243;][vc_gallery type=&#8220;image_grid&#8220; images=&#8220;2272,2271,2270,2268,2267,2265,2264,2263,2262,2261,2260,2259,2258,2257,2256,2255,2253,2254,2252,2251,2250,2249,2245,2248,2247,2246,2244,2243,2242,2241,2240,2239,2238,2237,2236,2235,2234,2233,2232,2269&#8243; img_size=&#8220;&#8220;][\/vc_column][\/vc_row][vc_row][vc_column width=&#8220;1\/3&#8243;][vc_column_text]<\/p>\n<h4>Hubertusmesse Veltheim im Fallstein &#8211; 19.10.2024<strong><br \/>\n<\/strong><\/h4>\n<p>Fotos von Sophie Schmalian<\/p>\n<p>Am Samstag den 19.10. fand die heilige Hubertusmesse in der Kirche St. Johannes zu Veltheim am Fallstein statt.<\/p>\n<p>Ausgestattet wurde die Messe vom Evangelischen Kirchspiel Veltheim und der Hegegemeinschaft Fallstein.<\/p>\n<p>Besonderer Dank richtet sich an Pfarrer Stefan Werter und Organisator Mirko Blume sowie der traditionellen musikalischen Untermalung durch die Jagdhornbl\u00e4ser und die M\u00e4nnergesangsvereine Veltheim und Rohrsheim.[\/vc_column_text][\/vc_column][vc_column width=&#8220;2\/3&#8243;][vc_gallery type=&#8220;image_grid&#8220; images=&#8220;2069,2068,2065,2064,2055,2061,2062,2060,2059,2058,2054,2056,2053,2052,2066,2067&#8243; img_size=&#8220;&#8220;][\/vc_column][\/vc_row][vc_row][vc_column width=&#8220;1\/3&#8243;][vc_column_text]<\/p>\n<h4>Harzfest und 1050 Jahre Osterwieck &#8211; 15.\/16.06.2024<strong><br \/>\n<\/strong><\/h4>\n<p>Fotos von Janine Sawilla<\/p>\n<p>Unter dem Motto &#8222;Naturschutz und Hege&#8220; war es unseren drei <strong>J\u00e4gerschaften<\/strong> <a href=\"https:\/\/ljv-sachsen-anhalt.de\/jaegerschaft-halberstadt\/\" target=\"_blank\" rel=\"noopener\"><strong>Halberstadt<\/strong><\/a>, <a href=\"https:\/\/www.j\u00e4gerschaft-wernigerode.de\" target=\"_blank\" rel=\"noopener\"><strong>Wernigerode<\/strong><\/a> und <a href=\"https:\/\/ljv-sachsen-anhalt.de\/jaegerschaft-quedlinburg\/\" target=\"_blank\" rel=\"noopener\"><strong>Quedlinburg<\/strong><\/a> eine Freude, am Harzfest teilzunehmen.<\/p>\n<p>Wir bedanken uns von Herzen bei allen G\u00e4sten f\u00fcr ihr Interesse an der Natur und unserer Arbeit und bei allen Beteiligten f\u00fcr ihre tatkr\u00e4ftige Unterst\u00fctzung.[\/vc_column_text][\/vc_column][vc_column width=&#8220;2\/3&#8243;][vc_gallery type=&#8220;image_grid&#8220; images=&#8220;1859,1855,1856,1854,1857,1860,1862,1858,1861,1864,1865,1866,1867,1868,1869,1870,1871,1873,1874,1875,1876,1877,1878,1879,1880,1881,1882,1883,1884,1885,1888,1889,1890,1893,1891,1892,1894,1897,1898,1899,1896,1901,1902,1903,1904,1905,1906,1907,1908,1909,1910,1911,1913,1912,1914,1915,1916,1917,1918,1920,1921,1922,1923,1924,1925,1926,1927,1928,1929,1930,1931,1932,1933,1934,1935,1936,1937,1938,1939,1940,1941,1942,1943,1944,1945,1946,1947&#8243; img_size=&#8220;&#8220;][\/vc_column][\/vc_row][vc_row][vc_column width=&#8220;1\/3&#8243;][vc_column_text]<\/p>\n<h4>40 Jahre Jagdhornbl\u00e4ser Blankenburg &#8211; 12.05.2024<strong><br \/>\n<\/strong><\/h4>\n<p>Fotos von Sophie Schmalian<\/p>\n<p>Die Jagdhornbl\u00e4sergruppe Blankenburg der JS Wernigerode feierte im B\u00fcrgerpark bei Kaiserwetter ihr 40j\u00e4hriges Jubil\u00e4um sowie das j\u00e4hrliche Bl\u00e4sertreffen.[\/vc_column_text][\/vc_column][vc_column width=&#8220;2\/3&#8243;][vc_gallery type=&#8220;image_grid&#8220; images=&#8220;1790,1788,1787,1785,1784,1782,1783,1780,1778,1777,1779,1776,1789,1775&#8243; img_size=&#8220;&#8220;][\/vc_column][\/vc_row][vc_row][vc_column width=&#8220;1\/3&#8243;][vc_column_text]<\/p>\n<h4>Jahreshauptversammlung &#8211; 20.04.2024<strong><br \/>\n<\/strong><\/h4>\n<p>Fotos von Janine Sawilla und Ronald Mnich[\/vc_column_text][\/vc_column][vc_column width=&#8220;2\/3&#8243;][vc_gallery type=&#8220;image_grid&#8220; images=&#8220;1739,1738,1737,1735,1734,1732,1731,1730,1729,1728,1727,1726,1725,1724,1723,1722,1721,1720,1719,1718,1717,1716,1715,1713,1714,1712,1631,1629,1627,1619,1613,1607,1606,1593,1595,1592,1599,1598&#8243; img_size=&#8220;&#8220;][\/vc_column][\/vc_row][vc_row][vc_column width=&#8220;1\/3&#8243;][vc_column_text]<\/p>\n<h4>Baumpflanzung &#8211; 1.000 B\u00e4ume f\u00fcr die Spiegelsberge 24.02.2024<strong><br \/>\n<\/strong><\/h4>\n<p>Fotos von Janine Sawilla<\/p>\n<p>Bewaffnet mit Pflanzspaten und 1.000 Setzlingen:<\/p>\n<p>So ging es f\u00fcr die Mitglieder unserer J\u00e4gerschaft und freiwillige Unterst\u00fctzer in die Spiegelsberge in Halberstadt. Hier wurden\u00a0bei bestem Kaiserwetter heimische und klimaresiliente Baumarten gepflanzt, um dem Wald der Zukunft unter die Arme zu greifen.<\/p>\n<p>W\u00e4lder sind nat\u00fcrlich ein gesch\u00e4tzter Erholungsort f\u00fcr uns Menschen, doch in erster Linie sind sie Nahrungsgrundlage und Lebensraum f\u00fcr zahlreiche Gesch\u00f6pfe. Von den Kleinstlebewesen im Mikrobiom des Waldbodens, \u00fcber Insekten, Reptilien, V\u00f6geln sowie kleine und gro\u00dfe S\u00e4ugetiere &#8211; der Wald lebt.<\/p>\n<p>Wir freuen uns, einen Beitrag f\u00fcr die Biodiversit\u00e4t unserer heimischen W\u00e4lder zu leisten und\u00a0bedanken uns herzlich bei allen tatkr\u00e4ftigen Unterst\u00fctzern.[\/vc_column_text][\/vc_column][vc_column width=&#8220;2\/3&#8243;][vc_gallery type=&#8220;image_grid&#8220; images=&#8220;1461,1462,1463,1464,1465,1466,1467,1468,1469,1470,1471,1472,1473,1474,1475,1476,1477,1478,1479,1480,1481,1482,1485,1483,1484,1486,1487,1488,1489,1490,1491,1492,1493,1494&#8243; img_size=&#8220;&#8220;][\/vc_column][\/vc_row][vc_row][vc_column width=&#8220;1\/3&#8243;][vc_column_text]<\/p>\n<h4>\u00dcbungsschie\u00dfen &#8211; Laufende Keiler am 28.10.2023\u00a0<strong><br \/>\n<\/strong><\/h4>\n<p>Fotos von Janine Sawilla<\/p>\n<p>Das Laub ist bunt verf\u00e4rbt und f\u00e4llt von den B\u00e4umen, das Jahr neigt sich dem Ende zu. F\u00fcr viele J\u00e4ger stehen nun die Gesellschaftsjagden an.<\/p>\n<p>Da diese Jagdart immer besonders hohe Anforderungen an Sicherheit und technischen Fertigkeiten stellt, nutzten J\u00e4ger unserer J\u00e4gerschaft abermals die M\u00f6glichkeiten, dies zu trainieren.<\/p>\n<p>Auf dem Schie\u00dfstand in Beckendorf\/Neindorf wurde der bewegte Schuss auf den laufenden Keiler ge\u00fcbt, um mit bestm\u00f6glichen Ergebnissen unseren Anspr\u00fcchen an die Weidgerechtigkeit und uns selbst gerecht zu werden.<\/p>\n<p>[\/vc_column_text][\/vc_column][vc_column width=&#8220;2\/3&#8243;][vc_gallery type=&#8220;image_grid&#8220; images=&#8220;1035,1059,1039,1038,1057,1056,1058,1055,1054,1052,1049,1053,1051,1048,1050,1046,1047,1042,1043,1044,1040,1041,1045&#8243; img_size=&#8220;&#8220;][\/vc_column][\/vc_row][vc_row][vc_column width=&#8220;1\/3&#8243;][vc_column_text]<\/p>\n<h4>Hubertusmesse Veltheim am 21.10.2023\u00a0<strong><br \/>\n<\/strong><\/h4>\n<p>Fotos von Ronald Mnich<\/p>\n<p>Am Samstag den 21.10. fand die heilige Hubertusmesse in der Kirche St. Johannes zu Veltheim am Fallstein statt.<\/p>\n<p>Ausgestattet wurde die Messe vom Evangelischen Kirchspiel Veltheim und der Hegegemeinschaft Fallstein.[\/vc_column_text][\/vc_column][vc_column width=&#8220;2\/3&#8243;][vc_gallery type=&#8220;image_grid&#8220; images=&#8220;1022,1021,1020&#8243; img_size=&#8220;&#8220;][\/vc_column][\/vc_row][vc_row][vc_column width=&#8220;1\/3&#8243;][vc_column_text]<\/p>\n<h4>Dorffest Eilenstedt am 02.09.2023\u00a0<strong><br \/>\n<\/strong><\/h4>\n<p>Fotos von Ronald Mnich<\/p>\n<p class=\"p1\">Anl\u00e4sslich des Dorffestes in Eilenstedt am Samstag den 02.09.2023 war es f\u00fcr die ans\u00e4ssigen Jagdp\u00e4chter<span class=\"Apple-converted-space\">\u00a0<\/span>sowie die Jagdhornbl\u00e4ser aus Eilenstedt eine Selbstverst\u00e4ndlichkeit sich und die J\u00e4gerschaft vor Ort zu repr\u00e4sentieren.<\/p>\n<p class=\"p1\">Anliegen des Festes war es, Firmen, Gewerbetreibende und Vereine des Ortes die M\u00f6glichkeit zu geben, sich den Anwohnern aus Eilenstedt und Umgebung vorzustellen.<span class=\"Apple-converted-space\">\u00a0<\/span><\/p>\n<p class=\"p1\">Mit der Unterst\u00fctzung durch den Landesjagdverband, welcher das Lernort-Natur-Mobil zur Verf\u00fcgung stellte, konnte ein ansprechender jagdlicher Stand errichtet werden, welcher von Gro\u00df und Klein sehr gut angenommen wurde. Die \u00d6ffentlichkeitsarbeit im Zusammenhang mit dem jagdlichen Brauchtum ist heute wichtiger den je, denn das ist die Schnittstelle zwischen dem Weidwerk und der nicht jagenden Bev\u00f6lkerung.<span class=\"Apple-converted-space\">\u00a0<\/span><\/p>\n<p>[\/vc_column_text][\/vc_column][vc_column width=&#8220;2\/3&#8243;][vc_gallery type=&#8220;image_grid&#8220; images=&#8220;1011,1016,1015,1018,1013,1010,1009,1008,1007,1006,1005,1004&#8243; img_size=&#8220;&#8220;][\/vc_column][\/vc_row][vc_row][vc_column width=&#8220;1\/3&#8243;][vc_column_text]<\/p>\n<h4><\/h4>\n<h4><\/h4>\n<h4>Eindr\u00fccke von der JHV am 22.04.2023<strong><br \/>\n<\/strong><\/h4>\n<p>Fotos von Ronald Mnich<\/p>\n<p>Im Rahmen der Jahreshauptversammlung gab es neben den Berichten des Vorstandes sowie der Beschlussfassung zur neuen Vereinssatzung auch regen Austausch der Weidgenossen.<\/p>\n<p>Gastredner gaben aktuelle Einblicke aus den Themen Jungwildrettung, Jagdpolitik, Veterin\u00e4rwesen und Verwaltung.<\/p>\n<p>Die Hegeschau bot den jagdlichen Hintergrund, musikalisch umrahmt wurde die Versammlung wie \u00fcblich durch die Jagdhornbl\u00e4ser.[\/vc_column_text][\/vc_column][vc_column width=&#8220;2\/3&#8243;][vc_gallery type=&#8220;image_grid&#8220; images=&#8220;986,981,980,974,977,978,979,988,985,984,983,982,992,993,994,995,996,997,989,990,975,976,1003,1002,1001,1000,999&#8243; img_size=&#8220;&#8220;][\/vc_column][\/vc_row][vc_row][vc_column width=&#8220;1\/3&#8243;][vc_column_text]<\/p>\n<h4><\/h4>\n<h4><\/h4>\n<h4>Eindr\u00fccke von der JHV am 30.04.2022<strong><br \/>\n<\/strong><\/h4>\n<p>Fotos von Ronald Mnich<\/p>\n<p>Nach den Einschr\u00e4nkungen durch Corona in den vergangenen Jahren konnte wieder eine Versammlung stattfinden, die auch zum regen Austausch zwischen den Weidgenossen genutzt wurde.<\/p>\n<p>Eine Hegeschau bot den jagdlichen Hintergrund, umrahmt wurde die Versammlung wie \u00fcblich durch die Jagdhornbl\u00e4ser.[\/vc_column_text][\/vc_column][vc_column width=&#8220;2\/3&#8243;][vc_gallery type=&#8220;image_grid&#8220; images=&#8220;703,707,700,702,708,704,705,706&#8243;][\/vc_column][\/vc_row][vc_row][vc_column width=&#8220;1\/3&#8243;][vc_column_text]<\/p>\n<h4><\/h4>\n<h4><\/h4>\n<h4>Kitzrettung im Gro\u00dfen Bruch<strong><br \/>\n<\/strong><\/h4>\n<p>Fotos von Ronald Mnich u. J\u00f6rg Matthies[\/vc_column_text][\/vc_column][vc_column width=&#8220;2\/3&#8243;][vc_gallery type=&#8220;image_grid&#8220; images=&#8220;469,479,476,506,503,474,472,475,470,505,471,1648,1650,1651&#8243;][\/vc_column][\/vc_row][vc_row][vc_column width=&#8220;1\/3&#8243;][vc_column_text]<\/p>\n<h4>Wildtiere im Revier<strong><br \/>\n<\/strong><\/h4>\n<p>Fotos von Ronald Mnich[\/vc_column_text][\/vc_column][vc_column width=&#8220;2\/3&#8243;][vc_gallery type=&#8220;image_grid&#8220; images=&#8220;218,223,221,222,216,219,220,217&#8243;][\/vc_column][\/vc_row][vc_row][vc_column width=&#8220;1\/3&#8243;][vc_column_text]<\/p>\n<h4><\/h4>\n<h4><\/h4>\n<h4>Jubil\u00e4umsfeier der Jagdhornbl\u00e4ser Eilenstedt 2019<\/h4>\n<p>Fotos von Ronald Mnich[\/vc_column_text][\/vc_column][vc_column width=&#8220;2\/3&#8243;][vc_gallery type=&#8220;image_grid&#8220; images=&#8220;184,209,210,212,213&#8243;][\/vc_column][\/vc_row]<\/p>\n<\/div>","protected":false},"excerpt":{"rendered":"<p>[vc_row][vc_column][vc_column_text css=&#8220;&#8220;] Alle Bilder unterliegen einem \u00a9 Copyright und d\u00fcrfen ohne Genehmigung nicht genutzt, ver\u00e4ndert oder weiter verbreitet werden. [\/vc_column_text][\/vc_column][\/vc_row][vc_row][vc_column width=&#8220;1\/3&#8243;][vc_column_text css=&#8220;&#8220;] \u00dcbungsschie\u00dfen: Laufender Keiler &#8211; 27.09.2025 Fotos von Janine Sawilla Am Samstag den 27.09.25 trafen sich Mitglieder unserer J\u00e4gerschaft bei bestem Herbstwetter auf dem Schie\u00dfstand Beckendorf\/Neindorf. Ziel war es [&hellip;]<\/p>\n","protected":false},"author":1,"featured_media":0,"parent":0,"menu_order":0,"comment_status":"closed","ping_status":"closed","template":"","meta":{"footnotes":""},"class_list":["post-31","page","type-page","status-publish"],"_links":{"self":[{"href":"https:\/\/ljv-sachsen-anhalt.de\/jaegerschaft-halberstadt\/wp-json\/wp\/v2\/pages\/31","targetHints":{"allow":["GET"]}}],"collection":[{"href":"https:\/\/ljv-sachsen-anhalt.de\/jaegerschaft-halberstadt\/wp-json\/wp\/v2\/pages"}],"about":[{"href":"https:\/\/ljv-sachsen-anhalt.de\/jaegerschaft-halberstadt\/wp-json\/wp\/v2\/types\/page"}],"author":[{"embeddable":true,"href":"https:\/\/ljv-sachsen-anhalt.de\/jaegerschaft-halberstadt\/wp-json\/wp\/v2\/users\/1"}],"replies":[{"embeddable":true,"href":"https:\/\/ljv-sachsen-anhalt.de\/jaegerschaft-halberstadt\/wp-json\/wp\/v2\/comments?post=31"}],"version-history":[{"count":13,"href":"https:\/\/ljv-sachsen-anhalt.de\/jaegerschaft-halberstadt\/wp-json\/wp\/v2\/pages\/31\/revisions"}],"predecessor-version":[{"id":3189,"href":"https:\/\/ljv-sachsen-anhalt.de\/jaegerschaft-halberstadt\/wp-json\/wp\/v2\/pages\/31\/revisions\/3189"}],"wp:attachment":[{"href":"https:\/\/ljv-sachsen-anhalt.de\/jaegerschaft-halberstadt\/wp-json\/wp\/v2\/media?parent=31"}],"curies":[{"name":"wp","href":"https:\/\/api.w.org\/{rel}","templated":true}]}}