{"id":488,"date":"2021-06-05T10:53:51","date_gmt":"2021-06-05T09:53:51","guid":{"rendered":"https:\/\/ljv-sachsen-anhalt.de\/jaegerschaft-halberstadt\/?page_id=488"},"modified":"2026-01-14T14:56:38","modified_gmt":"2026-01-14T13:56:38","slug":"kitzrettung","status":"publish","type":"page","link":"https:\/\/ljv-sachsen-anhalt.de\/jaegerschaft-halberstadt\/kitzrettung\/","title":{"rendered":"Kitz- und Jungwildrettung"},"content":{"rendered":"<div class=\"wpb-content-wrapper\"><p>[vc_row][vc_column][vc_column_text]<\/p>\n<h2>Wildtierrettung f\u00fcr Kitz, Rebhuhn und Feldhase und Co<\/h2>\n<p>[\/vc_column_text][vc_column_text css=&#8220;&#8220;]Die Bezeichnung &#8222;Kitzrettung&#8220; hat sich vielerorts durchgesetzt. Gerettet werden neben <strong>Rehkitzen<\/strong> aber nat\u00fcrlich auch <strong>K\u00e4lber von Damwild<\/strong>, andere <strong>Jungtiere wie Feldhasen und Wildkaninchen<\/strong> sowie die <strong>Gelege von Bodenbr\u00fctern wie Kiebitz, Rebhuhn und Fasan<\/strong>.[\/vc_column_text][\/vc_column][\/vc_row][vc_row][vc_column width=&#8220;2\/5&#8243;][vc_images_carousel images=&#8220;1826,1865,1878,1907,1651,1649,1650&#8243; img_size=&#8220;400&#215;400&#8243; speed=&#8220;3000&#8243; autoplay=&#8220;yes&#8220; hide_pagination_control=&#8220;yes&#8220; hide_prev_next_buttons=&#8220;yes&#8220; wrap=&#8220;yes&#8220; css=&#8220;&#8220;][\/vc_column][vc_column width=&#8220;3\/5&#8243;][vc_column_text css=&#8220;&#8220;]<\/p>\n<h4>Kitzrettung vor dem M\u00e4htod<\/h4>\n<p>Wenn die ersten Futterweiden in voller Pracht gr\u00fcnen, zur Zeit der ersten Grasmahden, sieht man morgens kurz nach Sonnenaufgang ungew\u00f6hnliche Gruppen von Fr\u00fchaufstehern \u00fcber die Wiesen streifen. Die Kitzretter, sind wieder unterwegs, um mit Hilfe von <strong>W\u00e4rmebilddrohen<\/strong> die im hohen Gras abgelegten Rehkitze und andere junge Wildtier zu finden und vor dem M\u00e4htod in Sicherheit zu bringen.<\/p>\n<p>Die Kitze werden im <strong>Mai\/Juni<\/strong> &#8211; und damit genau in der Zeit der ersten Grasmahd &#8211; geboren. In den ersten Lebenstagen legt die Ricke ihr Kitz im Gras versteckt und vermeintlich sicher ab. Bei Gefahr duckt sich das Kitz entsprechend einem Jahrtausende alten Instinkt flach an den Boden, statt wegzulaufen. Was zwar vor R\u00e4ubern sch\u00fctzt, macht das Kitz zum sicheren Opfer des M\u00e4hwerks. Jedes Jahr sterben tausende von Kitzen durch M\u00e4hwerke oder werden grausam verst\u00fcmmelt.[\/vc_column_text][\/vc_column][\/vc_row][vc_row][vc_column width=&#8220;2\/5&#8243;][vc_images_carousel images=&#8220;3176,3179,3178,1670,3177,3161,3160,3169&#8243; img_size=&#8220;400&#215;400&#8243; speed=&#8220;3000&#8243; autoplay=&#8220;yes&#8220; hide_pagination_control=&#8220;yes&#8220; hide_prev_next_buttons=&#8220;yes&#8220; wrap=&#8220;yes&#8220; css=&#8220;&#8220;][\/vc_column][vc_column width=&#8220;3\/5&#8243;][vc_column_text css=&#8220;&#8220;]<\/p>\n<h4>Mit Drohne und W\u00e4rmebildkamera<\/h4>\n<p>Ob Wiesen aus Tierfutterpflanzen wie Luzerne, zur Heugewinnung oder f\u00fcr Grassilage, die dichte Struktur der Pflanzen gibt den jungen Wildtieren Schutz, Deckung und Nahrung und stellt ihre Kinderstube dar. Soll die Wiese nun aber gem\u00e4ht werden, ist das Auffinden der <strong>schutzlosen Tiere<\/strong> mit blo\u00dfes Auge unm\u00f6glich. Bei gro\u00dfen Schl\u00e4gen kann auch das Absuchen mit Jagdhunden keine Gewissheit bieten.<\/p>\n<p>Auf den ausgedehnten Wiesenfl\u00e4chen kann der M\u00e4htod von Kitzen durch den Einsatz von <strong>Drohnen mit W\u00e4rmebildkamera<\/strong> verhindert werden. Dies haben sich verschiedene Gruppen und Einzelpersonen mit Technik, Erfahrung und Manpower zur Aufgabe gemacht. In enger Abstimmung von <strong>J\u00e4gern, Landwirten<\/strong> und den Fahrern der M\u00e4hwerke wird mit der Drohne die Fl\u00e4che in den fr\u00fchen Morgenstunden systematisch \u00fcberflogen. Durch seine W\u00e4rmeausstrahlung kann das Kitz geortet und von den Helfern geborgen werden.[\/vc_column_text][\/vc_column][\/vc_row][vc_row][vc_column width=&#8220;2\/5&#8243;][vc_images_carousel images=&#8220;3180,3172,3183,960,3181,3182,3175,3173,3174,3162,3167,1663&#8243; img_size=&#8220;400&#215;400&#8243; speed=&#8220;3000&#8243; autoplay=&#8220;yes&#8220; hide_pagination_control=&#8220;yes&#8220; hide_prev_next_buttons=&#8220;yes&#8220; wrap=&#8220;yes&#8220; css=&#8220;&#8220;][\/vc_column][vc_column width=&#8220;3\/5&#8243;][vc_column_text css=&#8220;&#8220;]<\/p>\n<h4>Bergung des Jungtiere<\/h4>\n<p>Hierbei sollte das Kitz nicht direkt vom Menschen ber\u00fchrt werden, damit kein Geruch \u00fcbertragen wird und die Ricke sp\u00e4ter ihr Junges wieder annimmt. Das Kitz wird vorsichtig mit Grasb\u00fcscheln aufgenommen, an die Seite getragen und w\u00e4hrend der Mahd durch einen Korb gesichert. Wenn die Gefahr vor\u00fcber ist, wird der Korb entfernt, und Ricke und Kitz finden durch Rufe wieder zueinander. Auf diese Weise werden durch die Kitzretter jedes Jahr duzende Jungtiere gerettet.[\/vc_column_text][\/vc_column][\/vc_row][vc_row][vc_column width=&#8220;2\/5&#8243;][vc_images_carousel images=&#8220;3166,3176,3165,3179,3171,3170,3168,3164&#8243; img_size=&#8220;400&#215;400&#8243; speed=&#8220;3000&#8243; autoplay=&#8220;yes&#8220; hide_pagination_control=&#8220;yes&#8220; hide_prev_next_buttons=&#8220;yes&#8220; wrap=&#8220;yes&#8220; css=&#8220;&#8220;][\/vc_column][vc_column width=&#8220;3\/5&#8243;][vc_column_text css=&#8220;&#8220;]<\/p>\n<h4>Helfen und Gutes tun<\/h4>\n<p>Alle Vereine und Einzelpersonen, die sich in der Jungwildrettung engagieren, machen dies ehrenamtlich.\u00a0Wenn Sie diese wichtige Arbeit unterst\u00fctzen wollen, gibt es daf\u00fcr verschiedene M\u00f6glichkeiten.<\/p>\n<p>Manpower &#8211; \u00a0Ob als Drohnenpilot oder Durchgeher, vor allem in der Hauptsaison von Mai-Juni ist jede helfende Hand immer willkommen.<\/p>\n<p>Spenden &#8211; die Technik und deren Instandhaltung sind kostenaufw\u00e4ndig. Die Vereine freuen sich daher immer \u00fcber finanzielle Unterst\u00fctzung oder Sachspenden. N\u00e4here Informationen erhalten Sie bei den jeweiligen Vereinen.<\/p>\n<p>Die folgenden Vereine und Einzelpersonen bieten in unserer Region ihre Unterst\u00fctzung an (Auswahl):<\/p>\n<ul>\n<li><a href=\"https:\/\/wildtierretter.org\" target=\"_blank\" rel=\"noopener\"><span style=\"color: #008000\">Wildtierretter Sachsen-Anhalt e.V.<\/span><\/a><\/li>\n<li><span style=\"color: #008000\"><a style=\"color: #008000\" href=\"https:\/\/wiesensheriffs.de\" target=\"_blank\" rel=\"noopener\">Die Wiesen-Sheriffs e.V.<\/a><\/span><\/li>\n<li><span style=\"color: #008000\"><a style=\"color: #008000\" href=\"https:\/\/tierarzt-harz.de\" target=\"_blank\" rel=\"noopener\">Kitzrettung Kleintierpraxis Ber\u00dfel &#8211; Christina &amp; Martin Strohkorb<\/a><\/span><\/li>\n<li>die vollst\u00e4ndige Liste f\u00fcr Sachsen-Anhalt finden Sie <span style=\"color: #008000\"><a style=\"color: #008000\" href=\"https:\/\/deutsche-wildtierrettung.de\/kitzrettungsteams\/\" target=\"_blank\" rel=\"noopener\">\u21d2 HIER<\/a><\/span><\/li>\n<\/ul>\n<p>[\/vc_column_text][\/vc_column][\/vc_row][vc_row][vc_column][vc_column_text css=&#8220;&#8220;]Alle Bilder unterliegen einem \u00a9 Copyright und d\u00fcrfen ohne Genehmigung nicht genutzt, ver\u00e4ndert oder weiter verbreitet werden.[\/vc_column_text][\/vc_column][\/vc_row]<\/p>\n<\/div>","protected":false},"excerpt":{"rendered":"<p>[vc_row][vc_column][vc_column_text] Wildtierrettung f\u00fcr Kitz, Rebhuhn und Feldhase und Co [\/vc_column_text][vc_column_text css=&#8220;&#8220;]Die Bezeichnung &#8222;Kitzrettung&#8220; hat sich vielerorts durchgesetzt. Gerettet werden neben Rehkitzen aber nat\u00fcrlich auch K\u00e4lber von Damwild, andere Jungtiere wie Feldhasen und Wildkaninchen sowie die Gelege von Bodenbr\u00fctern wie Kiebitz, Rebhuhn und Fasan.[\/vc_column_text][\/vc_column][\/vc_row][vc_row][vc_column width=&#8220;2\/5&#8243;][vc_images_carousel images=&#8220;1826,1865,1878,1907,1651,1649,1650&#8243; img_size=&#8220;400&#215;400&#8243; speed=&#8220;3000&#8243; autoplay=&#8220;yes&#8220; hide_pagination_control=&#8220;yes&#8220; hide_prev_next_buttons=&#8220;yes&#8220; [&hellip;]<\/p>\n","protected":false},"author":9,"featured_media":0,"parent":0,"menu_order":0,"comment_status":"closed","ping_status":"closed","template":"","meta":{"footnotes":""},"class_list":["post-488","page","type-page","status-publish"],"_links":{"self":[{"href":"https:\/\/ljv-sachsen-anhalt.de\/jaegerschaft-halberstadt\/wp-json\/wp\/v2\/pages\/488","targetHints":{"allow":["GET"]}}],"collection":[{"href":"https:\/\/ljv-sachsen-anhalt.de\/jaegerschaft-halberstadt\/wp-json\/wp\/v2\/pages"}],"about":[{"href":"https:\/\/ljv-sachsen-anhalt.de\/jaegerschaft-halberstadt\/wp-json\/wp\/v2\/types\/page"}],"author":[{"embeddable":true,"href":"https:\/\/ljv-sachsen-anhalt.de\/jaegerschaft-halberstadt\/wp-json\/wp\/v2\/users\/9"}],"replies":[{"embeddable":true,"href":"https:\/\/ljv-sachsen-anhalt.de\/jaegerschaft-halberstadt\/wp-json\/wp\/v2\/comments?post=488"}],"version-history":[{"count":11,"href":"https:\/\/ljv-sachsen-anhalt.de\/jaegerschaft-halberstadt\/wp-json\/wp\/v2\/pages\/488\/revisions"}],"predecessor-version":[{"id":3190,"href":"https:\/\/ljv-sachsen-anhalt.de\/jaegerschaft-halberstadt\/wp-json\/wp\/v2\/pages\/488\/revisions\/3190"}],"wp:attachment":[{"href":"https:\/\/ljv-sachsen-anhalt.de\/jaegerschaft-halberstadt\/wp-json\/wp\/v2\/media?parent=488"}],"curies":[{"name":"wp","href":"https:\/\/api.w.org\/{rel}","templated":true}]}}