{"id":547,"date":"2021-07-29T16:40:05","date_gmt":"2021-07-29T15:40:05","guid":{"rendered":"https:\/\/ljv-sachsen-anhalt.de\/jaegerschaft-halberstadt\/?page_id=547"},"modified":"2021-07-30T16:34:14","modified_gmt":"2021-07-30T15:34:14","slug":"hegegemeinschaften","status":"publish","type":"page","link":"https:\/\/ljv-sachsen-anhalt.de\/jaegerschaft-halberstadt\/hegegemeinschaften\/","title":{"rendered":"Hegegemeinschaften"},"content":{"rendered":"<div class=\"wpb-content-wrapper\"><p>[vc_row][vc_column width=&#8220;1\/3&#8243;][vc_single_image image=&#8220;571&#8243; img_size=&#8220;medium&#8220; alignment=&#8220;right&#8220;][\/vc_column][vc_column width=&#8220;2\/3&#8243;][vc_column_text]<\/p>\n<h4>Hegegemeinschaft Huy<\/h4>\n<p>Am 23. April 1992 wurde die Hegegemeinschaft \u201e Huy \u201c unter Federf\u00fchrung des damaligen Staatlichen Forstamtes in Aspenstedt gegr\u00fcndet. Ihr geh\u00f6rten 16 Jagdgebiete mit einer jagdwirtschaftlichen Fl\u00e4che von \u00fcber 10000 ha an. Sie sollte der vern\u00fcnftigen gro\u00dffl\u00e4chigen Bewirtschaftung der Schalenwildarten Muffelwild und Damwild dienen.<\/p>\n<p>Im Laufe der Jahre entwickelte sich die Hegegemeinschaft zu dem, was sie jetzt ist. In ihr kommen noch die Schalenwildarten Damwild, Schwarzwild und Rehwild sowie Niederwild und Raubwild vor. Auf das Muffelwild m\u00fcssen wir jetzt leider verzichten. Es gibt da objektive Gr\u00fcnde.<\/p>\n<p>Wir haben uns in den letzten Jahren den aktuellen Anforderungen angepasst. So bestehen wir jetzt aus s\u00e4mtlichen 12 Jagdgebieten im und am Huy. Die zu bewirtschaftende Fl\u00e4che betr\u00e4gt 8776 ha.<\/p>\n<p>In ihr sind alle m\u00f6glichen Konstellationen der Jagdaus\u00fcbung vertreten (vom Eigenjagdbezirk \u00fcber P\u00e4chtergemeinschaften bis zum Forstamt). Unsere Hauptaufgaben bestehen in einer gemeinsamen Bewirtschaftung unserer Schalenwildbest\u00e4nde, Aufstockung und Erhaltung unseres Niederwildes und in einer scharfen aber tierschutzgerechten Bejagung des Raubwildes.<\/p>\n<p>[\/vc_column_text][\/vc_column][\/vc_row][vc_row][vc_column width=&#8220;1\/3&#8243;][vc_single_image image=&#8220;557&#8243; img_size=&#8220;medium&#8220; alignment=&#8220;right&#8220;][\/vc_column][vc_column width=&#8220;2\/3&#8243;][vc_column_text][\/vc_column_text][vc_column_text]<\/p>\n<h5>Troph\u00e4enschau<\/h5>\n<p>Unser Ziel ist es, unter Ber\u00fccksichtigung der \u00f6rtlichen Verh\u00e4ltnisse und der Wahrung der berechtigten Belange der Land- und Forstwirtschaft, einen gesunden, qualitativ hochwertigen Wildbestand zu schaffen und zu erhalten.<\/p>\n<p>Einmal zum Jagdjahresende ( 31.03.) legen wir Rechenschaft \u00fcber unsere geleistete Arbeit ab und ziehen Bilanz. Gekr\u00f6nt wird das mit einer entsprechenden Troph\u00e4enschau.<\/p>\n<p>[\/vc_column_text][\/vc_column][\/vc_row][vc_row][vc_column width=&#8220;1\/3&#8243;][vc_single_image image=&#8220;558&#8243; img_size=&#8220;medium&#8220; alignment=&#8220;right&#8220;][\/vc_column][vc_column width=&#8220;2\/3&#8243;][vc_column_text][\/vc_column_text][vc_column_text]<\/p>\n<h5>Revier\u00fcbergreifende Jagden<\/h5>\n<p>Im Waldgebiet werden j\u00e4hrlich 4 revier\u00fcbergreifende Jagden durchgef\u00fchrt, die auch dazu dienen, das Schwarzwild in einem vertr\u00e4glichen Bestand zu halten.[\/vc_column_text][\/vc_column][\/vc_row][vc_row][vc_column][vc_column_text]<\/p>\n<p>[\/vc_column_text][\/vc_column][\/vc_row][vc_row][vc_column width=&#8220;1\/3&#8243;][vc_single_image image=&#8220;556&#8243; img_size=&#8220;medium&#8220; alignment=&#8220;right&#8220;][\/vc_column][vc_column width=&#8220;2\/3&#8243;][vc_column_text][\/vc_column_text][vc_column_text]<\/p>\n<h5>Jagdhornbl\u00e4ser<\/h5>\n<p>Innerhalb unserer Hegegemeinschaft haben sich einige Weidgenossen gefunden, die bereit sind, gewisse H\u00f6hepunkte und jagdliche Veranstaltungen kulturell zu umrahmen. Sie fr\u00f6nen dem Jagdhornblasen. Keine jagdlichen Veranstaltungen oder pers\u00f6nliche Jubil\u00e4en, die nicht von ihnen umrahmt werden.<\/p>\n<p>Holger Mevius, Leiter Hegegemeinschaft \u201eHuy\u201c<\/p>\n<p>Fotos: Holger Mevius[\/vc_column_text][\/vc_column][\/vc_row]<\/p>\n<\/div>","protected":false},"excerpt":{"rendered":"<p>[vc_row][vc_column width=&#8220;1\/3&#8243;][vc_single_image image=&#8220;571&#8243; img_size=&#8220;medium&#8220; alignment=&#8220;right&#8220;][\/vc_column][vc_column width=&#8220;2\/3&#8243;][vc_column_text] Hegegemeinschaft Huy Am 23. April 1992 wurde die Hegegemeinschaft \u201e Huy \u201c unter Federf\u00fchrung des damaligen Staatlichen Forstamtes in Aspenstedt gegr\u00fcndet. Ihr geh\u00f6rten 16 Jagdgebiete mit einer jagdwirtschaftlichen Fl\u00e4che von \u00fcber 10000 ha an. Sie sollte der vern\u00fcnftigen gro\u00dffl\u00e4chigen Bewirtschaftung der Schalenwildarten Muffelwild und [&hellip;]<\/p>\n","protected":false},"author":9,"featured_media":0,"parent":0,"menu_order":0,"comment_status":"closed","ping_status":"closed","template":"","meta":{"footnotes":""},"class_list":["post-547","page","type-page","status-publish"],"_links":{"self":[{"href":"https:\/\/ljv-sachsen-anhalt.de\/jaegerschaft-halberstadt\/wp-json\/wp\/v2\/pages\/547","targetHints":{"allow":["GET"]}}],"collection":[{"href":"https:\/\/ljv-sachsen-anhalt.de\/jaegerschaft-halberstadt\/wp-json\/wp\/v2\/pages"}],"about":[{"href":"https:\/\/ljv-sachsen-anhalt.de\/jaegerschaft-halberstadt\/wp-json\/wp\/v2\/types\/page"}],"author":[{"embeddable":true,"href":"https:\/\/ljv-sachsen-anhalt.de\/jaegerschaft-halberstadt\/wp-json\/wp\/v2\/users\/9"}],"replies":[{"embeddable":true,"href":"https:\/\/ljv-sachsen-anhalt.de\/jaegerschaft-halberstadt\/wp-json\/wp\/v2\/comments?post=547"}],"version-history":[{"count":20,"href":"https:\/\/ljv-sachsen-anhalt.de\/jaegerschaft-halberstadt\/wp-json\/wp\/v2\/pages\/547\/revisions"}],"predecessor-version":[{"id":573,"href":"https:\/\/ljv-sachsen-anhalt.de\/jaegerschaft-halberstadt\/wp-json\/wp\/v2\/pages\/547\/revisions\/573"}],"wp:attachment":[{"href":"https:\/\/ljv-sachsen-anhalt.de\/jaegerschaft-halberstadt\/wp-json\/wp\/v2\/media?parent=547"}],"curies":[{"name":"wp","href":"https:\/\/api.w.org\/{rel}","templated":true}]}}