{"id":713,"date":"2022-05-04T10:14:13","date_gmt":"2022-05-04T09:14:13","guid":{"rendered":"https:\/\/ljv-sachsen-anhalt.de\/jaegerschaft-halberstadt\/?page_id=713"},"modified":"2022-05-06T13:30:42","modified_gmt":"2022-05-06T12:30:42","slug":"jahreshauptversammlung","status":"publish","type":"page","link":"https:\/\/ljv-sachsen-anhalt.de\/jaegerschaft-halberstadt\/jahreshauptversammlung\/","title":{"rendered":"Jahreshauptversammlung 2022"},"content":{"rendered":"<div class=\"wpb-content-wrapper\"><p>[vc_row][vc_column width=&#8220;1\/3&#8243;][vc_single_image image=&#8220;708&#8243; img_size=&#8220;medium&#8220; alignment=&#8220;right&#8220;][\/vc_column][vc_column width=&#8220;2\/3&#8243;][vc_column_text]<\/p>\n<h4>Jahreshauptversammlung der J\u00e4gerschaft 2022<\/h4>\n<p>Am 30.04. fand die JHV der J\u00e4gerschaft im Landgasthof in Athenstedt statt. Nach langer Zeit bot sich den Mitgliedern der J\u00e4gerschaft wieder die M\u00f6glichkeit zu Gespr\u00e4chen und Meinungsaustausch. <a href=\"https:\/\/ljv-sachsen-anhalt.de\/jaegerschaft-halberstadt\/galerien\/\"><strong>Impressionen von der Versammlung<\/strong><\/a> in der <a href=\"https:\/\/ljv-sachsen-anhalt.de\/jaegerschaft-halberstadt\/galerien\/\"><strong>Galerie<\/strong><\/a>.<\/p>\n<p>Nach Begr\u00fc\u00dfung durch die Jagdhornbl\u00e4ser und den Vorstand wurden die wichtigen Punkte der Tagesordnung mit Jahresberichten von Vorstand und Obleuten sowie dem Finanzbericht behandelt.<\/p>\n<p>Der Obmann f\u00fcr das Jagdliche Schie\u00dfen, J\u00fcrgen Sawilla, lud ein zum <a href=\"https:\/\/ljv-sachsen-anhalt.de\/jaegerschaft-halberstadt\/termine-events\/\"><strong>\u00dcbungsschie\u00dfen der J\u00e4gerschaft<\/strong><\/a> am 14.05.2022 ab 9:00 Uhr auf dem Schie\u00dfstand in Neindorf. Hier bietet sich den Teilnehmern die M\u00f6glichkeit, neben Rehbock und Wurfscheiben nun auch auf den Laufenden Keiler zu \u00fcben. Im Rahmen der Veranstaltung k\u00f6nnen Waffen ein- und kontrollgeschossen sowie Schie\u00dfnachweise erbracht werden. Waffen und Munition bringt wie \u00fcblich jeder Sch\u00fctze selbst mit. Im Anschluss an das Schie\u00dfen ist zudem ein Grillen mit gem\u00fctlichem Beisammensein geplant.<\/p>\n<p>Unter Verschiedenes stellte sich der neue <a href=\"https:\/\/ljv-sachsen-anhalt.de\/jaegerschaft-halberstadt\/obmann-fuer-oeffentlichkeitsarbeit\/\"><strong>Obmann f\u00fcr \u00d6ffentlichkeitsarbeit<\/strong>, Gero D\u00f6ppelheuer<\/a>, den anwesenden Weidgenossen vor. Wir w\u00fcnschen Gero viel Erfolg bei seiner T\u00e4tigkeit f\u00fcr die J\u00e4gerschaft und allzeit Weidmannsheil.<\/p>\n<p>Berichtet wurde ferner von der Pflanzaktion \u201e100 000 B\u00e4ume\u201c, die der LJV Sachsen-Anhalt startet und an der sich die J\u00e4gerschaft Halberstadt beteiligen will. Details dazu werden derzeit gekl\u00e4rt.[\/vc_column_text][\/vc_column][\/vc_row][vc_row][vc_column width=&#8220;1\/3&#8243;][vc_single_image image=&#8220;701&#8243; img_size=&#8220;medium&#8220; alignment=&#8220;right&#8220;][\/vc_column][vc_column width=&#8220;2\/3&#8243;][vc_column_text]Frau Miriam Sch\u00f6ttge, amtliche Tier\u00e4rztin im Veterin\u00e4ramt der Kreisverwaltung, erl\u00e4uterte die Ergebnisse der von den J\u00e4gern abgelieferten Proben zu Tollwut, Fuchsbandwurm, Staupe, Klassischer Schweinepest und Aujetzkyscher Krankheit etc. und die Notwendigkeit, auch im aktuellen Jagdjahr ausreichend Proben abzugeben. Nur so ist ein \u00dcberblick zur Verbreitung der Wildkrankheiten m\u00f6glich.<\/p>\n<p>In einem fesselnden Vortrag, mit ersch\u00fctternden Bildern betroffener Wildschweine, berichtete sie \u00fcber den dramatischen Verlauf der Afrikanischen Schweinepest am Beispiel der Region bei G\u00f6rlitz in Sachsen und rief zur Mithilfe aller J\u00e4ger auf, diese grausame Tierseuche zu bek\u00e4mpfen.<\/p>\n<p>Die Streckenzahlen des vergangenen Jagdjahres wurden von einem Vertreter der Unteren Jagdbeh\u00f6rde des Landkreises Harz vorgestellt. Mit den entsprechenden Jagdsignalen wurde das erlegte Wild durch die Jagdhornbl\u00e4ser brauchtumsgerecht verblasen.<\/p>\n<p>Mit einem gro\u00dfen Halali ging die Versammlung zu Ende.<\/p>\n<p><strong>Allen Mitgliedern der J\u00e4gerschaft Halberstadt viel Anblick und Weidmannsheil im neuen Jagdjahr!<\/strong>[\/vc_column_text][\/vc_column][\/vc_row]<\/p>\n<\/div>","protected":false},"excerpt":{"rendered":"<p>[vc_row][vc_column width=&#8220;1\/3&#8243;][vc_single_image image=&#8220;708&#8243; img_size=&#8220;medium&#8220; alignment=&#8220;right&#8220;][\/vc_column][vc_column width=&#8220;2\/3&#8243;][vc_column_text] Jahreshauptversammlung der J\u00e4gerschaft 2022 Am 30.04. fand die JHV der J\u00e4gerschaft im Landgasthof in Athenstedt statt. Nach langer Zeit bot sich den Mitgliedern der J\u00e4gerschaft wieder die M\u00f6glichkeit zu Gespr\u00e4chen und Meinungsaustausch. Impressionen von der Versammlung in der Galerie. Nach Begr\u00fc\u00dfung durch die Jagdhornbl\u00e4ser [&hellip;]<\/p>\n","protected":false},"author":9,"featured_media":0,"parent":0,"menu_order":0,"comment_status":"closed","ping_status":"closed","template":"","meta":{"footnotes":""},"class_list":["post-713","page","type-page","status-publish"],"_links":{"self":[{"href":"https:\/\/ljv-sachsen-anhalt.de\/jaegerschaft-halberstadt\/wp-json\/wp\/v2\/pages\/713","targetHints":{"allow":["GET"]}}],"collection":[{"href":"https:\/\/ljv-sachsen-anhalt.de\/jaegerschaft-halberstadt\/wp-json\/wp\/v2\/pages"}],"about":[{"href":"https:\/\/ljv-sachsen-anhalt.de\/jaegerschaft-halberstadt\/wp-json\/wp\/v2\/types\/page"}],"author":[{"embeddable":true,"href":"https:\/\/ljv-sachsen-anhalt.de\/jaegerschaft-halberstadt\/wp-json\/wp\/v2\/users\/9"}],"replies":[{"embeddable":true,"href":"https:\/\/ljv-sachsen-anhalt.de\/jaegerschaft-halberstadt\/wp-json\/wp\/v2\/comments?post=713"}],"version-history":[{"count":18,"href":"https:\/\/ljv-sachsen-anhalt.de\/jaegerschaft-halberstadt\/wp-json\/wp\/v2\/pages\/713\/revisions"}],"predecessor-version":[{"id":743,"href":"https:\/\/ljv-sachsen-anhalt.de\/jaegerschaft-halberstadt\/wp-json\/wp\/v2\/pages\/713\/revisions\/743"}],"wp:attachment":[{"href":"https:\/\/ljv-sachsen-anhalt.de\/jaegerschaft-halberstadt\/wp-json\/wp\/v2\/media?parent=713"}],"curies":[{"name":"wp","href":"https:\/\/api.w.org\/{rel}","templated":true}]}}