{"id":2,"date":"2019-09-09T18:55:36","date_gmt":"2019-09-09T16:55:36","guid":{"rendered":"http:\/\/wp.ljv-sachsen-anhalt.de\/jaegerschaft-burg\/?page_id=2"},"modified":"2026-01-20T14:05:36","modified_gmt":"2026-01-20T13:05:36","slug":"jaegerschaft","status":"publish","type":"page","link":"https:\/\/ljv-sachsen-anhalt.de\/jaegerschaft-quedlinburg\/","title":{"rendered":"J\u00e4gerschaft Quedlinburg e.V."},"content":{"rendered":"<div class=\"wpb-content-wrapper\"><p>[vc_row][vc_column][\/vc_column][\/vc_row][vc_row][vc_column width=&#8220;1\/3&#8243;][vc_gallery interval=&#8220;3&#8243; images=&#8220;714,713,712,711,718,717,716&#8243; img_size=&#8220;full&#8220;][\/vc_column][vc_column width=&#8220;2\/3&#8243;][vc_single_image image=&#8220;634&#8243; img_size=&#8220;full&#8220;][vc_column_text css=&#8220;&#8220;]<\/p>\n<h3>Allen J\u00e4gerinnen und J\u00e4gern ein Weidmannsheil.<\/h3>\n<p>Weiterhin begr\u00fc\u00dfen wir auch alle Besucher unserer Seiten und Medien, die Interesse an der Natur haben. Wir vertreten die Interessen von derzeit \u00fcber 470 J\u00e4gerrinnen und J\u00e4gern, die in den einzelnen Hegeringen unserer J\u00e4gerschaft organisiert sind. Zusammen mit den J\u00e4gerschaften Halberstadt und Wernigerode vertreten wir die J\u00e4ger im Landkreis Harz, den es seit der Kreisgebietsreform 2007 gibt. Die J\u00e4gerschaft hat sich am 22. Juni 1990 im Kulturhaus in Badeborn als ein freiwilliger Zusammenschlu\u00df von J\u00e4gern und dem Jagdwesen nahestehenden B\u00fcrgern gegr\u00fcndet. Dr. Holger Piegert wurde zum Vorsitzenden gew\u00e4hlt. Weiterhin geh\u00f6rten dem Vorstand Erich Wieczorek, G\u00fcnther Baumann, Dr. Ewald Stuy und Dr. Horst Burzlaff an.<\/p>\n<p>Ziel unserer J\u00e4gerschaft ist es, f\u00fcr den Schutz und den Erhalt\u00a0 der freilebenden Tierwelt in ihren nat\u00fcrlichen Lebensr\u00e4umen zu wirken. Wir setzen uns f\u00fcr die Erhaltung und Gestaltung der Lebensgrundlagen der Tierwelt unter der Beachtung \u00f6kologischer Erfordernisse und der Interessen des Naturschutzes, der\u00a0 Landeskultur, des Umweltschutzes, des Tierschutzes sowie der Land- und Forstwirtschaft ein.[\/vc_column_text][\/vc_column][vc_column][\/vc_column][\/vc_row][vc_row][vc_column][vc_column_text]Fotos: Matthias Lange, Uwe Kruse, Detlef Valtink[\/vc_column_text][vc_video link=&#8220;https:\/\/www.youtube.com\/watch?v=SGU3aALWKtA&#8220; css=&#8220;&#8220;][\/vc_column][\/vc_row]<\/p>\n<\/div>","protected":false},"excerpt":{"rendered":"<p>[vc_row][vc_column][\/vc_column][\/vc_row][vc_row][vc_column width=&#8220;1\/3&#8243;][vc_gallery interval=&#8220;3&#8243; images=&#8220;714,713,712,711,718,717,716&#8243; img_size=&#8220;full&#8220;][\/vc_column][vc_column width=&#8220;2\/3&#8243;][vc_single_image image=&#8220;634&#8243; img_size=&#8220;full&#8220;][vc_column_text css=&#8220;&#8220;] Allen J\u00e4gerinnen und J\u00e4gern ein Weidmannsheil. Weiterhin begr\u00fc\u00dfen wir auch alle Besucher unserer Seiten und Medien, die Interesse an der Natur haben. Wir vertreten die Interessen von derzeit \u00fcber 470 J\u00e4gerrinnen und J\u00e4gern, die in den einzelnen Hegeringen unserer J\u00e4gerschaft organisiert [&hellip;]<\/p>\n","protected":false},"author":1,"featured_media":0,"parent":0,"menu_order":0,"comment_status":"closed","ping_status":"closed","template":"","meta":{"footnotes":""},"class_list":["post-2","page","type-page","status-publish"],"_links":{"self":[{"href":"https:\/\/ljv-sachsen-anhalt.de\/jaegerschaft-quedlinburg\/wp-json\/wp\/v2\/pages\/2","targetHints":{"allow":["GET"]}}],"collection":[{"href":"https:\/\/ljv-sachsen-anhalt.de\/jaegerschaft-quedlinburg\/wp-json\/wp\/v2\/pages"}],"about":[{"href":"https:\/\/ljv-sachsen-anhalt.de\/jaegerschaft-quedlinburg\/wp-json\/wp\/v2\/types\/page"}],"author":[{"embeddable":true,"href":"https:\/\/ljv-sachsen-anhalt.de\/jaegerschaft-quedlinburg\/wp-json\/wp\/v2\/users\/1"}],"replies":[{"embeddable":true,"href":"https:\/\/ljv-sachsen-anhalt.de\/jaegerschaft-quedlinburg\/wp-json\/wp\/v2\/comments?post=2"}],"version-history":[{"count":12,"href":"https:\/\/ljv-sachsen-anhalt.de\/jaegerschaft-quedlinburg\/wp-json\/wp\/v2\/pages\/2\/revisions"}],"predecessor-version":[{"id":3186,"href":"https:\/\/ljv-sachsen-anhalt.de\/jaegerschaft-quedlinburg\/wp-json\/wp\/v2\/pages\/2\/revisions\/3186"}],"wp:attachment":[{"href":"https:\/\/ljv-sachsen-anhalt.de\/jaegerschaft-quedlinburg\/wp-json\/wp\/v2\/media?parent=2"}],"curies":[{"name":"wp","href":"https:\/\/api.w.org\/{rel}","templated":true}]}}