{"id":2828,"date":"2024-05-14T17:22:34","date_gmt":"2024-05-14T16:22:34","guid":{"rendered":"https:\/\/ljv-sachsen-anhalt.de\/jaegerschaft-quedlinburg\/?page_id=2828"},"modified":"2026-01-26T10:09:22","modified_gmt":"2026-01-26T09:09:22","slug":"unterwegs-mit-paula","status":"publish","type":"page","link":"https:\/\/ljv-sachsen-anhalt.de\/jaegerschaft-quedlinburg\/unterwegs-mit-paula\/","title":{"rendered":"Unterwegs mit Paula"},"content":{"rendered":"<div class=\"wpb-content-wrapper\"><p>[vc_row][vc_column width=&#8220;1\/2&#8243;][vc_video link=&#8220;https:\/\/www.youtube.com\/watch?v=CvjeQu6vaRQ&#8220; css=&#8220;&#8220;][\/vc_column][vc_column width=&#8220;1\/2&#8243;][vc_column_text css=&#8220;&#8220;]Die J\u00e4gerschaft Quedlinburg und dabei an erster Stelle die Mitglieder des Hegeringes Harzgerode sind derzeit in gro\u00dfer Sorge, dass durch die in der Diskussion stehenden Standorte f\u00fcr den Bau von neuen Windkraftanlagen es massive Eingriffe in wertvolle Naturbestandteile und Landschaften der Region geben k\u00f6nnte. Wir wissen, dass es noch keine Standortentscheidungen gegeben hat und die Projekte sich noch in der Sondierungsphase befinden. Trotzdem wollen wir von Anfang an unsere Positionen in die Meinungsfindung einbringen, ohne uns einvernehmen oder instrumentalisieren zu lassen. So konnten wir mit dem Harzer Landrat Thomas Balcerowski und Harzgerodes B\u00fcrgermeister Marcus Weise einen offenen und ehrlichen Standpunkt-Austausch f\u00fchren und vereinbaren, solche Treffen zu wiederholen. Wir m\u00f6chten fr\u00fchzeitig auf die Lebens- und R\u00fcckzugsr\u00e4ume von zahlreichen Tieren und Pflanzen in einem vielf\u00e4ltigen Landschafts-, Erholungs- und Lebensraum hinweisen. Deshalb haben wir in einem Video einen m\u00f6glichen Windradstandort st\u00e4rker unter die Lupe genommen. Die J\u00e4gerschaft Quedlinburg bedankt sich bei Matthias Lange, Michael R\u00fcckrieme und \u201ePaula\u201c f\u00fcr die Einblicke und die M\u00fche und Zeit, die sie in diesem Projekt investiert haben. (2025)[\/vc_column_text][\/vc_column][\/vc_row][vc_row][vc_column width=&#8220;1\/2&#8243;][vc_column_text css=&#8220;&#8220;]Unser Rehwild[\/vc_column_text][vc_video link=&#8220;https:\/\/www.youtube.com\/watch?v=XcPyrS3flAk&#8220; css=&#8220;&#8220;][\/vc_column][vc_column width=&#8220;1\/2&#8243;][vc_column_text css=&#8220;&#8220;]Unser Schwarzwild[\/vc_column_text][vc_video link=&#8220;https:\/\/www.youtube.com\/watch?v=TFlFwLAgwA8&#8243; css=&#8220;&#8220;][\/vc_column][\/vc_row]<\/p>\n<\/div>","protected":false},"excerpt":{"rendered":"<p>[vc_row][vc_column width=&#8220;1\/2&#8243;][vc_video link=&#8220;https:\/\/www.youtube.com\/watch?v=CvjeQu6vaRQ&#8220; css=&#8220;&#8220;][\/vc_column][vc_column width=&#8220;1\/2&#8243;][vc_column_text css=&#8220;&#8220;]Die J\u00e4gerschaft Quedlinburg und dabei an erster Stelle die Mitglieder des Hegeringes Harzgerode sind derzeit in gro\u00dfer Sorge, dass durch die in der Diskussion stehenden Standorte f\u00fcr den Bau von neuen Windkraftanlagen es massive Eingriffe in wertvolle Naturbestandteile und Landschaften der Region geben k\u00f6nnte. Wir [&hellip;]<\/p>\n","protected":false},"author":1,"featured_media":0,"parent":0,"menu_order":0,"comment_status":"closed","ping_status":"closed","template":"","meta":{"footnotes":""},"class_list":["post-2828","page","type-page","status-publish"],"_links":{"self":[{"href":"https:\/\/ljv-sachsen-anhalt.de\/jaegerschaft-quedlinburg\/wp-json\/wp\/v2\/pages\/2828","targetHints":{"allow":["GET"]}}],"collection":[{"href":"https:\/\/ljv-sachsen-anhalt.de\/jaegerschaft-quedlinburg\/wp-json\/wp\/v2\/pages"}],"about":[{"href":"https:\/\/ljv-sachsen-anhalt.de\/jaegerschaft-quedlinburg\/wp-json\/wp\/v2\/types\/page"}],"author":[{"embeddable":true,"href":"https:\/\/ljv-sachsen-anhalt.de\/jaegerschaft-quedlinburg\/wp-json\/wp\/v2\/users\/1"}],"replies":[{"embeddable":true,"href":"https:\/\/ljv-sachsen-anhalt.de\/jaegerschaft-quedlinburg\/wp-json\/wp\/v2\/comments?post=2828"}],"version-history":[{"count":11,"href":"https:\/\/ljv-sachsen-anhalt.de\/jaegerschaft-quedlinburg\/wp-json\/wp\/v2\/pages\/2828\/revisions"}],"predecessor-version":[{"id":3346,"href":"https:\/\/ljv-sachsen-anhalt.de\/jaegerschaft-quedlinburg\/wp-json\/wp\/v2\/pages\/2828\/revisions\/3346"}],"wp:attachment":[{"href":"https:\/\/ljv-sachsen-anhalt.de\/jaegerschaft-quedlinburg\/wp-json\/wp\/v2\/media?parent=2828"}],"curies":[{"name":"wp","href":"https:\/\/api.w.org\/{rel}","templated":true}]}}