{"id":3303,"date":"2026-01-23T18:16:23","date_gmt":"2026-01-23T17:16:23","guid":{"rendered":"https:\/\/ljv-sachsen-anhalt.de\/jaegerschaft-quedlinburg\/?page_id=3303"},"modified":"2026-03-03T12:40:54","modified_gmt":"2026-03-03T11:40:54","slug":"harz-dachs-tv","status":"publish","type":"page","link":"https:\/\/ljv-sachsen-anhalt.de\/jaegerschaft-quedlinburg\/harz-dachs-tv\/","title":{"rendered":"Harzdachs TV"},"content":{"rendered":"<div class=\"wpb-content-wrapper\"><p>[vc_row][vc_column][vc_column_text css=&#8220;&#8220;]Ein Unternehmen ohne \u00d6ffentlichkeitsarbeit ist wie ein Mann, der einem M\u00e4dchen im Dunkeln zuwinkt: Er wei\u00df zwar, was er will, aber das M\u00e4dchen sieht ihn nicht. Gleiches gilt auch f\u00fcr Vereine, wie die J\u00e4gerschaft Quedlinburg. Ihre Mitglieder kennen die \u00fcblichen Vorurteile, die in der Regel auf vielen Missverst\u00e4ndnissen beruhen. Ein Vorurteil lautet: \u201eJagd ist \u00fcberfl\u00fcssig, den wenn der Lebensraum Natur sich selbst \u00fcberlassen bleibt, regelt sich alles von selbst.\u201c Tatsachen ist aber, dass wir keine Naturlandschaft, in der die Selbstregulation funktioniert, haben. Deshalb ist Jagd notwendig, auch weil der wirtschaftende, erholungsuchende und sporttreibende Mensch in die Natur eingreift und damit das nat\u00fcrliche Gleichgewicht durcheinander bringt. Unbestritten ist auch, dass in der von Menschen beeintr\u00e4chtigten Natur zahlreiche Tierarten bedroht sind, andere \u00fcberhand nehmen und erhebliche Sch\u00e4den verursachen k\u00f6nnen. Und J\u00e4ger hegen und sch\u00fctzen eine viel gr\u00f6\u00dfere Zahl von Tierarten, als sie bejagen. Deshalb bef\u00f6rdern J\u00e4ger ganz besonders den Wildtier- und Artenschutz. Deshalb geh\u00f6rt in unserer heutigen Kulturlandschaft die Jagd untrennbar zur Erhaltung und Verbesserung der Lebensr\u00e4ume aller freilebenden. Hinter dem Projekt &#8222;Harzdachs TV&#8220; verbirgt sich Matthias Lange, Harzgerodes Hegeringleiter. Ihm ist es wichtig, dass Interessantes rund um den Wald und das im ihn lebenden Wild vermittelt wird. In dem YouTube-Kanal geht ein KI-generierter Dachs auf Kamerapirsch und gew\u00e4hrt Kindern und Erwachsenden interessante Einblicke in der Natur des Unterharzes. Matthias Lange Ziel ist es, die Beitr\u00e4ge verst\u00e4ndlich anzubieten und keine hochwissenschaftliche Arbeiten zu erstellen. Zudem soll die Erlebnisp\u00e4dagogik in den Fokus ger\u00fcckt und weiter verst\u00e4rkt \u00fcber den Arten- und Naturschutz aufgekl\u00e4rt werden. (2026)[\/vc_column_text][vc_video link=&#8220;https:\/\/www.youtube.com\/watch?v=otqYl4itdYU&#8220; css=&#8220;&#8220;][\/vc_column][\/vc_row][vc_row][vc_column width=&#8220;1\/2&#8243;][vc_video link=&#8220;https:\/\/www.youtube.com\/watch?v=V5PRhhTkXdQ&#8220; css=&#8220;&#8220;][vc_video link=&#8220;https:\/\/www.youtube.com\/watch?v=e4kWWB119A0&#8243; css=&#8220;&#8220;][vc_video link=&#8220;https:\/\/www.youtube.com\/watch?v=JMhH1X1R1no&#8220; css=&#8220;&#8220;][vc_video link=&#8220;https:\/\/www.youtube.com\/watch?v=AN7zfk_V4Lg&#8220; css=&#8220;&#8220;][vc_video link=&#8220;https:\/\/www.youtube.com\/watch?v=arCQ1LC5BSA&#8220; css=&#8220;&#8220;][vc_video link=&#8220;https:\/\/www.youtube.com\/watch?v=qPzO2iXqlmM&#8220; css=&#8220;&#8220;][vc_video link=&#8220;https:\/\/www.youtube.com\/watch?v=K8lG1c2w3Fg&#8220; css=&#8220;&#8220;][\/vc_column][vc_column width=&#8220;1\/2&#8243;][vc_video link=&#8220;https:\/\/www.youtube.com\/watch?v=1VB1YBaXqao&#8220; css=&#8220;&#8220;][vc_video link=&#8220;https:\/\/www.youtube.com\/watch?v=I4UKOl_8mFk&#8220; css=&#8220;&#8220;][vc_video link=&#8220;https:\/\/www.youtube.com\/watch?v=QJ_lk2CvHro&#8220; css=&#8220;&#8220;][vc_video link=&#8220;https:\/\/www.youtube.com\/watch?v=_fks7R5C0rg&#8220; css=&#8220;&#8220;][vc_video link=&#8220;https:\/\/www.youtube.com\/watch?v=HQaebv2npw4&#8243; css=&#8220;&#8220;][vc_video link=&#8220;https:\/\/www.youtube.com\/watch?v=ASgqTJYK2Jw&#8220; css=&#8220;&#8220;][vc_video link=&#8220;https:\/\/www.youtube.com\/watch?v=T-edWK3m2x4&#8243; css=&#8220;&#8220;][\/vc_column][\/vc_row]<\/p>\n<\/div>","protected":false},"excerpt":{"rendered":"<p>[vc_row][vc_column][vc_column_text css=&#8220;&#8220;]Ein Unternehmen ohne \u00d6ffentlichkeitsarbeit ist wie ein Mann, der einem M\u00e4dchen im Dunkeln zuwinkt: Er wei\u00df zwar, was er will, aber das M\u00e4dchen sieht ihn nicht. Gleiches gilt auch f\u00fcr Vereine, wie die J\u00e4gerschaft Quedlinburg. Ihre Mitglieder kennen die \u00fcblichen Vorurteile, die in der Regel auf vielen Missverst\u00e4ndnissen beruhen. [&hellip;]<\/p>\n","protected":false},"author":1,"featured_media":0,"parent":0,"menu_order":0,"comment_status":"closed","ping_status":"closed","template":"","meta":{"footnotes":""},"class_list":["post-3303","page","type-page","status-publish"],"_links":{"self":[{"href":"https:\/\/ljv-sachsen-anhalt.de\/jaegerschaft-quedlinburg\/wp-json\/wp\/v2\/pages\/3303","targetHints":{"allow":["GET"]}}],"collection":[{"href":"https:\/\/ljv-sachsen-anhalt.de\/jaegerschaft-quedlinburg\/wp-json\/wp\/v2\/pages"}],"about":[{"href":"https:\/\/ljv-sachsen-anhalt.de\/jaegerschaft-quedlinburg\/wp-json\/wp\/v2\/types\/page"}],"author":[{"embeddable":true,"href":"https:\/\/ljv-sachsen-anhalt.de\/jaegerschaft-quedlinburg\/wp-json\/wp\/v2\/users\/1"}],"replies":[{"embeddable":true,"href":"https:\/\/ljv-sachsen-anhalt.de\/jaegerschaft-quedlinburg\/wp-json\/wp\/v2\/comments?post=3303"}],"version-history":[{"count":8,"href":"https:\/\/ljv-sachsen-anhalt.de\/jaegerschaft-quedlinburg\/wp-json\/wp\/v2\/pages\/3303\/revisions"}],"predecessor-version":[{"id":3389,"href":"https:\/\/ljv-sachsen-anhalt.de\/jaegerschaft-quedlinburg\/wp-json\/wp\/v2\/pages\/3303\/revisions\/3389"}],"wp:attachment":[{"href":"https:\/\/ljv-sachsen-anhalt.de\/jaegerschaft-quedlinburg\/wp-json\/wp\/v2\/media?parent=3303"}],"curies":[{"name":"wp","href":"https:\/\/api.w.org\/{rel}","templated":true}]}}