{"id":533,"date":"2020-04-28T14:22:12","date_gmt":"2020-04-28T13:22:12","guid":{"rendered":"https:\/\/ljv-sachsen-anhalt.de\/jaegerschaft-quedlinburg\/?page_id=533"},"modified":"2026-02-03T17:35:28","modified_gmt":"2026-02-03T16:35:28","slug":"jagdhornblaeser","status":"publish","type":"page","link":"https:\/\/ljv-sachsen-anhalt.de\/jaegerschaft-quedlinburg\/jagdhornblaeser\/","title":{"rendered":"Jagdhornbl\u00e4ser"},"content":{"rendered":"<div class=\"wpb-content-wrapper\"><p>[vc_row][vc_column][vc_column_text css=&#8220;&#8220;]<\/p>\n<h3><strong>&#8222;Musik geht durch den Magen&#8220;<\/strong><\/h3>\n<p>[\/vc_column_text][vc_row_inner][vc_column_inner width=&#8220;2\/3&#8243;][vc_column_text css=&#8220;&#8220;]\u201eMusik geht durch den Magen \u2013 Jagdhornkl\u00e4nge und Wildgerichte\u201c hei\u00dft das Konzert, welches die J\u00e4gerschaft Quedlinburg im Juli 2024 erstmals im Friedrichsbrunner Kurpark veranstaltet hat. Zur Premiere haben vier Jagdhornbl\u00e4sergruppen aus Sachsen-Anhalt \u2013 die Bebertaler Jagdhornbl\u00e4ser, die Jagdhornbl\u00e4ser von \u201eHercynia\u201c, die Jagdhornbl\u00e4ser Burgliebenau und die Friedrichsbrunner Jagdhornbl\u00e4ser \u2013 traditionelle Musikst\u00fccke intoniert und den mehreren hunderten Besuchern Freude bereitet sowie ihr wunderbares Kulturgut pr\u00e4sentiert. Gleichzeitig sorgte die Vielfalt von pr\u00e4sentierten Wildgerichten f\u00fcr viele Gaumenfreuden. Denn wenn Liebe durch den Magen geht, versteht man darunter, dass gemeinsames Essen Gl\u00fccksgef\u00fchle ausl\u00f6st. Wenn dann auch noch Musik durch den Magen geht, kommt zu den Gl\u00fccksgef\u00fchlen noch ein Schuss guter Laune dazu. 2024 waren es der \u201eWilde Caterer\u201c Denis Lehmann aus Gatersleben, die Fleischerei Vollmer aus Hasselfelde und der Friedrichsbrunner \u201eBr\u00e4ust\u00fcbl\u201c-Gastwirt Tim Keilholz, die verschiedene Wildprodukte anboten. Dazu geh\u00f6rten unter anderem gegrilltes Wildschwein, Wildgulasch, Wildburger sowie Wildbratw\u00fcrstchen. Mit der Veranstaltung wollte die J\u00e4gerschaft Quedlinburg dem steigenden Interesse an Wild und Wildprodukten nachkommen. Denn Wildfleisch aus heimischer und nachhaltiger Jagd steht f\u00fcr Urspr\u00fcnglichkeit und Naturn\u00e4he sowie f\u00fcr hochwertige Bio-Produkte. Das sch\u00e4tzen immer mehr Menschen. Zumal haben Wildgerichte im Harz eine gro\u00dfe Tradition in der heimischen Esskultur. Die Idee dazu stammt vom ehemaligen Vorsitzenden der J\u00e4gerschaft Jens Schneidewind. Und die hohen Besucherzahlen geben ihm Recht, damit den richtigen Nerv getroffen zu haben. Alle vier Jagdhornbl\u00e4sergruppen waren auch 2025 pr\u00e4sent und bekamen Unterst\u00fctzung von R\u00fcbel\u00e4nder und Blankenburger Jagdhornbl\u00e4sern. (2026, Fotos: Janine Sawilla, privat)<\/p>\n<p>Weitere Fotos von \u201eMusik geht durch den Magen\u201c von 2025 gibt es unter:<\/p>\n<p>https:\/\/photos.app.goo.gl\/7744HxnimMcDxJi8A<\/p>\n<p>Wir danken Janine Sawilla von der J\u00e4gerschaft Halberstadt f\u00fcr ihre fotografischen H\u00f6chstleistungen.[\/vc_column_text][\/vc_column_inner][vc_column_inner width=&#8220;1\/3&#8243;][vc_gallery interval=&#8220;3&#8243; images=&#8220;3336,3337,3335,3333,3332,3331,3330,3329,3327,3325,3326,3324,3225,3224,3222,3223,3221,3220,3218,3219&#8243; img_size=&#8220;full&#8220; css=&#8220;&#8220;][\/vc_column_inner][\/vc_row_inner][\/vc_column][\/vc_row][vc_row][vc_column][vc_separator css=&#8220;&#8220;][vc_column_text css=&#8220;&#8220;]<\/p>\n<h3><strong>Jagdhornbl\u00e4sergruppe &#8222;Hercynia&#8220;<\/strong><\/h3>\n<p>[\/vc_column_text][vc_row_inner][vc_column_inner width=&#8220;2\/3&#8243;][vc_column_text css=&#8220;&#8220;]Eigentlich wollten die Jagdhornbl\u00e4ser von Hercynia im Mai ausgiebig feiern. Doch die \u201eSause\u201c zum 35-j\u00e4hrigen Gr\u00fcndungsjubil\u00e4um der Musikergruppe fiel aus. Denn auch im Harz sorgte die Corona-Pandemie f\u00fcr Stillstand im Vereinsleben. So mussten die Musiker der J\u00e4gerschaft eine Zwangspause einlegen und sich schweren Herzens dazu entschlie\u00dfen, ihre Geburtstagsfeier in Zeiten zu verschieben, in denen Corona nicht mehr den Alltag dominiert. \u201eDas schmerzt doch schon ein wenig\u201c, gesteht Peter Musche. Der 71-J\u00e4hrige ist als letztes Gr\u00fcndungsmitglied der Jagdhornbl\u00e4sergruppe das Urgestein.\u00a0 Sozusagen der letzte Aktive aus der Reihe derjenigen, die 1985 per \u201estaatlichen Auftrag\u201c zusammenkamen, um eine Bl\u00e4sergruppe ins Leben zu rufen.<\/p>\n<p>Ausl\u00f6ser dieser \u201eAnweisung\u201c war der Wunsch des Oberf\u00f6rsters Horst Presch, Leiter der \u00d6berf\u00f6rsterei Thale, nach einer Bl\u00e4sergruppe. Geprobt wurde in der Oberf\u00f6rsterei in Thale, zun\u00e4chst als reine Herrentruppe. 1992 gab es dann die ersten jagdhirnbl\u00e4serinnen in der Truppe. Die zun\u00e4chst f\u00fcnf Mitglieder unter Leitung von Lutz Meyer hielt es nicht lange nur im Probenraum. Schnell folgten die ersten Auftritte und 1992, nachdem Oda Musche die musikalische Leitung \u00fcbernahm, bereits die Teilnahme am Landesbl\u00e4serwettstreit. Dort konnte gleich der 6. Platz unter den 17 teilnehmenden Gruppen belegt werden. Und fast immer hatten die Bl\u00e4ser \u00e4hnliche Grundlagen f\u00fcr ihren Enthusiasmus: die Jagd, einen Jagdhund, das Interesse an der Musik oder die Suche nach einer sinnvollen Freizeitgestaltung.<\/p>\n<p>\u201eMan hat die gleichen Interessen, hat auch abseits der Musik viele Ansatzpunkte f\u00fcr interessante Gespr\u00e4che und wird mit der Zeit zu Freunden\u201c, erkl\u00e4rt Peter Musche das Erfolgsprinzip. Die Gruppe entwickelte sich immer weiter und im Juni 1993 wurden N\u00e4gel mit K\u00f6pfen gemacht. \u201eHercynia gr\u00fcndet sich und absolvierte alles, was so n\u00f6tig war &#8211; von Satzung bis hin zur Wahl eines Vorstandes. Ein Jahr sp\u00e4ter lautete die Bilanz: 12 Mitglieder, davon drei Frauen. Es folgte 1995 das erste Trainingslager, wof\u00fcr Hercynia nach Oberstdorf reiste. Die Jagdhornbl\u00e4ser sind da bereits fast das ganze Jahr im Einsatz und in der Region ein fester Bestandteil bei gro\u00dfen Volksfesten, Konzerten oder Familienfeiern. Im Jahr 1995 \u00fcbernimmt dann Annegret Steffek die musikalische Nachwuchsarbeit und wird f\u00fcr ihre daf\u00fcr geleistete Arbeit 1999, auch im besonderen f\u00fcr ihre Nachwuchsarbeit, mit der Verdienstnadel des Landesjagdverbandes in Bronze geehrt. 2006 \u00fcbernimmt sie dann die Leitung der Gruppe. Angespornt von den Auftritten mit anderen Jagdhornbl\u00e4sern im Harz, entscheidet sich Hercynia im Jahr 2000 dazu, die 1. Harzoffene Meisterschaft der Jagdhornbl\u00e4ser um den Walpurgispokal zu organisieren und auszurichten. Gro\u00dfe Unterst\u00fctzung erhielten sie durch ihre Fans aus dem Hegering Thale.<\/p>\n<p>Und wie es sich f\u00fcr eine gutes und stimmiges Vereinsleben geh\u00f6rt, gibt es immer wieder Ausfl\u00fcge, Feiern und Gruppenfahrten, die die Harzer in alle Teile der Republik f\u00fchrten. Einen immer gr\u00f6\u00dferen Raum nehmen mit der Zeit die Auftritte bei Hochzeiten, Geburtstagen oder Beerdigungen ein. Und es gibt noch eine andere Hercynia-Seite: Regelm\u00e4\u00dfig \u00fcbernimmt die Gruppe f\u00fcr ein Gesch\u00f6pf im Thalenser Tierpark auf dem Hexentanzplatz eine Patenschaft. So konnten sich unter anderem ein Wolf, ein Uhu oder ein Wespenbussard \u00fcber die Zuneigung der Musiker freuen.<\/p>\n<p>Nach dem viel zu fr\u00fchen Tod von Annegret Steffek \u00fcbernimmt wieder Oda Musche 2011 die musikalische Leitung bei Hercynia, die dem ungeschriebenen Motto \u201eMit Spa\u00df andere unterhalten\u201c bis heute treu geblieben ist. \u201eWenn die Musik keinen Spa\u00df mehr macht, sollte man aufh\u00f6ren\u201c, ist auch Peter Musche \u00fcberzeugt. Der m\u00f6chte, solange er es noch kann, dem Jagdhornblasen treubleiben. Er liebt es einfach, wie alle Mitglieder von Hercynia, wenn es gelingt, das Publikum zu begeistern und zu unterhalten: \u201eAnderen eine Freude machen \u2013 mehr kannst du nicht erreichen. Und mit mehr kannst du nicht belohnt werden.\u201c Die aktuellen Mitglieder von Hercynia: Oda Musche ( musikalische Leiterin), Peter Musche (letztes Gr\u00fcndungsmitglied), Jens Schneidewind (Gr\u00fcnder von Hercynia 2.0 und dort auch musikalischer Leiter), Babara Hohmann, Andreas Krummel, Heinz John, Mario Rien\u00e4cker, Uwe Lilienthal (2019)[\/vc_column_text][vc_column_text]<\/p>\n<h5>Kontakt<\/h5>\n<p>Oda Musche \u00fcber <strong>oda.musche@gmx.de<\/strong>[\/vc_column_text][\/vc_column_inner][vc_column_inner width=&#8220;1\/3&#8243;][vc_gallery interval=&#8220;3&#8243; images=&#8220;3328,980&#8243; img_size=&#8220;full&#8220; css=&#8220;&#8220;][vc_column_text css=&#8220;&#8220;]Foto (2009): Peter Musche, Foto (2025): Janine Sawilla[\/vc_column_text][\/vc_column_inner][\/vc_row_inner][\/vc_column][\/vc_row][vc_row][vc_column][vc_separator css=&#8220;&#8220;][vc_column_text css=&#8220;&#8220;]<\/p>\n<h3><strong>&#8222;Friedrichsbrunner Jagdhornbl\u00e4ser&#8220;<\/strong><\/h3>\n<p>[\/vc_column_text][vc_row_inner][vc_column_inner width=&#8220;2\/3&#8243;][vc_column_text]Das Ziel war eindeutig und klar: Beim ersten gro\u00dfen \u00f6ffentlichen Auftritt vor fachkundigem Publikum sollten keine Schnitzer passieren und die Musikst\u00fccke sauber geblasen werden.&#8220; Und wir stehen gut da&#8220;, konnte Jens Schneidewind eine positive Bilanz ziehen. Hat der musikalische Leiter und Gr\u00fcnder der Jagdhornbl\u00e4sergruppe &#8222;Hercynia 2.0&#8220;, die sich 2023 in &#8222;Friedrichsbrunner Jagdhornbl\u00e4ser&#8220; umbenannt haben,\u00a0 nach einem Landesbl\u00e4sertreffen des sachsen-anhaltinischen Jagdverbandes in <span data-ce-class=\"Locations\">Magdeburg<\/span> doch mit Freude festgestellt, dass es f\u00fcr seine vor einigen Jahren gegr\u00fcndete Truppe keinen Grund gibt, sich zu verstecken.<\/p>\n<p>Denn bevor die intonierte Mischung aus Jagd- und Volksliedern sich zu einem b\u00fchnenreifen Programm f\u00fcgte, mussten die Jagdhornbl\u00e4ser zig Stunden \u00fcben. &#8222;Es sieht letztendlich einfach aus, aber es steckt jede Menge Arbeit dahinter&#8220;, wei\u00df Jens Schneidewind, der zudem sehr stolz darauf ist, wie sich seine &#8222;Sch\u00fctzlinge&#8220; st\u00e4ndig weiterentwickelt haben. Beim Start war nicht abzusehen, was aus den vier &#8222;Hanseln&#8220; werden k\u00f6nnte, die sich damals nur mal ausprobieren wollten. Deren Ziel es war, eventuell ein paar Jagdsignale vern\u00fcnftig blasen zu k\u00f6nnen. Jens Schneidwind sagte nicht &#8222;Nein&#8220;, auch weil er genau wei\u00df, dass die Jagdhornbl\u00e4ser die Sympathietr\u00e4ger und das Aush\u00e4ngeschild f\u00fcr die J\u00e4gerschaft sind. Schnell kristallisierte sich heraus, dass die &#8222;Neuen&#8220; mit Feuereifer bei der Sache waren. Die zun\u00e4chst gewollte reine Jagdsignalbl\u00e4serei reichte allen nicht mehr. Das Repertoire erweiterte sich, die \u00dcbungsstunden wurden intensiver. Dazu kam, dass die Gruppe immer gr\u00f6\u00dfer wurde. Es folgten erste kleine Auftritte im Rahmen von Jagdveranstaltungen. Und schlie\u00dflich die Geburt von &#8222;Hercynia 2.0&#8220;. Das 2.0 steht dabei f\u00fcr die Gr\u00fcndung der &#8222;Nachwuchsabteilung&#8220; von &#8222;Hercynia&#8220; (Lateinisch f\u00fcr &#8222;Harz&#8220;), der Jagdhornbl\u00e4sergruppe der J\u00e4gerschaft <span data-ce-class=\"Locations\">Quedlinburg<\/span>, die schon seit \u00fcber 30 Jahren existiert.<\/p>\n<p>Jens Schneidewind geht davon aus, dass es bei der kontinuierlichen Entwicklung bleibt. &#8222;Wir wollen Neues einstudieren, besser und anspruchsvoller werden&#8220;, gibt der Friedrichsbrunner die Marschroute vor. Solch eine Botschaft kommt beim &#8222;K\u00fcken&#8220; der Gruppe gut an. Anna-Lena Reuschel war vom Auftritt in <span data-ce-class=\"Locations\">Magdeburg<\/span> und dem gemeinsamen Abschlussblasen aller Teilnehmer begeistert. &#8222;Mit so vielen anderen Musikern aufzutreten, dass hat sich so gut angeh\u00f6rt. Ich hatte sogar eine G\u00e4nsehaut.&#8220;<\/p>\n<p>Die Sch\u00fclerin aus Silberh\u00fctte hat sich bewusst f\u00fcr das Jagdhornblasen entschieden, da sie von der Herausforderung fasziniert war, die das Instrument mit sich bringt. So wird durch das Blasen in das Mundst\u00fcck eine Lufts\u00e4ule geschaffen, die durch die vibrierenden Lippen des Spielers in Schwingungen versetzt wird. &#8222;Dies in Perfektion zu beherrschen, ist einfach nur sch\u00f6n. Und ich war \u00fcberrascht, wie viele das so gut k\u00f6nnen&#8220;, so Anna-Lena Reuschel. &#8222;Angesichts des immer gr\u00f6\u00dfer werdenden Zuspruchs, vor allem von musikbegeisterten Frauen, sollte das Ende der Fahnenstange noch nicht erreicht sein&#8220;, hofft Jens Schneidewind. (2019)[\/vc_column_text][vc_column_text]<\/p>\n<h5>Kontakt<\/h5>\n<p>Jens Schneidewind \u00fcber <strong>jens-schneidewind@gmx.de<\/strong>[\/vc_column_text][\/vc_column_inner][vc_column_inner width=&#8220;1\/3&#8243;][vc_gallery interval=&#8220;3&#8243; images=&#8220;3334,739&#8243; img_size=&#8220;full&#8220; css=&#8220;&#8220;][\/vc_column_inner][\/vc_row_inner][\/vc_column][\/vc_row][vc_row][vc_column][vc_separator css=&#8220;&#8220;][vc_column_text css=&#8220;&#8220;]<\/p>\n<h3><strong>Bl\u00e4sergruppe Hedersleben<\/strong><\/h3>\n<p>[\/vc_column_text][vc_row_inner][vc_column_inner width=&#8220;2\/3&#8243;][vc_column_text css=&#8220;&#8220;]Bei der Jagdhornbl\u00e4sergruppe \u201eBlasende Klosterbr\u00fcder\u201c handelt es sich um einen eher jungen Zusammenschluss von Frauen und M\u00e4nnern, die sich seit neun Jahren zu gemeinsamen \u00dcbungsstunden trifft. Die \u201eChefin\u201c Brigitte Schattenberg \u00fcbt dieses einzigartige Hobby seit 40 Jahren aus. Immer mittwochs wird im Kloster in Hedersleben gemeinsam gespielt. Diesen ungew\u00f6hnlichen \u00dcbungsort hat die Gruppe einem ihrer Mitstreiter und Eigent\u00fcmer des Klosters zu verdanken, Michael Riegler. Innerhalb des Klosters wird, je nach Temperaturen, in verschiedenen R\u00e4umlichkeiten gespielt, so auch im Kreuzgang. \u201eEs ist eine unbeschreibliche und einzigartige Akustik.\u201c, beschreibt Brigitte Schattenberg.<\/p>\n<p>Die weiblichen und m\u00e4nnlichen Mitglieder der Bl\u00e4sergruppe weisen ein buntes Alter auf, so ist die J\u00fcngste 18 und der \u00c4lteste 74 Jahre alt. Da gerade die j\u00fcngeren Mitglieder meist wegen Ausbildung oder Studium nicht an jedem \u00dcbungsspiel teilnehmen k\u00f6nnen, treffen sich meist so zwischen acht und zw\u00f6lf Bl\u00e4ser zum gemeinsamen Spiel.<\/p>\n<p>Auch offizielle Auftritte, wie in der Kirchengemeinde beim Turmblasen, Geburtstagen, Beerdigungen werden wahrgenommen. (2022)<\/p>\n<p>&nbsp;<\/p>\n<p>Kontakt:<\/p>\n<p><strong>brigitte@hschattenberg.de<\/strong>[\/vc_column_text][\/vc_column_inner][vc_column_inner width=&#8220;1\/3&#8243;][vc_gallery interval=&#8220;3&#8243; images=&#8220;3138&#8243; img_size=&#8220;full&#8220; css=&#8220;&#8220;][vc_column_text css=&#8220;&#8220;]Foto: Salawa\/DJV[\/vc_column_text][\/vc_column_inner][\/vc_row_inner][\/vc_column][\/vc_row]<\/p>\n<\/div>","protected":false},"excerpt":{"rendered":"<p>[vc_row][vc_column][vc_column_text css=&#8220;&#8220;] &#8222;Musik geht durch den Magen&#8220; [\/vc_column_text][vc_row_inner][vc_column_inner width=&#8220;2\/3&#8243;][vc_column_text css=&#8220;&#8220;]\u201eMusik geht durch den Magen \u2013 Jagdhornkl\u00e4nge und Wildgerichte\u201c hei\u00dft das Konzert, welches die J\u00e4gerschaft Quedlinburg im Juli 2024 erstmals im Friedrichsbrunner Kurpark veranstaltet hat. Zur Premiere haben vier Jagdhornbl\u00e4sergruppen aus Sachsen-Anhalt \u2013 die Bebertaler Jagdhornbl\u00e4ser, die Jagdhornbl\u00e4ser von \u201eHercynia\u201c, die [&hellip;]<\/p>\n","protected":false},"author":28,"featured_media":0,"parent":0,"menu_order":0,"comment_status":"closed","ping_status":"closed","template":"","meta":{"footnotes":""},"class_list":["post-533","page","type-page","status-publish"],"_links":{"self":[{"href":"https:\/\/ljv-sachsen-anhalt.de\/jaegerschaft-quedlinburg\/wp-json\/wp\/v2\/pages\/533","targetHints":{"allow":["GET"]}}],"collection":[{"href":"https:\/\/ljv-sachsen-anhalt.de\/jaegerschaft-quedlinburg\/wp-json\/wp\/v2\/pages"}],"about":[{"href":"https:\/\/ljv-sachsen-anhalt.de\/jaegerschaft-quedlinburg\/wp-json\/wp\/v2\/types\/page"}],"author":[{"embeddable":true,"href":"https:\/\/ljv-sachsen-anhalt.de\/jaegerschaft-quedlinburg\/wp-json\/wp\/v2\/users\/28"}],"replies":[{"embeddable":true,"href":"https:\/\/ljv-sachsen-anhalt.de\/jaegerschaft-quedlinburg\/wp-json\/wp\/v2\/comments?post=533"}],"version-history":[{"count":12,"href":"https:\/\/ljv-sachsen-anhalt.de\/jaegerschaft-quedlinburg\/wp-json\/wp\/v2\/pages\/533\/revisions"}],"predecessor-version":[{"id":3372,"href":"https:\/\/ljv-sachsen-anhalt.de\/jaegerschaft-quedlinburg\/wp-json\/wp\/v2\/pages\/533\/revisions\/3372"}],"wp:attachment":[{"href":"https:\/\/ljv-sachsen-anhalt.de\/jaegerschaft-quedlinburg\/wp-json\/wp\/v2\/media?parent=533"}],"curies":[{"name":"wp","href":"https:\/\/api.w.org\/{rel}","templated":true}]}}