{"id":596,"date":"2020-07-21T10:26:55","date_gmt":"2020-07-21T09:26:55","guid":{"rendered":"https:\/\/ljv-sachsen-anhalt.de\/jaegerschaft-quedlinburg\/?page_id=596"},"modified":"2026-03-28T18:01:54","modified_gmt":"2026-03-28T17:01:54","slug":"hegeringe-der-jaegerschaft","status":"publish","type":"page","link":"https:\/\/ljv-sachsen-anhalt.de\/jaegerschaft-quedlinburg\/hegeringe-der-jaegerschaft\/","title":{"rendered":"Hegeringe"},"content":{"rendered":"<div class=\"wpb-content-wrapper\"><p>[vc_row][vc_column width=&#8220;1\/2&#8243;][vc_row_inner][vc_column_inner width=&#8220;1\/2&#8243; offset=&#8220;vc_col-xs-6&#8243;][vc_column_text]<strong>Hegering Hedersleben<\/strong><\/p>\n<p><strong>Hegering G\u00fcntersberge<\/strong><\/p>\n<p><strong>Hegering Thale<\/strong><\/p>\n<p><strong>Hegering Ballenstedt <\/strong><\/p>\n<p><strong>Hegering Harzgerode<\/strong><\/p>\n<p><strong>Hegering Quedlinburg<\/strong>[\/vc_column_text][\/vc_column_inner][vc_column_inner width=&#8220;1\/2&#8243; offset=&#8220;vc_col-xs-6&#8243;][vc_column_text css=&#8220;&#8220;]<strong>Andy Ballhausen<\/strong><\/p>\n<p><strong>Dr. Holger Piegert<\/strong><\/p>\n<p><strong>Patric Hampe<\/strong><\/p>\n<p><strong>Sven Skibak<\/strong><\/p>\n<p><strong>Matthias Lange<\/strong><\/p>\n<p><strong>Axel Schmidt<\/strong>[\/vc_column_text][\/vc_column_inner][\/vc_row_inner][\/vc_column][vc_column width=&#8220;1\/2&#8243;][vc_single_image image=&#8220;708&#8243; img_size=&#8220;full&#8220;][vc_column_text css=&#8220;&#8220;]Hegeringleiter Dr. Holger Piegert (re. im Jahr 2019) und Kai Wiebensohn, Obmann f\u00fcr Naturschutz der J\u00e4gerschaft,\u00a0 \u00fcberzeugen sich von den Vorteilen einer Bl\u00fchwiese, die in Kooperation mit einem Landwirt auf Anregung der J\u00e4gerschaft in der Feldflur Quedlinburg angelegt wurde.[\/vc_column_text][\/vc_column][\/vc_row][vc_row][vc_column][\/vc_column][\/vc_row]<\/p>\n<\/div>","protected":false},"excerpt":{"rendered":"<p>[vc_row][vc_column width=&#8220;1\/2&#8243;][vc_row_inner][vc_column_inner width=&#8220;1\/2&#8243; offset=&#8220;vc_col-xs-6&#8243;][vc_column_text]Hegering Hedersleben Hegering G\u00fcntersberge Hegering Thale Hegering Ballenstedt Hegering Harzgerode Hegering Quedlinburg[\/vc_column_text][\/vc_column_inner][vc_column_inner width=&#8220;1\/2&#8243; offset=&#8220;vc_col-xs-6&#8243;][vc_column_text css=&#8220;&#8220;]Andy Ballhausen Dr. Holger Piegert Patric Hampe Sven Skibak Matthias Lange Axel Schmidt[\/vc_column_text][\/vc_column_inner][\/vc_row_inner][\/vc_column][vc_column width=&#8220;1\/2&#8243;][vc_single_image image=&#8220;708&#8243; img_size=&#8220;full&#8220;][vc_column_text css=&#8220;&#8220;]Hegeringleiter Dr. Holger Piegert (re. im Jahr 2019) und Kai Wiebensohn, Obmann f\u00fcr Naturschutz der J\u00e4gerschaft,\u00a0 \u00fcberzeugen [&hellip;]<\/p>\n","protected":false},"author":28,"featured_media":0,"parent":0,"menu_order":0,"comment_status":"closed","ping_status":"closed","template":"","meta":{"footnotes":""},"class_list":["post-596","page","type-page","status-publish"],"_links":{"self":[{"href":"https:\/\/ljv-sachsen-anhalt.de\/jaegerschaft-quedlinburg\/wp-json\/wp\/v2\/pages\/596","targetHints":{"allow":["GET"]}}],"collection":[{"href":"https:\/\/ljv-sachsen-anhalt.de\/jaegerschaft-quedlinburg\/wp-json\/wp\/v2\/pages"}],"about":[{"href":"https:\/\/ljv-sachsen-anhalt.de\/jaegerschaft-quedlinburg\/wp-json\/wp\/v2\/types\/page"}],"author":[{"embeddable":true,"href":"https:\/\/ljv-sachsen-anhalt.de\/jaegerschaft-quedlinburg\/wp-json\/wp\/v2\/users\/28"}],"replies":[{"embeddable":true,"href":"https:\/\/ljv-sachsen-anhalt.de\/jaegerschaft-quedlinburg\/wp-json\/wp\/v2\/comments?post=596"}],"version-history":[{"count":11,"href":"https:\/\/ljv-sachsen-anhalt.de\/jaegerschaft-quedlinburg\/wp-json\/wp\/v2\/pages\/596\/revisions"}],"predecessor-version":[{"id":3422,"href":"https:\/\/ljv-sachsen-anhalt.de\/jaegerschaft-quedlinburg\/wp-json\/wp\/v2\/pages\/596\/revisions\/3422"}],"wp:attachment":[{"href":"https:\/\/ljv-sachsen-anhalt.de\/jaegerschaft-quedlinburg\/wp-json\/wp\/v2\/media?parent=596"}],"curies":[{"name":"wp","href":"https:\/\/api.w.org\/{rel}","templated":true}]}}