{"id":652,"date":"2020-07-30T20:41:17","date_gmt":"2020-07-30T19:41:17","guid":{"rendered":"https:\/\/ljv-sachsen-anhalt.de\/jaegerschaft-quedlinburg\/?page_id=652"},"modified":"2026-01-26T10:10:49","modified_gmt":"2026-01-26T09:10:49","slug":"jagdrecht","status":"publish","type":"page","link":"https:\/\/ljv-sachsen-anhalt.de\/jaegerschaft-quedlinburg\/jagdrecht\/","title":{"rendered":"Jagdrecht"},"content":{"rendered":"<div class=\"wpb-content-wrapper\"><p>[vc_row][vc_column width=&#8220;2\/3&#8243;][vc_column_text css=&#8220;&#8220;]<\/p>\n<h3>Patrick Pl\u00e4ttner<\/h3>\n<p>Die Jagd hat Patrick Pl\u00e4ttner immer fasziniert und schon zu DDR-Zeiten war er als Jagdhelfer best\u00e4ndig mit auf Tour, wenn vor seiner Haust\u00fcr die Jagdh\u00f6rner schallten. \u201eIch bin bei und mit einem \u00e4lteren J\u00e4ger aus Stecklenberg gro\u00df geworden und habe dann Anfang der 90-iger Jahre, als ich Student in Halle war, dann auch einen Jungj\u00e4gerlehrgang bei der J\u00e4gerschaft Quedlinburg mitgemacht\u201c, erkl\u00e4rt der Friedrichsbrunner. Schnell fand er auch jagdlichen Anschluss als Begehscheininhaber beim Landesforstbetrieb, wo er sich gut aufgenommen und wohl f\u00fchlt.<\/p>\n<p>\u201eIch kann mich nicht beklagen. Beim Landesforst gibt es faire Spielregeln\u201c, so Patrick Pl\u00e4ttner. Von seinem Hobby lie\u00df er auch nicht, als er seinen Anwaltsberuf aufnahm. Ganz im Gegenteil: Die jagdlichen Aufgaben wurden St\u00fcck f\u00fcr St\u00fcck mehr. So ist der Friedrichsbrunner mittlerweile als Pr\u00fcfer und in der Jungj\u00e4gerausbildung unterwegs. Seine Spezialstrecke: Jagd- und Waffenrecht und das jagliche Schie\u00dfen.<\/p>\n<p>Seit 2001 ist Patrick Pl\u00e4ttner als Rechtsanwalt f\u00fcr Familien-, Arbeits-, Sozial- und Steuerrecht in Halberstadt aktiv und hat sich mit den Jahren auch im Jagd- und Waffenrecht weitergebildet, so dass auch diese Schiene anwaltlich von ihm vertreten wird. \u201eEs ist eine Nische, die mehr sehr gef\u00e4llt und Spa\u00df macht\u201c, begr\u00fcndet er sein Engagement. So hat er bis heute schon zahlreiche J\u00e4ger bei Problemen mit Pachtvertr\u00e4gen, der Jagdscheinverl\u00e4ngerung, der Wildschadensregulierung oder Streitigkeiten in Jagdgenossenschaften vertreten. Gern gesehen ist er auch, wenn es gilt, solche Rechtsfragen in Versammlungen aufzuarbeiten. (2019)<\/p>\n<p><strong>Kontakt: <\/strong><\/p>\n<p><strong><span class=\"LrzXr\">Heilige-Geist-Stra\u00dfe 11-12, 06484 Quedlinburg<\/span><\/strong><\/p>\n<p>Tel.: 03946\/901590[\/vc_column_text][\/vc_column][vc_column width=&#8220;1\/3&#8243;][vc_single_image image=&#8220;2046&#8243; img_size=&#8220;full&#8220;][\/vc_column][\/vc_row]<\/p>\n<\/div>","protected":false},"excerpt":{"rendered":"<p>[vc_row][vc_column width=&#8220;2\/3&#8243;][vc_column_text css=&#8220;&#8220;] Patrick Pl\u00e4ttner Die Jagd hat Patrick Pl\u00e4ttner immer fasziniert und schon zu DDR-Zeiten war er als Jagdhelfer best\u00e4ndig mit auf Tour, wenn vor seiner Haust\u00fcr die Jagdh\u00f6rner schallten. \u201eIch bin bei und mit einem \u00e4lteren J\u00e4ger aus Stecklenberg gro\u00df geworden und habe dann Anfang der 90-iger Jahre, [&hellip;]<\/p>\n","protected":false},"author":1,"featured_media":0,"parent":0,"menu_order":0,"comment_status":"closed","ping_status":"closed","template":"","meta":{"footnotes":""},"class_list":["post-652","page","type-page","status-publish"],"_links":{"self":[{"href":"https:\/\/ljv-sachsen-anhalt.de\/jaegerschaft-quedlinburg\/wp-json\/wp\/v2\/pages\/652","targetHints":{"allow":["GET"]}}],"collection":[{"href":"https:\/\/ljv-sachsen-anhalt.de\/jaegerschaft-quedlinburg\/wp-json\/wp\/v2\/pages"}],"about":[{"href":"https:\/\/ljv-sachsen-anhalt.de\/jaegerschaft-quedlinburg\/wp-json\/wp\/v2\/types\/page"}],"author":[{"embeddable":true,"href":"https:\/\/ljv-sachsen-anhalt.de\/jaegerschaft-quedlinburg\/wp-json\/wp\/v2\/users\/1"}],"replies":[{"embeddable":true,"href":"https:\/\/ljv-sachsen-anhalt.de\/jaegerschaft-quedlinburg\/wp-json\/wp\/v2\/comments?post=652"}],"version-history":[{"count":10,"href":"https:\/\/ljv-sachsen-anhalt.de\/jaegerschaft-quedlinburg\/wp-json\/wp\/v2\/pages\/652\/revisions"}],"predecessor-version":[{"id":3349,"href":"https:\/\/ljv-sachsen-anhalt.de\/jaegerschaft-quedlinburg\/wp-json\/wp\/v2\/pages\/652\/revisions\/3349"}],"wp:attachment":[{"href":"https:\/\/ljv-sachsen-anhalt.de\/jaegerschaft-quedlinburg\/wp-json\/wp\/v2\/media?parent=652"}],"curies":[{"name":"wp","href":"https:\/\/api.w.org\/{rel}","templated":true}]}}