{"id":1609,"date":"2025-11-13T14:40:09","date_gmt":"2025-11-13T13:40:09","guid":{"rendered":"https:\/\/ljv-sachsen-anhalt.de\/jaegerschaft-saalkreis\/?page_id=1609"},"modified":"2026-03-25T13:38:05","modified_gmt":"2026-03-25T12:38:05","slug":"jaegerausbildung-2","status":"publish","type":"page","link":"https:\/\/ljv-sachsen-anhalt.de\/jaegerschaft-saalkreis\/jaegerausbildung-2\/","title":{"rendered":"J\u00e4gerausbildung"},"content":{"rendered":"<div class=\"wpb-content-wrapper\"><p>[vc_row][vc_column width=&#8220;2\/3&#8243;][vc_column_text css=&#8220;&#8220;]<\/p>\n<h2>Die Jagdschule der J\u00e4gerschaft<\/h2>\n<p>&#8230; vermittelt das Weidwerk verantwortungsvoll an die n\u00e4chste Generation. Ziel ist es, Wissen fundiert zu vermitteln, Naturschutz zu verankern und \u00f6kologische Belange zu beachten, ohne dabei Traditionen zu vernachl\u00e4ssigen.<\/p>\n<h3>Schwerpunkt unserer Ausbildung<\/h3>\n<p>Wissensvermittlung: fundierte Lehrinhalte zu Wildtieren, Jagdmethoden, Rechtsgrundlagen und Sicherheit; praxisnahe \u00dcbungen.<br \/>\nNaturschutz: Respekt vor Lebensr\u00e4umen, Artenschutz, Biodiversit\u00e4t und naturschutzgerechte Jagdformen; F\u00f6rderung nachhaltiger Wildbest\u00e4nde.<br \/>\n\u00d6kologische Belange: Schonung sensibler Fl\u00e4chen, sachgerechte Hege, Bejagungskonzepte im Einklang mit \u00d6kosystemen.<br \/>\nTradition: Vermittlung jagdlichen Brauchtums, Jagdethik und verantwortungsbewusster Umgang mit der Beute.<\/p>\n<h3>Unser Ansatz<\/h3>\n<p>Ganzheitliche Ausbildung, die Theorie, Praxis und Werte verbindet.<br \/>\nModerne Methoden kombiniert mit bew\u00e4hrten Jagdtraditionen.<br \/>\nMentoring durch erfahrene J\u00e4gerinnen und J\u00e4ger.<br \/>\nOffene Lernkultur: Austausch, Feedbackrunden und kontinuierliche Weiterentwicklung.<\/p>\n<h3>Was gibt es noch zu wissen?<\/h3>\n<p>Die Jagdpr\u00fcfung wird auch &#8222;das gr\u00fcne Abitur&#8220; genannt. Die Ausbildung ist anspruchsvoll und zeitintensiv. Bei den Schulungen in D\u00f6\u00dfel (i.d.R. finden diese Freitagabend und Samstags statt) vermitteln die Dozenten die Inhalte und stehen f\u00fcr Fragen und Diskussionen rund um den Lernstoff zur Verf\u00fcgung. Der wichtigste Faktor ist jedoch das Selbststudium in den jeweiligen F\u00e4chern. Wer sich ausschlie\u00dflich in den Schulungen mit dem Stoff besch\u00e4ftigt, wird es sp\u00e4ter in der Pr\u00fcfung sehr schwer haben.[\/vc_column_text][\/vc_column][vc_column width=&#8220;1\/3&#8243;][vc_column_text css=&#8220;&#8220;]<\/p>\n<h2>Aktueller Kurs<\/h2>\n<p>Zur Zeit findet kein Kurs statt.[\/vc_column_text][vc_column_text css=&#8220;&#8220;]Sie interessieren sich f\u00fcr eine Ausbildung zum Jungj\u00e4ger in der Jagdschule der J\u00e4gerschaft Saalkreis e.V.?<\/p>\n<p>Nehmen Sie Kontakt zu uns auf.[\/vc_column_text][vc_btn title=&#8220;Kontakt zur Jagdschule&#8220; color=&#8220;green&#8220; css=&#8220;&#8220; link=&#8220;url:mailto%3Ainfo%40jaegerschaft-saalkreis.de%3Fsubject%3DAnfrage%20Jagdschulkurs(Webseite)%26body%3DHallo%2C%20%2C&#8220;][vc_column_text css=&#8220;&#8220;]<\/p>\n<h3>Hier finden Sie uns<\/h3>\n<p>[\/vc_column_text][vc_goo_maps location=&#8220;stra\u00dfe des friedens 11, d\u00f6\u00dfel&#8220; zoom=&#8220;15&#8243; css=&#8220;&#8220;][\/vc_column][\/vc_row][vc_row][vc_column][vc_separator css=&#8220;&#8220;][\/vc_column][\/vc_row][vc_row][vc_column][vc_column_text css=&#8220;&#8220;]<\/p>\n<h2>Die Ausbildungsf\u00e4cher<\/h2>\n<p>[\/vc_column_text][vc_basic_grid post_type=&#8220;post&#8220; max_items=&#8220;&#8220; style=&#8220;lazy&#8220; element_width=&#8220;3&#8243; item=&#8220;1930&#8243; initial_loading_animation=&#8220;none&#8220; css=&#8220;&#8220; grid_id=&#8220;vc_gid:1774442107660-c6ac9443-7e76-1&#8243; taxonomies=&#8220;20&#8243;][vc_separator css=&#8220;&#8220;][\/vc_column][\/vc_row][vc_row][vc_column][vc_column_text css=&#8220;&#8220;]<\/p>\n<h2>Informationen zur J\u00e4gerpr\u00fcfung<\/h2>\n<p>Die J\u00e4gerpr\u00fcfung in Sachsen-Anhalt besteht aus 3 Teilen:<\/p>\n<h3>Schriftliche Pr\u00fcfung<\/h3>\n<p>In der Pr\u00fcfung werden je Pr\u00fcfungsfach 20 Fragen im Multiple Choice Modus beantwortet. Je Fach ergibt sich damit eine Teilnote von 1 (sehr gut) bis 6 (ungen\u00fcgend).<\/p>\n<h3>M\u00fcndlich praktische Pr\u00fcfung<\/h3>\n<p>Je Pr\u00fcfungsfach werden dem Pr\u00fcfling Aufgaben bzw. Fragen gestellt. Die Pr\u00fcfungsdauer je Fach soll 15 Minuten nicht \u00fcberschreiten. Je Fach ergibt sich eine weitere Teilnote von 1 (sehr gut) bis 6 (ungen\u00fcgend).<\/p>\n<h3>Jagdliches Schie\u00dfen<\/h3>\n<p>Der Pr\u00fcfling muss, um die Schie\u00dfpr\u00fcfung zu bestehen:<br \/>\n&#8211; von 10 Tontauben mindestens 3 treffen (Trap, jagdlicher Anschlag)<br \/>\n&#8211; mit 5 Sch\u00fcssen (stehend angestrichen) auf die Rehbockscheibe auf 100m mindestens 25 Ringe erzielen<br \/>\n&#8211; mit 5 Sch\u00fcssen (stehend freih\u00e4ndig) mindestens 2 Treffer auf der Zielscheibe mit der Kurzwaffe auf 25m erzielen<\/p>\n<p>Jeder Teil der Schie\u00dfpr\u00fcfung kann bei Nichterreichen der Anforderung einmal wiederholt werden.<\/p>\n<h3>Wann ist die Pr\u00fcfung (nicht) bestanden?<\/h3>\n<p>Die Pr\u00fcfung ist nicht bestanden, wenn<\/p>\n<ol>\n<li>der Pr\u00fcfling beim jagdlichen Schie\u00dfen oder bei der m\u00fcndlich\u2010praktischen Pr\u00fcfung von der weiteren Pr\u00fcfung ausgeschlossen wurde oder<\/li>\n<li>die Note im Pr\u00fcfungsfach ,,Jagdwaffen&#8220; nicht mindestens ,,ausreichend&#8220; oder in einem anderen Pr\u00fcfungsfach ,,ungen\u00fcgend&#8220; ist oder<\/li>\n<li>die Gesamtnote der J\u00e4gerpr\u00fcfung nicht mindestens ,,ausreichend&#8220; ist.<\/li>\n<\/ol>\n<p>Die J\u00e4gerpr\u00fcfung kann bei Nichtbestehen nur gesamt (alle 3 Teile) wiederholt werden.<\/p>\n<p><a href=\"https:\/\/ljv-sachsen-anhalt.de\/download\/falkner-und-jaegerpruefungsordnung\/\" target=\"_blank\" rel=\"noopener\">Link zur Pr\u00fcfungsordnung beim Landesjagdverband Sachsen-Anhalt<\/a><\/p>\n<h3>Weitere Hinweise<\/h3>\n<p>Wo in Sachsen-Anhalt die Pr\u00fcfung abgenommen wird, entscheidet sich je Jagdschulkurs individuell und steht im Vorhinein nicht fest.<\/p>\n<p>Die Pr\u00fcfungsanmeldung erfolgt durch die Teilnehmer selbst. Sie werden dabei von der Jagdschule unterst\u00fctzt.[\/vc_column_text][\/vc_column][\/vc_row]<\/p>\n<\/div>","protected":false},"excerpt":{"rendered":"<p>[vc_row][vc_column width=&#8220;2\/3&#8243;][vc_column_text css=&#8220;&#8220;] Die Jagdschule der J\u00e4gerschaft &#8230; vermittelt das Weidwerk verantwortungsvoll an die n\u00e4chste Generation. Ziel ist es, Wissen fundiert zu vermitteln, Naturschutz zu verankern und \u00f6kologische Belange zu beachten, ohne dabei Traditionen zu vernachl\u00e4ssigen. Schwerpunkt unserer Ausbildung Wissensvermittlung: fundierte Lehrinhalte zu Wildtieren, Jagdmethoden, Rechtsgrundlagen und Sicherheit; praxisnahe \u00dcbungen. [&hellip;]<\/p>\n","protected":false},"author":10025,"featured_media":1947,"parent":0,"menu_order":0,"comment_status":"closed","ping_status":"closed","template":"","meta":{"footnotes":""},"class_list":["post-1609","page","type-page","status-publish","has-post-thumbnail"],"_links":{"self":[{"href":"https:\/\/ljv-sachsen-anhalt.de\/jaegerschaft-saalkreis\/wp-json\/wp\/v2\/pages\/1609","targetHints":{"allow":["GET"]}}],"collection":[{"href":"https:\/\/ljv-sachsen-anhalt.de\/jaegerschaft-saalkreis\/wp-json\/wp\/v2\/pages"}],"about":[{"href":"https:\/\/ljv-sachsen-anhalt.de\/jaegerschaft-saalkreis\/wp-json\/wp\/v2\/types\/page"}],"author":[{"embeddable":true,"href":"https:\/\/ljv-sachsen-anhalt.de\/jaegerschaft-saalkreis\/wp-json\/wp\/v2\/users\/10025"}],"replies":[{"embeddable":true,"href":"https:\/\/ljv-sachsen-anhalt.de\/jaegerschaft-saalkreis\/wp-json\/wp\/v2\/comments?post=1609"}],"version-history":[{"count":10,"href":"https:\/\/ljv-sachsen-anhalt.de\/jaegerschaft-saalkreis\/wp-json\/wp\/v2\/pages\/1609\/revisions"}],"predecessor-version":[{"id":2220,"href":"https:\/\/ljv-sachsen-anhalt.de\/jaegerschaft-saalkreis\/wp-json\/wp\/v2\/pages\/1609\/revisions\/2220"}],"wp:featuredmedia":[{"embeddable":true,"href":"https:\/\/ljv-sachsen-anhalt.de\/jaegerschaft-saalkreis\/wp-json\/wp\/v2\/media\/1947"}],"wp:attachment":[{"href":"https:\/\/ljv-sachsen-anhalt.de\/jaegerschaft-saalkreis\/wp-json\/wp\/v2\/media?parent=1609"}],"curies":[{"name":"wp","href":"https:\/\/api.w.org\/{rel}","templated":true}]}}