{"id":1612,"date":"2025-11-13T14:41:36","date_gmt":"2025-11-13T13:41:36","guid":{"rendered":"https:\/\/ljv-sachsen-anhalt.de\/jaegerschaft-saalkreis\/?page_id=1612"},"modified":"2026-03-17T12:38:59","modified_gmt":"2026-03-17T11:38:59","slug":"wissen-und-lernen","status":"publish","type":"page","link":"https:\/\/ljv-sachsen-anhalt.de\/jaegerschaft-saalkreis\/wissen-und-lernen\/","title":{"rendered":"Wissen und Lernen"},"content":{"rendered":"<div class=\"wpb-content-wrapper\"><p>[vc_row][vc_column][vc_column_text css=&#8220;&#8220;]<\/p>\n<h2>Lebenslanges Lernen in der Jagd \u2013 Die Jagdpr\u00fcfung als Anfang, nicht als Ende<\/h2>\n<p>Das Ablegen der Jagdpr\u00fcfung markiert f\u00fcr jeden angehenden J\u00e4ger einen wichtigen Meilenstein \u2013 doch es ist zugleich erst der Beginn eines lebenslangen Lernprozesses. Die Jagd erfordert nicht nur fundiertes Wissen \u00fcber Wildbiologie, Waffenhandhabung, Naturschutz und Recht, sondern auch die Bereitschaft, dieses Wissen kontinuierlich zu erweitern und an neue Erkenntnisse sowie ver\u00e4nderte Rahmenbedingungen anzupassen. Gerade deshalb ist es der J\u00e4gerschaft ein zentrales Anliegen, ihre Mitglieder auf diesem Weg zu begleiten. Durch unterschiedliche Ma\u00dfnahmen wie Fortbildungen, Fachvortr\u00e4ge, gemeinsame Revierg\u00e4nge oder praxisnahe Schulungen werden J\u00e4gerinnen und J\u00e4ger dabei unterst\u00fctzt, ihre Kenntnisse zu vertiefen, Erfahrungen auszutauschen und verantwortungsbewusstes, zeitgem\u00e4\u00dfes Handeln in der Jagd sicherzustellen.[\/vc_column_text][\/vc_column][\/vc_row][vc_row][vc_column][vc_column_text]<\/p>\n<h2>Quellen f\u00fcr Waidwissen vor und nach der Jagdpr\u00fcfung<\/h2>\n<p>[\/vc_column_text][vc_column_text css=&#8220;&#8220;]<\/p>\n<h3>J\u00e4gerschmiede<\/h3>\n<p>Der Lernstoff und die Einheiten w\u00e4hrend der Vorbereitung auf die Jagdpr\u00fcfung werden durch das Angebot der J\u00e4gerschmiede unterst\u00fctzt (im Preis der Ausbildung enthalten)[\/vc_column_text][vc_btn title=&#8220;Zur Seite der J\u00e4gerschmiede&#8220; style=&#8220;classic&#8220; color=&#8220;green&#8220; css=&#8220;&#8220; link=&#8220;url:https%3A%2F%2Fwww.jaegerschmiede.de%2F|target:_blank&#8220;][vc_column_text css=&#8220;&#8220;]<\/p>\n<h3>Pr\u00fcfungsfragen der Bundesl\u00e4nder<\/h3>\n<p>Die hier verlinkten Pr\u00fcfungsfragen haben den Stand aus dem M\u00e4rz 2026. Die Bereitstellung erfolgt ohne Gew\u00e4hr.[\/vc_column_text][vc_tta_accordion style=&#8220;outline&#8220; color=&#8220;green&#8220; active_section=&#8220;99&#8243; no_fill=&#8220;true&#8220; collapsible_all=&#8220;true&#8220;][vc_tta_section title=&#8220;Baden W\u00fcrttemberg&#8220; tab_id=&#8220;1773239356619-4839e9ea-2f95&#8243;][vc_column_text css=&#8220;&#8220;]Typ: \u00dcbersichtsseite<\/p>\n<p>Herausgeber: Landesjagdverband\u00a0Baden-Wu\u0308rttemberg e.V.<\/p>\n<p>Links: <a href=\"https:\/\/www.landesjagdverband.de\/ausbildung-fortbildung\/jaegerpruefung-pruefungsstelle\/pruefungsfragen\" target=\"_blank\" rel=\"noopener\">Pr\u00fcfungsfragen<\/a>, <a href=\"https:\/\/www.landesjagdverband.de\/\" target=\"_blank\" rel=\"noopener\">Landesjagdverband Baden-W\u00fcrttemberg e.V.<\/a>[\/vc_column_text][\/vc_tta_section][vc_tta_section title=&#8220;Bayern&#8220; tab_id=&#8220;1773239356625-52a8c795-0127&#8243;][vc_column_text css=&#8220;&#8220;]Typ: \u00dcbersichtsseite<\/p>\n<p>Herausgeber: Bayerisches Landesamt f\u00fcr Ma\u00df und Gewicht<\/p>\n<p>Links: <a href=\"https:\/\/www.lmg.bayern.de\/aufgaben_leistungen\/jaegerpruefung\/index.html#modSidebarSubjectContent_100_6\" target=\"_blank\" rel=\"noopener\">Pr\u00fcfungsfragen<\/a>[\/vc_column_text][\/vc_tta_section][vc_tta_section title=&#8220;Brandenburg&#8220; tab_id=&#8220;1773248336501-eff91cf2-9c9f&#8220;][vc_column_text css=&#8220;&#8220;]Typ: \u00dcbersichtsseite<\/p>\n<p>Herausgeber: Landesjagdverband Brandenburg<\/p>\n<p>Links: <a href=\"https:\/\/ljv-brandenburg.de\/online-test-jaegerpruefung-brandenburg\/\" target=\"_blank\" rel=\"noopener\">Pr\u00fcfungsfragen<\/a>, <a href=\"https:\/\/ljv-brandenburg.de\/\" target=\"_blank\" rel=\"noopener\">Landesjagdverband Brandenburg<\/a>[\/vc_column_text][\/vc_tta_section][vc_tta_section title=&#8220;Hamburg&#8220; tab_id=&#8220;1773248488005-c82c1739-9304&#8243;][vc_column_text css=&#8220;&#8220;]Typ: \u00dcbersichtsseite<\/p>\n<p>Herausgeber: Landesjagdverband Hamburg<\/p>\n<p>Links: <a href=\"https:\/\/ljv-hamburg.de\/pruefungs-ordnung\/\" target=\"_blank\" rel=\"noopener\">Pr\u00fcfungsfragen<\/a>, <a href=\"https:\/\/ljv-hamburg.de\/\" target=\"_blank\" rel=\"noopener\">Landesjagdverband Hamburg<\/a>[\/vc_column_text][\/vc_tta_section][vc_tta_section title=&#8220;Hessen&#8220; tab_id=&#8220;1773249015593-e174a20c-9512&#8243;][vc_column_text css=&#8220;&#8220;]Typ: \u00dcbersichtsseite<\/p>\n<p>Herausgeber: Regierungspr\u00e4sidium Kassel<\/p>\n<p>Links: <a href=\"https:\/\/rp-kassel.hessen.de\/forsten-und-landwirtschaft\/jagd\/jaegerpruefung\" target=\"_blank\" rel=\"noopener\">Pr\u00fcfungsfragen<\/a>[\/vc_column_text][\/vc_tta_section][vc_tta_section title=&#8220;Mecklenburg-Vorpommern&#8220; tab_id=&#8220;1773249119471-d80b7e25-3eca&#8220;][vc_column_text css=&#8220;&#8220;]Typ: Fragenkatalog<\/p>\n<p>Herausgeber: Landesjagdverband Mecklenburg-Vorpommern e.V.<\/p>\n<p>Links: <a href=\"https:\/\/www.regierung-mv.de\/static\/Regierungsportal\/Ministerium%20f%C3%BCr%20Landwirtschaft%20und%20Umwelt\/Inhalte\/Pru%CC%88fungsfragenkatalog%20fu%CC%88r%20die%20Ja%CC%88gerpru%CC%88fung%20in%20Mecklenburg-Vorpommern%20%28Fach%201%20-%205%29.pdf\" target=\"_blank\" rel=\"noopener\">Pr\u00fcfungsfragen (pdf)<\/a>[\/vc_column_text][\/vc_tta_section][vc_tta_section title=&#8220;Niedersachsen&#8220; tab_id=&#8220;1773249254480-2f78a4e4-4c4e&#8220;][vc_column_text css=&#8220;&#8220;]Typ: \u00dcbersichtsseite<\/p>\n<p>Herausgeber: Nieders\u00e4chsisches Ministerium f\u00fcr Ern\u00e4hrung, Landwirtschaft und Verbraucherschutz<\/p>\n<p>Links: <a href=\"https:\/\/www.ml.niedersachsen.de\/startseite\/themen\/wald_holz_jagd\/jagd_in_niedersachsen\/jaegerpruefung-in-niedersachsen-5226.html\" target=\"_blank\" rel=\"noopener\">\u00dcbersicht mit Informationen und Pr\u00fcfungsfragen<\/a>[\/vc_column_text][\/vc_tta_section][vc_tta_section title=&#8220;Nordrhein-Westfalen&#8220; tab_id=&#8220;1773249392906-4aaf98e0-1391&#8243;][vc_column_text css=&#8220;&#8220;]Typ: \u00dcbersichtsseite<\/p>\n<p>Herausgeber: Ministerium f\u00fcr Landwirtschaft und Verbraucherschutz des Landes Nordrhein-Westfalen<\/p>\n<p>Links: <a href=\"https:\/\/www.ml.niedersachsen.de\/startseite\/themen\/wald_holz_jagd\/jagd_in_niedersachsen\/jaegerpruefung-in-niedersachsen-5226.html\" target=\"_blank\" rel=\"noopener\">\u00dcbersicht mit Informationen und Pr\u00fcfungsfragen<\/a>[\/vc_column_text][\/vc_tta_section][vc_tta_section title=&#8220;Rheinland-Pfalz&#8220; tab_id=&#8220;1773249524074-c5e4bc4e-d4f2&#8243;][vc_column_text css=&#8220;&#8220;]Typ: \u00dcbersichtsseite<\/p>\n<p>Herausgeber: Landesjagdverband\u00a0Rheinland-Pfalz<\/p>\n<p>Links: <a href=\"https:\/\/ljv-rlp.de\/ausbildung-und-beratung\/pruefungsfragen\/\" target=\"_blank\" rel=\"noopener\">Pr\u00fcfungsfragen<\/a>, <a href=\"https:\/\/ljv-rlp.de\/\" target=\"_blank\" rel=\"noopener\">Landesjagdverband Rheinland-Pfalz<\/a>[\/vc_column_text][\/vc_tta_section][vc_tta_section title=&#8220;Saarland&#8220; tab_id=&#8220;1773249718629-9716b90e-ca3f&#8220;][vc_column_text css=&#8220;&#8220;]Typ: Fragenkatalog<\/p>\n<p>Herausgeber: Vereinigung der J\u00e4ger des Saarlandes<\/p>\n<p>Links: <a href=\"https:\/\/www.saarjaeger.de\/media\/hatbwckk\/fragenpool-gesamt-endfassung-2017.pdf\" target=\"_blank\" rel=\"noopener\">Pr\u00fcfungsfragen (pdf)<\/a>, <a href=\"https:\/\/www.saarjaeger.de\/\" target=\"_blank\" rel=\"noopener\">Vereinigung der J\u00e4ger des Saarlandes<\/a>[\/vc_column_text][\/vc_tta_section][vc_tta_section title=&#8220;Sachsen&#8220; tab_id=&#8220;1773249960918-ad04f3b0-8836&#8243;][vc_column_text css=&#8220;&#8220;]Typ: Onlinetest (100 Fragen je Sachgebiet)<\/p>\n<p>Herausgeber: S\u00e4chsisches Staatsministerium f\u00fcr Umwelt und Landwirtschaft<\/p>\n<p>Links: <a href=\"https:\/\/www.forsten.sachsen.de\/Jagd_OffenePruefung\/Default.aspx\" target=\"_blank\" rel=\"noopener\">Onlinetest<\/a>[\/vc_column_text][\/vc_tta_section][vc_tta_section title=&#8220;Th\u00fcringen&#8220; tab_id=&#8220;1773250174898-f823c1aa-4fad&#8220;][vc_column_text css=&#8220;&#8220;]Typ: Onlinetest (25 Fragen je Sachgebiet)<\/p>\n<p>Herausgeber: unklar<\/p>\n<p>Links: <a href=\"https:\/\/was.thueringen.de\/was\/jpo\/\" target=\"_blank\" rel=\"noopener\">Onlinetest<\/a>[\/vc_column_text][\/vc_tta_section][\/vc_tta_accordion][\/vc_column][\/vc_row]<\/p>\n<\/div>","protected":false},"excerpt":{"rendered":"<p>[vc_row][vc_column][vc_column_text css=&#8220;&#8220;] Lebenslanges Lernen in der Jagd \u2013 Die Jagdpr\u00fcfung als Anfang, nicht als Ende Das Ablegen der Jagdpr\u00fcfung markiert f\u00fcr jeden angehenden J\u00e4ger einen wichtigen Meilenstein \u2013 doch es ist zugleich erst der Beginn eines lebenslangen Lernprozesses. Die Jagd erfordert nicht nur fundiertes Wissen \u00fcber Wildbiologie, Waffenhandhabung, Naturschutz und [&hellip;]<\/p>\n","protected":false},"author":10025,"featured_media":1947,"parent":0,"menu_order":0,"comment_status":"closed","ping_status":"closed","template":"","meta":{"footnotes":""},"class_list":["post-1612","page","type-page","status-publish","has-post-thumbnail"],"_links":{"self":[{"href":"https:\/\/ljv-sachsen-anhalt.de\/jaegerschaft-saalkreis\/wp-json\/wp\/v2\/pages\/1612","targetHints":{"allow":["GET"]}}],"collection":[{"href":"https:\/\/ljv-sachsen-anhalt.de\/jaegerschaft-saalkreis\/wp-json\/wp\/v2\/pages"}],"about":[{"href":"https:\/\/ljv-sachsen-anhalt.de\/jaegerschaft-saalkreis\/wp-json\/wp\/v2\/types\/page"}],"author":[{"embeddable":true,"href":"https:\/\/ljv-sachsen-anhalt.de\/jaegerschaft-saalkreis\/wp-json\/wp\/v2\/users\/10025"}],"replies":[{"embeddable":true,"href":"https:\/\/ljv-sachsen-anhalt.de\/jaegerschaft-saalkreis\/wp-json\/wp\/v2\/comments?post=1612"}],"version-history":[{"count":10,"href":"https:\/\/ljv-sachsen-anhalt.de\/jaegerschaft-saalkreis\/wp-json\/wp\/v2\/pages\/1612\/revisions"}],"predecessor-version":[{"id":2207,"href":"https:\/\/ljv-sachsen-anhalt.de\/jaegerschaft-saalkreis\/wp-json\/wp\/v2\/pages\/1612\/revisions\/2207"}],"wp:featuredmedia":[{"embeddable":true,"href":"https:\/\/ljv-sachsen-anhalt.de\/jaegerschaft-saalkreis\/wp-json\/wp\/v2\/media\/1947"}],"wp:attachment":[{"href":"https:\/\/ljv-sachsen-anhalt.de\/jaegerschaft-saalkreis\/wp-json\/wp\/v2\/media?parent=1612"}],"curies":[{"name":"wp","href":"https:\/\/api.w.org\/{rel}","templated":true}]}}