{"id":1615,"date":"2025-11-13T14:45:14","date_gmt":"2025-11-13T13:45:14","guid":{"rendered":"https:\/\/ljv-sachsen-anhalt.de\/jaegerschaft-saalkreis\/?page_id=1615"},"modified":"2026-03-12T17:38:38","modified_gmt":"2026-03-12T16:38:38","slug":"hundewesen","status":"publish","type":"page","link":"https:\/\/ljv-sachsen-anhalt.de\/jaegerschaft-saalkreis\/hundewesen\/","title":{"rendered":"Hundewesen"},"content":{"rendered":"<div class=\"wpb-content-wrapper\"><p>[vc_row][vc_column width=&#8220;2\/3&#8243;][vc_column_text css=&#8220;&#8220;]<\/p>\n<h3>Hundewesen \u2013 Tradition, Verantwortung und Zukunft<\/h3>\n<p>Der Jagdhund ist seit jeher unverzichtbarer Begleiter des J\u00e4gers. Als verl\u00e4sslicher Partner im Revier vereint er Passion, Leistungsf\u00e4higkeit und enge Bindung an seinen F\u00fchrer. Ob bei der Nachsuche auf Schalenwild, beim St\u00f6bern im dichten Bewuchs oder beim Apportieren von Federwild \u2013 der Hund tr\u00e4gt entscheidend zu einer tierschutzgerechten und waidgerechten Jagdaus\u00fcbung bei. Sein feiner Geruchssinn, seine Ausdauer und seine Arbeitsfreude machen ihn zu einem unersetzlichen Helfer im praktischen Jagdbetrieb.<\/p>\n<p>Das Hundewesen unterliegt dabei einer stetigen Weiterentwicklung. Erkenntnisse aus Verhaltensforschung, Tiermedizin und Ausbildungsmethodik flie\u00dfen kontinuierlich in die Arbeit mit unseren Jagdgebrauchshunden ein. Moderne Ausbildung bedeutet heute, bew\u00e4hrte Traditionen mit aktuellem Fachwissen zu verbinden. Ziel ist es, leistungsstarke, wesensfeste und gesunde Hunde auszubilden, die den vielf\u00e4ltigen Anforderungen im Revier gerecht werden und zugleich als Sozialpartner in Familie und Gesellschaft bestehen.<\/p>\n<p>Innerhalb unserer J\u00e4gerschaft besitzt das Hundewesen daher einen besonders hohen Stellenwert. Die F\u00f6rderung der Zucht, die Organisation von Pr\u00fcfungen, \u00dcbungstagen und Fortbildungen sowie der Austausch unter Hundef\u00fchrern sind feste Bestandteile unserer Arbeit. Wir verstehen es als unsere Verantwortung, Qualit\u00e4t und Ethik im Umgang mit dem Jagdhund zu sichern und weiterzuentwickeln \u2013 im Sinne einer nachhaltigen Jagd und aus Respekt vor dem Wild.<\/p>\n<p>Das Hundewesen ist f\u00fcr uns gelebte Tradition und zugleich Auftrag f\u00fcr die Zukunft.[\/vc_column_text][\/vc_column][vc_column width=&#8220;1\/3&#8243;][vc_hoverbox image=&#8220;2031&#8243; primary_title=&#8220;&#8220; primary_align=&#8220;justify&#8220; hover_title=&#8220;Tina Patz&#8220;]Tina hat ihren Jagdschein seit 2019. Sie ist Obfrau f\u00fcr das Hundewesen und f\u00fchrt jagdlich 2 Deutsch Drahthaar. Zus\u00e4tzlich f\u00fchrt sie Jagdsch\u00fcler in den F\u00e4chern Wildbrethygiene und Hundewesen zum gr\u00fcnen Abitur.<\/p>\n<p>&nbsp;<\/p>\n<p>[\/vc_hoverbox][vc_empty_space][vc_btn title=&#8220;Jagdhund bei der J\u00e4gerschaft anmelden&#8220; color=&#8220;green&#8220; css=&#8220;&#8220; link=&#8220;url:https%3A%2F%2Fljv-sachsen-anhalt.de%2Fjaegerschaft-saalkreis%2Fdownload%2Fjagdhund_anmeldung%2F|title:Jagdhund_Anmeldung|target:_blank&#8220;][vc_empty_space height=&#8220;16px&#8220;][vc_btn title=&#8220;Jagdhund beim LJV anmelden&#8220; color=&#8220;green&#8220; css=&#8220;&#8220; link=&#8220;url:https%3A%2F%2Fljv-sachsen-anhalt.de%2Fdownload%2Fhundeanmeldung-beim-ljv%2F|title:Jagdhund_Anmeldung_LJV|target:_blank&#8220;][vc_empty_space height=&#8220;16px&#8220;][vc_column_text css=&#8220;&#8220;]<a href=\"https:\/\/www.jghv.de\/\" target=\"_blank\" rel=\"noopener\">Zur Seite des Jagdgebrauchshundeverbands (JGHV)<\/a>[\/vc_column_text][vc_column_text css=&#8220;&#8220;]<a href=\"https:\/\/www.vdh.de\/home\/\" target=\"_blank\" rel=\"noopener\">Zur Seite des Verbands f\u00fcr das deutsche Hundewesen (VDH)<\/a>[\/vc_column_text][\/vc_column][\/vc_row][vc_row][vc_column][vc_empty_space][vc_basic_grid post_type=&#8220;post&#8220; max_items=&#8220;8&#8243; element_width=&#8220;3&#8243; item=&#8220;1930&#8243; css=&#8220;&#8220; grid_id=&#8220;vc_gid:1773333460079-c7221534-946e-6&#8243; taxonomies=&#8220;18&#8243;][\/vc_column][\/vc_row]<\/p>\n<\/div>","protected":false},"excerpt":{"rendered":"<p>[vc_row][vc_column width=&#8220;2\/3&#8243;][vc_column_text css=&#8220;&#8220;] Hundewesen \u2013 Tradition, Verantwortung und Zukunft Der Jagdhund ist seit jeher unverzichtbarer Begleiter des J\u00e4gers. Als verl\u00e4sslicher Partner im Revier vereint er Passion, Leistungsf\u00e4higkeit und enge Bindung an seinen F\u00fchrer. Ob bei der Nachsuche auf Schalenwild, beim St\u00f6bern im dichten Bewuchs oder beim Apportieren von Federwild \u2013 [&hellip;]<\/p>\n","protected":false},"author":10025,"featured_media":1948,"parent":0,"menu_order":0,"comment_status":"closed","ping_status":"closed","template":"","meta":{"footnotes":""},"class_list":["post-1615","page","type-page","status-publish","has-post-thumbnail"],"_links":{"self":[{"href":"https:\/\/ljv-sachsen-anhalt.de\/jaegerschaft-saalkreis\/wp-json\/wp\/v2\/pages\/1615","targetHints":{"allow":["GET"]}}],"collection":[{"href":"https:\/\/ljv-sachsen-anhalt.de\/jaegerschaft-saalkreis\/wp-json\/wp\/v2\/pages"}],"about":[{"href":"https:\/\/ljv-sachsen-anhalt.de\/jaegerschaft-saalkreis\/wp-json\/wp\/v2\/types\/page"}],"author":[{"embeddable":true,"href":"https:\/\/ljv-sachsen-anhalt.de\/jaegerschaft-saalkreis\/wp-json\/wp\/v2\/users\/10025"}],"replies":[{"embeddable":true,"href":"https:\/\/ljv-sachsen-anhalt.de\/jaegerschaft-saalkreis\/wp-json\/wp\/v2\/comments?post=1615"}],"version-history":[{"count":10,"href":"https:\/\/ljv-sachsen-anhalt.de\/jaegerschaft-saalkreis\/wp-json\/wp\/v2\/pages\/1615\/revisions"}],"predecessor-version":[{"id":2052,"href":"https:\/\/ljv-sachsen-anhalt.de\/jaegerschaft-saalkreis\/wp-json\/wp\/v2\/pages\/1615\/revisions\/2052"}],"wp:featuredmedia":[{"embeddable":true,"href":"https:\/\/ljv-sachsen-anhalt.de\/jaegerschaft-saalkreis\/wp-json\/wp\/v2\/media\/1948"}],"wp:attachment":[{"href":"https:\/\/ljv-sachsen-anhalt.de\/jaegerschaft-saalkreis\/wp-json\/wp\/v2\/media?parent=1615"}],"curies":[{"name":"wp","href":"https:\/\/api.w.org\/{rel}","templated":true}]}}