{"id":1619,"date":"2025-11-13T14:52:42","date_gmt":"2025-11-13T13:52:42","guid":{"rendered":"https:\/\/ljv-sachsen-anhalt.de\/jaegerschaft-saalkreis\/?page_id=1619"},"modified":"2026-03-17T12:37:30","modified_gmt":"2026-03-17T11:37:30","slug":"pruefungswesen","status":"publish","type":"page","link":"https:\/\/ljv-sachsen-anhalt.de\/jaegerschaft-saalkreis\/pruefungswesen\/","title":{"rendered":"Pr\u00fcfungswesen"},"content":{"rendered":"<div class=\"wpb-content-wrapper\"><p>[vc_row][vc_column width=&#8220;2\/3&#8243;][vc_column_text css=&#8220;&#8220;]<\/p>\n<h2>Warum und wie werden unsere Hunde gepr\u00fcft<\/h2>\n<p>Die Ausbildung und Pr\u00fcfung von Jagdgebrauchshunden ist ein zentraler Bestandteil einer verantwortungsvollen und waidgerechten Jagdaus\u00fcbung. Gut ausgebildete Hunde leisten einen unverzichtbaren Beitrag \u2013 sei es bei der Nachsuche, beim St\u00f6bern, Apportieren oder der Arbeit im Wasser. Um die Qualit\u00e4t und Einsatzf\u00e4higkeit dieser Hunde sicherzustellen, hat sich ein differenziertes Pr\u00fcfungswesen etabliert, das sowohl die Anlagen als auch die erlernten F\u00e4higkeiten bewertet.<\/p>\n<p>F\u00fcr Hundef\u00fchrer bietet das Pr\u00fcfungswesen eine klare Orientierung in der Ausbildung und erm\u00f6glicht es, den Leistungsstand ihres Hundes realistisch einzusch\u00e4tzen. Gleichzeitig dient es der Zuchtlenkung, indem nur Hunde mit nachgewiesenen Leistungen zur Zucht empfohlen werden. So wird langfristig die Leistungsf\u00e4higkeit und Gesundheit der Jagdgebrauchshunderassen gef\u00f6rdert.<\/p>\n<p>Die J\u00e4gerschaft unterst\u00fctzt ihre Mitglieder bei der Vorbereitung auf Pr\u00fcfungen durch Ausbildungsangebote, \u00dcbungstage und den Austausch von Erfahrungen. Ziel ist es, Hund und F\u00fchrer optimal auf die vielf\u00e4ltigen Anforderungen der Jagdpraxis vorzubereiten und so einen wichtigen Beitrag zu einer tierschutzgerechten und erfolgreichen Jagd zu leisten.[\/vc_column_text][vc_tta_accordion style=&#8220;outline&#8220; color=&#8220;green&#8220; active_section=&#8220;99&#8243; no_fill=&#8220;true&#8220; collapsible_all=&#8220;true&#8220;][vc_tta_section title=&#8220;Diese Pr\u00fcfungen gibt es&#8220; tab_id=&#8220;1773743126426-0d471925-37a9&#8243;][vc_column_text css=&#8220;&#8220;]Grunds\u00e4tzlich unterscheidet man zwischen Anlagenpr\u00fcfungen, Aufbaupr\u00fcfungen und Leistungspr\u00fcfungen. Anlagenpr\u00fcfungen dienen dazu, die nat\u00fcrlichen Veranlagungen eines jungen Hundes festzustellen. Hier wird beispielsweise gepr\u00fcft, wie ausgepr\u00e4gt Spurwille, Nasengebrauch oder Wasserfreude sind. Aufbaupr\u00fcfungen kn\u00fcpfen daran an und bewerten den Ausbildungsstand in verschiedenen jagdlichen Disziplinen. Leistungspr\u00fcfungen schlie\u00dflich stellen hohe Anforderungen an die Praxisreife des Hundes und spiegeln die Einsatzf\u00e4higkeit unter realit\u00e4tsnahen Bedingungen wider.[\/vc_column_text][\/vc_tta_section][vc_tta_section title=&#8220;Das wird gepr\u00fcft&#8220; tab_id=&#8220;1773743126432-605540ca-8e68&#8243;][vc_column_text css=&#8220;&#8220;]Die Inhalte der Pr\u00fcfungen variieren je nach Einsatzgebiet und Rasse. Vorstehhunde, St\u00f6berhunde, Schwei\u00dfhunde oder Apportierhunde haben jeweils spezifische Aufgaben, die sich in den Pr\u00fcfungsf\u00e4chern widerspiegeln. Typische Pr\u00fcfungselemente sind unter anderem die Feldarbeit, die Wasserarbeit, die Waldarbeit sowie Gehorsam und F\u00fchrigkeit. Auch die Zusammenarbeit zwischen Hund und Hundef\u00fchrer spielt eine entscheidende Rolle und wird entsprechend bewertet.[\/vc_column_text][\/vc_tta_section][vc_tta_section title=&#8220;So wird gepr\u00fcft&#8220; tab_id=&#8220;1773743277734-8d2b1bca-f155&#8243;][vc_column_text css=&#8220;&#8220;]Ein wesentliches Merkmal des Pr\u00fcfungswesens ist die Standardisierung. Pr\u00fcfungsordnungen legen verbindlich fest, welche Anforderungen gestellt werden und wie die Bewertung erfolgt. Dadurch wird eine objektive Vergleichbarkeit gew\u00e4hrleistet und ein hoher Qualit\u00e4tsstandard gesichert. Die Pr\u00fcfungen werden von erfahrenen und geschulten Richtern abgenommen, die sowohl \u00fcber fachliche Kompetenz als auch \u00fcber praktische Jagderfahrung verf\u00fcgen.[\/vc_column_text][\/vc_tta_section][\/vc_tta_accordion][\/vc_column][vc_column width=&#8220;1\/3&#8243;][vc_single_image image=&#8220;2175&#8243; img_size=&#8220;medium&#8220; onclick=&#8220;custom_link&#8220; img_link_target=&#8220;_blank&#8220; css=&#8220;&#8220; link=&#8220;https:\/\/ljv-sachsen-anhalt.de\/download\/pruefungsplan-fuer-jagdgebrauchshunde-2022\/&#8220; title=&#8220;Pr\u00fcfungsplan f\u00fcr Jagdgebrauchshunde&#8220;][\/vc_column][\/vc_row]<\/p>\n<\/div>","protected":false},"excerpt":{"rendered":"<p>[vc_row][vc_column width=&#8220;2\/3&#8243;][vc_column_text css=&#8220;&#8220;] Warum und wie werden unsere Hunde gepr\u00fcft Die Ausbildung und Pr\u00fcfung von Jagdgebrauchshunden ist ein zentraler Bestandteil einer verantwortungsvollen und waidgerechten Jagdaus\u00fcbung. Gut ausgebildete Hunde leisten einen unverzichtbaren Beitrag \u2013 sei es bei der Nachsuche, beim St\u00f6bern, Apportieren oder der Arbeit im Wasser. Um die Qualit\u00e4t und [&hellip;]<\/p>\n","protected":false},"author":10025,"featured_media":1948,"parent":0,"menu_order":0,"comment_status":"closed","ping_status":"closed","template":"","meta":{"footnotes":""},"class_list":["post-1619","page","type-page","status-publish","has-post-thumbnail"],"_links":{"self":[{"href":"https:\/\/ljv-sachsen-anhalt.de\/jaegerschaft-saalkreis\/wp-json\/wp\/v2\/pages\/1619","targetHints":{"allow":["GET"]}}],"collection":[{"href":"https:\/\/ljv-sachsen-anhalt.de\/jaegerschaft-saalkreis\/wp-json\/wp\/v2\/pages"}],"about":[{"href":"https:\/\/ljv-sachsen-anhalt.de\/jaegerschaft-saalkreis\/wp-json\/wp\/v2\/types\/page"}],"author":[{"embeddable":true,"href":"https:\/\/ljv-sachsen-anhalt.de\/jaegerschaft-saalkreis\/wp-json\/wp\/v2\/users\/10025"}],"replies":[{"embeddable":true,"href":"https:\/\/ljv-sachsen-anhalt.de\/jaegerschaft-saalkreis\/wp-json\/wp\/v2\/comments?post=1619"}],"version-history":[{"count":6,"href":"https:\/\/ljv-sachsen-anhalt.de\/jaegerschaft-saalkreis\/wp-json\/wp\/v2\/pages\/1619\/revisions"}],"predecessor-version":[{"id":2205,"href":"https:\/\/ljv-sachsen-anhalt.de\/jaegerschaft-saalkreis\/wp-json\/wp\/v2\/pages\/1619\/revisions\/2205"}],"wp:featuredmedia":[{"embeddable":true,"href":"https:\/\/ljv-sachsen-anhalt.de\/jaegerschaft-saalkreis\/wp-json\/wp\/v2\/media\/1948"}],"wp:attachment":[{"href":"https:\/\/ljv-sachsen-anhalt.de\/jaegerschaft-saalkreis\/wp-json\/wp\/v2\/media?parent=1619"}],"curies":[{"name":"wp","href":"https:\/\/api.w.org\/{rel}","templated":true}]}}