{"id":1621,"date":"2025-11-13T14:53:16","date_gmt":"2025-11-13T13:53:16","guid":{"rendered":"https:\/\/ljv-sachsen-anhalt.de\/jaegerschaft-saalkreis\/?page_id=1621"},"modified":"2026-03-17T12:37:55","modified_gmt":"2026-03-17T11:37:55","slug":"foerderung","status":"publish","type":"page","link":"https:\/\/ljv-sachsen-anhalt.de\/jaegerschaft-saalkreis\/foerderung\/","title":{"rendered":"F\u00f6rderung"},"content":{"rendered":"<div class=\"wpb-content-wrapper\"><p>[vc_row][vc_column width=&#8220;2\/3&#8243;][vc_column_text css=&#8220;&#8220;]Die F\u00f6rderung des Jagdhundwesens ist ein wichtiger Baustein zur Sicherung einer tierschutzgerechten und effektiven Jagdaus\u00fcbung. Gut ausgebildete Jagdgebrauchshunde sind unverzichtbare Helfer im Revier \u2013 sei es bei der Nachsuche, der Wasserarbeit oder im St\u00f6bereinsatz. Um Ausbildung, Pr\u00fcfung und Einsatz dieser Hunde zu unterst\u00fctzen, stehen J\u00e4gerinnen und J\u00e4gern verschiedene F\u00f6rderm\u00f6glichkeiten zur Verf\u00fcgung.<\/p>\n<p>Grunds\u00e4tzlich gilt: F\u00f6rderm\u00f6glichkeiten unterliegen h\u00e4ufig bestimmten Voraussetzungen und sind teilweise an Fristen gebunden. Eine fr\u00fchzeitige Information und sorgf\u00e4ltige Antragstellung sind daher empfehlenswert. Die genannten Institutionen stellen hierzu weiterf\u00fchrende Informationen, Ansprechpartner und entsprechende Unterlagen bereit.<\/p>\n<p>Die Inanspruchnahme von F\u00f6rderungen tr\u00e4gt dazu bei, die Qualit\u00e4t der Jagdhundeausbildung langfristig zu sichern und engagierte Hundef\u00fchrer zu unterst\u00fctzen \u2013 ein Gewinn f\u00fcr die Jagdpraxis, den Tierschutz und die nachhaltige Hege.[\/vc_column_text][vc_tta_accordion style=&#8220;outline&#8220; color=&#8220;green&#8220; active_section=&#8220;99&#8243; no_fill=&#8220;true&#8220; collapsible_all=&#8220;true&#8220;][vc_tta_section title=&#8220;F\u00f6rderung durch den Landesjagdverband&#8220; tab_id=&#8220;1773745413351-be6b7ee8-a7d2&#8243;][vc_column_text css=&#8220;&#8220;]Auf Landesebene bietet der <span class=\"hover:entity-accent entity-underline inline cursor-pointer align-baseline\"><span class=\"whitespace-normal\">Landesjagdverband Sachsen-Anhalt<\/span><\/span> unterschiedliche Unterst\u00fctzungsangebote im Bereich des Jagdhundewesens an. Diese k\u00f6nnen je nach aktueller Ausgestaltung beispielsweise Zusch\u00fcsse zu Pr\u00fcfungen, Ausbildungsma\u00dfnahmen oder besonderen Leistungen umfassen. Interessierte Hundef\u00fchrer sollten sich direkt beim Verband \u00fcber die jeweils geltenden Voraussetzungen und Antragsverfahren informieren.[\/vc_column_text][\/vc_tta_section][vc_tta_section title=&#8220;F\u00f6rderung durch das Landesverwaltungsamt&#8220; tab_id=&#8220;1773745413356-e6f489c6-8718&#8243;][vc_column_text css=&#8220;&#8220;]Dar\u00fcber hinaus stellt auch das <span class=\"hover:entity-accent entity-underline inline cursor-pointer align-baseline\"><span class=\"whitespace-normal\">Landesverwaltungsamt Sachsen-Anhalt<\/span><\/span> F\u00f6rdermittel bereit, die aus der sogenannten Jagdabgabe finanziert werden. Diese Mittel dienen unter anderem der F\u00f6rderung des Jagdhundewesens und k\u00f6nnen f\u00fcr verschiedene Ma\u00dfnahmen rund um Ausbildung und Pr\u00fcfung von Jagdgebrauchshunden beantragt werden. Die genauen F\u00f6rdertatbest\u00e4nde, Fristen und Anforderungen sind den jeweiligen F\u00f6rderrichtlinien zu entnehmen, die regelm\u00e4\u00dfig aktualisiert werden.[\/vc_column_text][\/vc_tta_section][vc_tta_section title=&#8220;F\u00f6rderung durch die J\u00e4gerschaft&#8220; tab_id=&#8220;1773745567941-72d6330a-4fec&#8220;][vc_column_text css=&#8220;&#8220;]Die J\u00e4gerschaft f\u00f6rdert einmalig die bestandene Jagdgebrauchshundpr\u00fcfung. Die Beantragung erfolgt per E-Mail bei unserer Obfrau f\u00fcr das Hundewesen.[\/vc_column_text][\/vc_tta_section][\/vc_tta_accordion][\/vc_column][vc_column width=&#8220;1\/3&#8243;][vc_single_image image=&#8220;2200&#8243; img_size=&#8220;Medium&#8220; alignment=&#8220;center&#8220; onclick=&#8220;custom_link&#8220; img_link_target=&#8220;_blank&#8220; css=&#8220;&#8220; title=&#8220;Jagdhundwesen beim LJV&#8220; link=&#8220;https:\/\/ljv-sachsen-anhalt.de\/jagdhundewesen\/&#8220;][vc_separator css=&#8220;&#8220;][vc_single_image image=&#8220;2201&#8243; img_size=&#8220;medium&#8220; alignment=&#8220;center&#8220; onclick=&#8220;custom_link&#8220; img_link_target=&#8220;_blank&#8220; css=&#8220;&#8220; link=&#8220;https:\/\/lvwa.sachsen-anhalt.de\/das-lvwa\/landwirtschaft-umwelt\/agrarwirtschaft-laendliche-raeume-fischerei-forst-und-jagdhoheit\/forst-und-jagd\/jagdabgabe&#8220; title=&#8220;F\u00f6rderung beim Landesverwaltungsamt&#8220;][vc_separator css=&#8220;&#8220;][vc_single_image image=&#8220;1706&#8243; img_size=&#8220;medium&#8220; alignment=&#8220;center&#8220; onclick=&#8220;custom_link&#8220; img_link_target=&#8220;_blank&#8220; css=&#8220;&#8220; title=&#8220;F\u00f6rderung bei der J\u00e4gerschaft&#8220; link=&#8220;mailto:tpa@jaegerschaft-saalkreis.de?subject=Anfrage F\u00f6rderung(Webseite)&amp;body=Liebe Waidgenossin Patz,&#8220;][\/vc_column][\/vc_row]<\/p>\n<\/div>","protected":false},"excerpt":{"rendered":"<p>[vc_row][vc_column width=&#8220;2\/3&#8243;][vc_column_text css=&#8220;&#8220;]Die F\u00f6rderung des Jagdhundwesens ist ein wichtiger Baustein zur Sicherung einer tierschutzgerechten und effektiven Jagdaus\u00fcbung. Gut ausgebildete Jagdgebrauchshunde sind unverzichtbare Helfer im Revier \u2013 sei es bei der Nachsuche, der Wasserarbeit oder im St\u00f6bereinsatz. Um Ausbildung, Pr\u00fcfung und Einsatz dieser Hunde zu unterst\u00fctzen, stehen J\u00e4gerinnen und J\u00e4gern verschiedene [&hellip;]<\/p>\n","protected":false},"author":10025,"featured_media":1948,"parent":0,"menu_order":0,"comment_status":"closed","ping_status":"closed","template":"","meta":{"footnotes":""},"class_list":["post-1621","page","type-page","status-publish","has-post-thumbnail"],"_links":{"self":[{"href":"https:\/\/ljv-sachsen-anhalt.de\/jaegerschaft-saalkreis\/wp-json\/wp\/v2\/pages\/1621","targetHints":{"allow":["GET"]}}],"collection":[{"href":"https:\/\/ljv-sachsen-anhalt.de\/jaegerschaft-saalkreis\/wp-json\/wp\/v2\/pages"}],"about":[{"href":"https:\/\/ljv-sachsen-anhalt.de\/jaegerschaft-saalkreis\/wp-json\/wp\/v2\/types\/page"}],"author":[{"embeddable":true,"href":"https:\/\/ljv-sachsen-anhalt.de\/jaegerschaft-saalkreis\/wp-json\/wp\/v2\/users\/10025"}],"replies":[{"embeddable":true,"href":"https:\/\/ljv-sachsen-anhalt.de\/jaegerschaft-saalkreis\/wp-json\/wp\/v2\/comments?post=1621"}],"version-history":[{"count":5,"href":"https:\/\/ljv-sachsen-anhalt.de\/jaegerschaft-saalkreis\/wp-json\/wp\/v2\/pages\/1621\/revisions"}],"predecessor-version":[{"id":2206,"href":"https:\/\/ljv-sachsen-anhalt.de\/jaegerschaft-saalkreis\/wp-json\/wp\/v2\/pages\/1621\/revisions\/2206"}],"wp:featuredmedia":[{"embeddable":true,"href":"https:\/\/ljv-sachsen-anhalt.de\/jaegerschaft-saalkreis\/wp-json\/wp\/v2\/media\/1948"}],"wp:attachment":[{"href":"https:\/\/ljv-sachsen-anhalt.de\/jaegerschaft-saalkreis\/wp-json\/wp\/v2\/media?parent=1621"}],"curies":[{"name":"wp","href":"https:\/\/api.w.org\/{rel}","templated":true}]}}