{"id":1628,"date":"2025-11-13T14:57:44","date_gmt":"2025-11-13T13:57:44","guid":{"rendered":"https:\/\/ljv-sachsen-anhalt.de\/jaegerschaft-saalkreis\/?page_id=1628"},"modified":"2026-03-16T17:47:11","modified_gmt":"2026-03-16T16:47:11","slug":"foerderung-2","status":"publish","type":"page","link":"https:\/\/ljv-sachsen-anhalt.de\/jaegerschaft-saalkreis\/foerderung-2\/","title":{"rendered":"F\u00f6rderung"},"content":{"rendered":"<div class=\"wpb-content-wrapper\"><p>[vc_row][vc_column][vc_column_text css=&#8220;&#8220;]Hier folgen demn\u00e4chst Informationen zu F\u00f6rderm\u00f6glichkeiten.[\/vc_column_text][\/vc_column][\/vc_row]<\/p>\n<\/div>","protected":false},"excerpt":{"rendered":"<p>[vc_row][vc_column][vc_column_text css=&#8220;&#8220;]Hier folgen demn\u00e4chst Informationen zu F\u00f6rderm\u00f6glichkeiten.[\/vc_column_text][\/vc_column][\/vc_row]<\/p>\n","protected":false},"author":10025,"featured_media":393,"parent":0,"menu_order":0,"comment_status":"closed","ping_status":"closed","template":"","meta":{"footnotes":""},"class_list":["post-1628","page","type-page","status-publish","has-post-thumbnail"],"_links":{"self":[{"href":"https:\/\/ljv-sachsen-anhalt.de\/jaegerschaft-saalkreis\/wp-json\/wp\/v2\/pages\/1628","targetHints":{"allow":["GET"]}}],"collection":[{"href":"https:\/\/ljv-sachsen-anhalt.de\/jaegerschaft-saalkreis\/wp-json\/wp\/v2\/pages"}],"about":[{"href":"https:\/\/ljv-sachsen-anhalt.de\/jaegerschaft-saalkreis\/wp-json\/wp\/v2\/types\/page"}],"author":[{"embeddable":true,"href":"https:\/\/ljv-sachsen-anhalt.de\/jaegerschaft-saalkreis\/wp-json\/wp\/v2\/users\/10025"}],"replies":[{"embeddable":true,"href":"https:\/\/ljv-sachsen-anhalt.de\/jaegerschaft-saalkreis\/wp-json\/wp\/v2\/comments?post=1628"}],"version-history":[{"count":2,"href":"https:\/\/ljv-sachsen-anhalt.de\/jaegerschaft-saalkreis\/wp-json\/wp\/v2\/pages\/1628\/revisions"}],"predecessor-version":[{"id":2191,"href":"https:\/\/ljv-sachsen-anhalt.de\/jaegerschaft-saalkreis\/wp-json\/wp\/v2\/pages\/1628\/revisions\/2191"}],"wp:featuredmedia":[{"embeddable":true,"href":"https:\/\/ljv-sachsen-anhalt.de\/jaegerschaft-saalkreis\/wp-json\/wp\/v2\/media\/393"}],"wp:attachment":[{"href":"https:\/\/ljv-sachsen-anhalt.de\/jaegerschaft-saalkreis\/wp-json\/wp\/v2\/media?parent=1628"}],"curies":[{"name":"wp","href":"https:\/\/api.w.org\/{rel}","templated":true}]}}