{"id":2,"date":"2019-09-09T18:55:36","date_gmt":"2019-09-09T16:55:36","guid":{"rendered":"http:\/\/wp.ljv-sachsen-anhalt.de\/jaegerschaft-saalkreis\/?page_id=2"},"modified":"2026-03-28T07:16:19","modified_gmt":"2026-03-28T06:16:19","slug":"home","status":"publish","type":"page","link":"https:\/\/ljv-sachsen-anhalt.de\/jaegerschaft-saalkreis\/","title":{"rendered":"Home"},"content":{"rendered":"<div class=\"wpb-content-wrapper\"><p>[vc_row][vc_column width=&#8220;1\/2&#8243;][vc_empty_space][vc_column_text css=&#8220;&#8220;]<\/p>\n<h2>Herzlich willkommen bei der J\u00e4gerschaft Saalkreis e.V.<\/h2>\n<p>Informieren Sie sich hier \u00fcber Neuigkeiten aus unserer J\u00e4gerschaft sowie rund um das Thema Jagd in Deutschland und Sachsen-Anhalt. Ob Mitglieder oder Interessierte \u2013 entdecken Sie aktuelle Beitr\u00e4ge, Termine, Tipps und Wissenswertes zur Jagd, Naturschutz und gemeinschaftlichem Jagen.[\/vc_column_text][\/vc_column][vc_column width=&#8220;1\/2&#8243;][vc_hoverbox image=&#8220;1647&#8243; primary_title=&#8220;Was tun bei einem Wildunfall?&#8220; primary_title_font_container=&#8220;color:%23FFFFFF&#8220; primary_title_use_theme_fonts=&#8220;yes&#8220; hover_title=&#8220;Was tun, wenns gekracht hat?&#8220; hover_background_color=&#8220;custom&#8220; hover_btn_title=&#8220;Verhalten bei Wildunf\u00e4llen&#8220; hover_btn_color=&#8220;green&#8220; use_custom_fonts_primary_title=&#8220;true&#8220; hover_add_button=&#8220;true&#8220; hover_btn_link=&#8220;url:https%3A%2F%2Fljv-sachsen-anhalt.de%2Fjaegerschaft-saalkreis%2Fwildunfall-was-tun%2F|title:Schwei%C3%9Fhunde&#8220;]Ist es trotz vorausschauender und den Bedingungen angepasster Fahrweise zu einem Wildunfall gekommen, haben wir hier einige Informationen zum richtigen Verhalten zusammengestellt.<\/p>\n<p>&nbsp;<\/p>\n<p>[\/vc_hoverbox][\/vc_column][\/vc_row][vc_row][vc_column][vc_empty_space][vc_separator][\/vc_column][\/vc_row][vc_row equal_height=&#8220;yes&#8220;][vc_column][vc_basic_grid post_type=&#8220;post&#8220; max_items=&#8220;3&#8243; show_filter=&#8220;yes&#8220; gap=&#8220;35&#8243; filter_color=&#8220;green&#8220; filter_size=&#8220;lg&#8220; item=&#8220;1930&#8243; css=&#8220;&#8220; btn_shadow_types=&#8220;none&#8220; btn_shadow_str=&#8220;2&#8243; btn_hover_anim=&#8220;&#8220; btn_hover_anim_color=&#8220;#ffffff&#8220; btn_hover_anim_move=&#8220;10&#8243; btn_hover_anim_move_hide_start=&#8220;&#8220; btn_hover_anim_move_hide_end=&#8220;&#8220; btn_hover_anim_move_before=&#8220;&#8220; btn_hover_anim_scale=&#8220;1.07&#8243; btn_hover_anim_speed=&#8220;normal&#8220; btn_hover_anim_delay=&#8220;0&#8243; grid_id=&#8220;vc_gid:1774678554930-b61bf79e-d568-9&#8243; taxonomies=&#8220;8, 19, 18&#8243; filter_source=&#8220;category&#8220; exclude_filter=&#8220;23, 24, 25, 26, 27, 28, 29, 30, 31&#8243;][\/vc_column][\/vc_row]<\/p>\n<\/div>","protected":false},"excerpt":{"rendered":"<p>[vc_row][vc_column width=&#8220;1\/2&#8243;][vc_empty_space][vc_column_text css=&#8220;&#8220;] Herzlich willkommen bei der J\u00e4gerschaft Saalkreis e.V. Informieren Sie sich hier \u00fcber Neuigkeiten aus unserer J\u00e4gerschaft sowie rund um das Thema Jagd in Deutschland und Sachsen-Anhalt. Ob Mitglieder oder Interessierte \u2013 entdecken Sie aktuelle Beitr\u00e4ge, Termine, Tipps und Wissenswertes zur Jagd, Naturschutz und gemeinschaftlichem Jagen.[\/vc_column_text][\/vc_column][vc_column width=&#8220;1\/2&#8243;][vc_hoverbox image=&#8220;1647&#8243; [&hellip;]<\/p>\n","protected":false},"author":1,"featured_media":393,"parent":0,"menu_order":0,"comment_status":"closed","ping_status":"closed","template":"","meta":{"footnotes":""},"class_list":["post-2","page","type-page","status-publish","has-post-thumbnail"],"_links":{"self":[{"href":"https:\/\/ljv-sachsen-anhalt.de\/jaegerschaft-saalkreis\/wp-json\/wp\/v2\/pages\/2","targetHints":{"allow":["GET"]}}],"collection":[{"href":"https:\/\/ljv-sachsen-anhalt.de\/jaegerschaft-saalkreis\/wp-json\/wp\/v2\/pages"}],"about":[{"href":"https:\/\/ljv-sachsen-anhalt.de\/jaegerschaft-saalkreis\/wp-json\/wp\/v2\/types\/page"}],"author":[{"embeddable":true,"href":"https:\/\/ljv-sachsen-anhalt.de\/jaegerschaft-saalkreis\/wp-json\/wp\/v2\/users\/1"}],"replies":[{"embeddable":true,"href":"https:\/\/ljv-sachsen-anhalt.de\/jaegerschaft-saalkreis\/wp-json\/wp\/v2\/comments?post=2"}],"version-history":[{"count":14,"href":"https:\/\/ljv-sachsen-anhalt.de\/jaegerschaft-saalkreis\/wp-json\/wp\/v2\/pages\/2\/revisions"}],"predecessor-version":[{"id":2229,"href":"https:\/\/ljv-sachsen-anhalt.de\/jaegerschaft-saalkreis\/wp-json\/wp\/v2\/pages\/2\/revisions\/2229"}],"wp:featuredmedia":[{"embeddable":true,"href":"https:\/\/ljv-sachsen-anhalt.de\/jaegerschaft-saalkreis\/wp-json\/wp\/v2\/media\/393"}],"wp:attachment":[{"href":"https:\/\/ljv-sachsen-anhalt.de\/jaegerschaft-saalkreis\/wp-json\/wp\/v2\/media?parent=2"}],"curies":[{"name":"wp","href":"https:\/\/api.w.org\/{rel}","templated":true}]}}