{"id":226,"date":"2020-01-27T20:46:44","date_gmt":"2020-01-27T19:46:44","guid":{"rendered":"http:\/\/wp.ljv-sachsen-anhalt.de\/jaegerschaft-saalkreis\/?page_id=226"},"modified":"2025-11-14T11:56:33","modified_gmt":"2025-11-14T10:56:33","slug":"kontakt","status":"publish","type":"page","link":"https:\/\/ljv-sachsen-anhalt.de\/jaegerschaft-saalkreis\/kontakt\/","title":{"rendered":"Kontakt"},"content":{"rendered":"<div class=\"wpb-content-wrapper\"><p>[vc_row][vc_column width=&#8220;1\/12&#8243;][\/vc_column][vc_column width=&#8220;3\/12&#8243;][vc_column_text css=&#8220;&#8220;]<\/p>\n<h4>Kontaktdaten<\/h4>\n<p style=\"text-align: left;\"><strong>J\u00e4gerschaft Saalkreis e. V.<\/strong><\/p>\n<p>Vorsitzender: Johannes Hertema<\/p>\n<p>K\u00f6nnersche Str. 36c<\/p>\n<p>06193 Wettin-L\u00f6bej\u00fcn OT Wettin<\/p>\n<p>E-Mail: info(at)jaegerschaft-saalkreis.de<\/p>\n<h4>Bankverbindung J\u00e4gerschaft<\/h4>\n<p>Volksbank Halle<\/p>\n<p>IBAN: DE 0780 0937 8400 0103 4197<\/p>\n<p>BIC:\u00a0 GENODEF1HAL[\/vc_column_text][\/vc_column][vc_column width=&#8220;7\/12&#8243;][vc_column_text]<\/p>\n<h4>Kontaktformular<\/h4>\n<p>Bei Fragen und Anregungen k\u00f6nnen Sie uns \u00fcber folgendes Formular kontaktieren:<\/p>\n<div class=\"wpcf7 no-js\" id=\"wpcf7-f225-o1\" lang=\"de-DE\" dir=\"ltr\" data-wpcf7-id=\"225\">\n<div class=\"screen-reader-response\"><p role=\"status\" aria-live=\"polite\" aria-atomic=\"true\"><\/p> <ul><\/ul><\/div>\n<form action=\"\/jaegerschaft-saalkreis\/wp-json\/wp\/v2\/pages\/226#wpcf7-f225-o1\" method=\"post\" class=\"wpcf7-form init wpcf7-acceptance-as-validation\" aria-label=\"Kontaktformular\" novalidate=\"novalidate\" data-status=\"init\">\n<fieldset class=\"hidden-fields-container\"><input type=\"hidden\" name=\"_wpcf7\" value=\"225\" \/><input type=\"hidden\" name=\"_wpcf7_version\" value=\"6.1.5\" \/><input type=\"hidden\" name=\"_wpcf7_locale\" value=\"de_DE\" \/><input type=\"hidden\" name=\"_wpcf7_unit_tag\" value=\"wpcf7-f225-o1\" \/><input type=\"hidden\" name=\"_wpcf7_container_post\" value=\"0\" \/><input type=\"hidden\" name=\"_wpcf7_posted_data_hash\" value=\"\" \/>\n<\/fieldset>\n<div class=\"row\">\n\t<div class=\"col-xs-12 col-md-6\">\n\t\t<p><span>Name *<\/span><span class=\"wpcf7-form-control-wrap\" data-name=\"your-name\"><input size=\"40\" maxlength=\"400\" class=\"wpcf7-form-control wpcf7-text wpcf7-validates-as-required\" aria-required=\"true\" aria-invalid=\"false\" placeholder=\"Ihr Name\" value=\"\" type=\"text\" name=\"your-name\" \/><\/span><br \/>\n<span>Email *<\/span><span class=\"wpcf7-form-control-wrap\" data-name=\"your-email\"><input size=\"40\" maxlength=\"400\" class=\"wpcf7-form-control wpcf7-email wpcf7-validates-as-required wpcf7-text wpcf7-validates-as-email\" aria-required=\"true\" aria-invalid=\"false\" placeholder=\"Ihre Email Adresse\" value=\"\" type=\"email\" name=\"your-email\" \/><\/span><br \/>\n<span>Telefon *<\/span><span class=\"wpcf7-form-control-wrap\" data-name=\"your-phone\"><input size=\"40\" maxlength=\"400\" class=\"wpcf7-form-control wpcf7-tel wpcf7-validates-as-required wpcf7-text wpcf7-validates-as-tel\" aria-required=\"true\" aria-invalid=\"false\" placeholder=\"Ihre Telefonnummer\" value=\"\" type=\"tel\" name=\"your-phone\" \/><\/span><br \/>\n<span id=\"wpcf7-69d215a3793f0-wrapper\" class=\"wpcf7-form-control-wrap organisation-wrap\" style=\"display:none !important; visibility:hidden !important;\"><label for=\"wpcf7-69d215a3793f0-field\" class=\"hp-message\">Bitte lasse dieses Feld leer.<\/label><input id=\"wpcf7-69d215a3793f0-field\"  class=\"wpcf7-form-control wpcf7-text\" type=\"text\" name=\"organisation\" value=\"\" size=\"40\" tabindex=\"-1\" autocomplete=\"new-password\" \/><\/span><br \/>\n<span id=\"wpcf7-69d215a37940e-wrapper\" class=\"wpcf7-form-control-wrap position-email-wrap\" style=\"display:none !important; visibility:hidden !important;\"><label for=\"wpcf7-69d215a37940e-field\" class=\"hp-message\">Bitte lasse dieses Feld leer.<\/label><input id=\"wpcf7-69d215a37940e-field\"  class=\"wpcf7-form-control wpcf7-text\" type=\"text\" name=\"position-email\" value=\"\" size=\"40\" tabindex=\"-1\" autocomplete=\"new-password\" \/><\/span><br \/>\n<span id=\"wpcf7-69d215a379421-wrapper\" class=\"wpcf7-form-control-wrap adress-local-wrap\" style=\"display:none !important; visibility:hidden !important;\"><label for=\"wpcf7-69d215a379421-field\" class=\"hp-message\">Bitte lasse dieses Feld leer.<\/label><input id=\"wpcf7-69d215a379421-field\"  class=\"wpcf7-form-control wpcf7-text\" type=\"text\" name=\"adress-local\" value=\"\" size=\"40\" tabindex=\"-1\" autocomplete=\"new-password\" \/><\/span>\n\t\t<\/p>\n\t\t<p>Anti-Spam - Bitte beantworten:<br \/>\n<span class=\"wpcf7-form-control-wrap\" data-name=\"quiz-952\"><label><span class=\"wpcf7-quiz-label\">Wie hei\u00dft die Landeshauptstadt von Sachsen-Anhalt?<\/span> <input size=\"40\" class=\"wpcf7-form-control wpcf7-quiz\" autocomplete=\"off\" aria-required=\"true\" aria-invalid=\"false\" type=\"text\" name=\"quiz-952\" \/><\/label><input type=\"hidden\" name=\"_wpcf7_quiz_answer_quiz-952\" value=\"47bb82aa17c86df8eb243e07f98162be\" \/><\/span>\n\t\t<\/p>\n\t<\/div>\n\t<div class=\"col-xs-12 col-md-6\">\n\t\t<p><span>Betreff<\/span><span class=\"wpcf7-form-control-wrap\" data-name=\"your-subject\"><input size=\"40\" maxlength=\"400\" class=\"wpcf7-form-control wpcf7-text\" aria-invalid=\"false\" placeholder=\"Betreff Ihrer Anfrage\" value=\"\" type=\"text\" name=\"your-subject\" \/><\/span><br \/>\n<span>Ihre Nachricht an Uns *<\/span><span class=\"wpcf7-form-control-wrap\" data-name=\"your-message\"><textarea cols=\"40\" rows=\"10\" maxlength=\"2000\" class=\"wpcf7-form-control wpcf7-textarea\" aria-invalid=\"false\" placeholder=\"Ihre Nachricht..\" name=\"your-message\"><\/textarea><\/span><input class=\"wpcf7-form-control wpcf7-submit has-spinner btn btn-primary\" type=\"submit\" value=\"Nachricht senden\" \/>\n\t\t<\/p>\n\t<\/div>\n<\/div>\n<p class=\"datenschutz\"><br \/>\n<strong>Zustimmung zur Datenverarbeitung entsprechend DSGVO:<\/strong><br \/>\n<span class=\"wpcf7-form-control-wrap\" data-name=\"zustimmungdatenschutz\"><span class=\"wpcf7-form-control wpcf7-acceptance\"><span class=\"wpcf7-list-item\"><label><input type=\"checkbox\" name=\"zustimmungdatenschutz\" value=\"1\" aria-invalid=\"false\" \/><span class=\"wpcf7-list-item-label\">Ich stimme zu, dass meine Angaben aus dem Kontaktformular zur Beantwortung meiner Anfrage erhoben und verarbeitet werden. Die Daten werden f\u00fcr 10 Jahre gespeichert oder auf Wunsch gel\u00f6scht.\nHinweis: Sie k\u00f6nnen Ihre Einwilligung jederzeit f\u00fcr die Zukunft per E-Mail widerrufen. Detaillierte Informationen zum Umgang mit Nutzerdaten finden Sie in unserer <a href=\"https:\/\/ljv-sachsen-anhalt.de\/?page_id=1109\">Datenschutzerkl\u00e4rung<\/a>.<\/span><\/label><\/span><\/span><\/span>\n<\/p><div class=\"wpcf7-response-output\" aria-hidden=\"true\"><\/div>\n<\/form>\n<\/div>\n[\/vc_column_text][\/vc_column][vc_column width=&#8220;1\/12&#8243;][\/vc_column][\/vc_row][vc_row][vc_column][vc_goo_maps location=&#8220;Saalekreis&#8220; css=&#8220;&#8220;][\/vc_column][\/vc_row]<\/p>\n<\/div>","protected":false},"excerpt":{"rendered":"<p>[vc_row][vc_column width=&#8220;1\/12&#8243;][\/vc_column][vc_column width=&#8220;3\/12&#8243;][vc_column_text css=&#8220;&#8220;] Kontaktdaten J\u00e4gerschaft Saalkreis e. V. Vorsitzender: Johannes Hertema K\u00f6nnersche Str. 36c 06193 Wettin-L\u00f6bej\u00fcn OT Wettin E-Mail: info(at)jaegerschaft-saalkreis.de Bankverbindung J\u00e4gerschaft Volksbank Halle IBAN: DE 0780 0937 8400 0103 4197 BIC:\u00a0 GENODEF1HAL[\/vc_column_text][\/vc_column][vc_column width=&#8220;7\/12&#8243;][vc_column_text] Kontaktformular Bei Fragen und Anregungen k\u00f6nnen Sie uns \u00fcber folgendes Formular kontaktieren: [\/vc_column_text][\/vc_column][vc_column width=&#8220;1\/12&#8243;][\/vc_column][\/vc_row][vc_row][vc_column][vc_goo_maps location=&#8220;Saalekreis&#8220; [&hellip;]<\/p>\n","protected":false},"author":1,"featured_media":393,"parent":0,"menu_order":0,"comment_status":"closed","ping_status":"closed","template":"","meta":{"footnotes":""},"class_list":["post-226","page","type-page","status-publish","has-post-thumbnail"],"_links":{"self":[{"href":"https:\/\/ljv-sachsen-anhalt.de\/jaegerschaft-saalkreis\/wp-json\/wp\/v2\/pages\/226","targetHints":{"allow":["GET"]}}],"collection":[{"href":"https:\/\/ljv-sachsen-anhalt.de\/jaegerschaft-saalkreis\/wp-json\/wp\/v2\/pages"}],"about":[{"href":"https:\/\/ljv-sachsen-anhalt.de\/jaegerschaft-saalkreis\/wp-json\/wp\/v2\/types\/page"}],"author":[{"embeddable":true,"href":"https:\/\/ljv-sachsen-anhalt.de\/jaegerschaft-saalkreis\/wp-json\/wp\/v2\/users\/1"}],"replies":[{"embeddable":true,"href":"https:\/\/ljv-sachsen-anhalt.de\/jaegerschaft-saalkreis\/wp-json\/wp\/v2\/comments?post=226"}],"version-history":[{"count":12,"href":"https:\/\/ljv-sachsen-anhalt.de\/jaegerschaft-saalkreis\/wp-json\/wp\/v2\/pages\/226\/revisions"}],"predecessor-version":[{"id":1643,"href":"https:\/\/ljv-sachsen-anhalt.de\/jaegerschaft-saalkreis\/wp-json\/wp\/v2\/pages\/226\/revisions\/1643"}],"wp:featuredmedia":[{"embeddable":true,"href":"https:\/\/ljv-sachsen-anhalt.de\/jaegerschaft-saalkreis\/wp-json\/wp\/v2\/media\/393"}],"wp:attachment":[{"href":"https:\/\/ljv-sachsen-anhalt.de\/jaegerschaft-saalkreis\/wp-json\/wp\/v2\/media?parent=226"}],"curies":[{"name":"wp","href":"https:\/\/api.w.org\/{rel}","templated":true}]}}